{"id":181,"date":"2022-04-04T16:20:35","date_gmt":"2022-04-04T14:20:35","guid":{"rendered":"https:\/\/roulettes.vaniseo.top\/index.php\/produit\/stickers-autocollant-elephant-au-bain\/"},"modified":"2022-04-04T17:17:17","modified_gmt":"2022-04-04T15:17:17","slug":"stickers-autocollant-elephant-au-bain","status":"publish","type":"product","link":"https:\/\/roulettes.vaniseo.top\/index.php\/produit\/stickers-autocollant-elephant-au-bain\/","title":{"rendered":"stickers autocollant \u00e9l\u00e9phant au bain"},"content":{"rendered":"<h4>Kit comprenant pat\u00e8res et stickers \u00e9l\u00e9phant dans son bain.<\/h4>\n<p>_x000D_n<strong>Stickers autocollant<\/strong> <em><strong>\u00e9l\u00e9phant au bain<\/strong><\/em> pour chambre d&rsquo;enfant._x000D_n_x000D_nCes 4 pat\u00e8res autocollantes\u00a0en forme de bulles smiley\u00a0peuvent se positionner dans les univers de la chambre d&rsquo;enfant ou de la salle de bain._x000D_n_x000D_nElles sont\u00a0\u00e0 coller partout o\u00f9 vous en avez besoin._x000D_n_x000D_nCe kit comportent des stickers waterproof\u00a0et des pat\u00e8res en plastique avec un syst\u00e8me d&rsquo;accrochage de patin autocollant qui supporte jusqu&rsquo;\u00e0 2 kg._x000D_n_x000D_nId\u00e9ales dans la chambre de b\u00e9b\u00e9 elles apporteront une touche de modernit\u00e9\u00a0\u00e0 votre univers._x000D_n_x000D_nElles sont facile \u00e0 poser et ne n\u00e9cessite aucun outils._x000D_n<\/p>\n<h4>Dimensions :<\/h4>\n<p>_x000D_n<\/p>\n<ul>_x000D_n \t<\/p>\n<li>Chaque bulle\u00a0diam\u00e8tre 6,5 cm<\/li>\n<p>_x000D_n \t<\/p>\n<li>Ecartement du crochet du mur 2,2 cm<\/li>\n<p>_x000D_n<\/ul>\n","protected":false},"excerpt":{"rendered":"<p>Kit de pat\u00e8res et <strong>stickers autocollant<\/strong> <em><strong>\u00e9l\u00e9phant dans son bain<\/strong><\/em> pour chambre d&rsquo;enfant.\u00a0Ces 4 pat\u00e8res autocollantes en forme de bulles smiley peuvent se positionner dans les univers de la chambre d&rsquo;enfant ou de la salle de bain.\u00a0Elles sont \u00e0 coller partout o\u00f9 vous en avez besoin.<\/p>\n","protected":false},"featured_media":1179,"comment_status":"closed","ping_status":"open","template":"","meta":[],"product_cat":[16,17],"product_tag":[31],"class_list":["post-181","product","type-product","status-publish","has-post-thumbnail","hentry","product_cat-chambre-enfant","product_cat-salle-de-bain","product_tag-crochet-patere-patere-design-patere-murale-patere-porte-pateres-porte-manteau-porte-serviette-porte-torchon","description-off"],"_links":{"self":[{"href":"https:\/\/roulettes.vaniseo.top\/index.php\/wp-json\/wp\/v2\/product\/181","targetHints":{"allow":["GET"]}}],"collection":[{"href":"https:\/\/roulettes.vaniseo.top\/index.php\/wp-json\/wp\/v2\/product"}],"about":[{"href":"https:\/\/roulettes.vaniseo.top\/index.php\/wp-json\/wp\/v2\/types\/product"}],"replies":[{"embeddable":true,"href":"https:\/\/roulettes.vaniseo.top\/index.php\/wp-json\/wp\/v2\/comments?post=181"}],"version-history":[{"count":0,"href":"https:\/\/roulettes.vaniseo.top\/index.php\/wp-json\/wp\/v2\/product\/181\/revisions"}],"wp:featuredmedia":[{"embeddable":true,"href":"https:\/\/roulettes.vaniseo.top\/index.php\/wp-json\/wp\/v2\/media\/1179"}],"wp:attachment":[{"href":"https:\/\/roulettes.vaniseo.top\/index.php\/wp-json\/wp\/v2\/media?parent=181"}],"wp:term":[{"taxonomy":"product_cat","embeddable":true,"href":"https:\/\/roulettes.vaniseo.top\/index.php\/wp-json\/wp\/v2\/product_cat?post=181"},{"taxonomy":"product_tag","embeddable":true,"href":"https:\/\/roulettes.vaniseo.top\/index.php\/wp-json\/wp\/v2\/product_tag?post=181"}],"curies":[{"name":"wp","href":"https:\/\/api.w.org\/{rel}","templated":true}]}}