{"id":182,"date":"2022-04-04T16:20:35","date_gmt":"2022-04-04T14:20:35","guid":{"rendered":"https:\/\/roulettes.vaniseo.top\/index.php\/produit\/pateres-et-stickers-autocollant-oiseaux-chantant\/"},"modified":"2022-04-04T17:17:19","modified_gmt":"2022-04-04T15:17:19","slug":"pateres-et-stickers-autocollant-oiseaux-chantant","status":"publish","type":"product","link":"https:\/\/roulettes.vaniseo.top\/index.php\/produit\/pateres-et-stickers-autocollant-oiseaux-chantant\/","title":{"rendered":"Pat\u00e8res et stickers autocollant oiseaux chantant"},"content":{"rendered":"<h4>Pat\u00e8res avec d\u00e9cors oiseaux chantant.<\/h4>\n<p>_x000D_nPat\u00e8res et stickers autocollant <em><strong>oiseaux chantant<\/strong><\/em> sur une branche\u00a0pour chambre d&rsquo;enfant._x000D_n_x000D_nCes <strong>4 pat\u00e8res autocollantes<\/strong>\u00a0en forme d&rsquo;oiseau peuvent se positionner dans les univers de la chambre d&rsquo;enfant ou de la salle de bain._x000D_n_x000D_nElles sont\u00a0\u00e0 coller partout o\u00f9 vous en avez besoin._x000D_n_x000D_nLe kit comportent des stickers waterproof\u00a0et des pat\u00e8res en plastique avec un syst\u00e8me d&rsquo;accrochage de patin autocollant qui supporte jusqu&rsquo;\u00e0 2 kg._x000D_n_x000D_nId\u00e9ales dans la chambre de b\u00e9b\u00e9 elles apporteront une touche de modernit\u00e9\u00a0\u00e0 votre univers._x000D_n_x000D_nElles sont facile \u00e0 poser et ne n\u00e9cessite aucun outils._x000D_n<\/p>\n<h4>Dimensions :<\/h4>\n<p>_x000D_n<\/p>\n<ul>_x000D_n \t<\/p>\n<li>Chaque oiseau\u00a0diam\u00e8tre 6,5 cm<\/li>\n<p>_x000D_n \t<\/p>\n<li>Ecartement du crochet du mur 2,2 cm<\/li>\n<p>_x000D_n<\/ul>\n","protected":false},"excerpt":{"rendered":"<p>Kit comprenant des <strong>pat\u00e8res et stickers autocollant<\/strong> <em><strong>oiseaux chantant<\/strong><\/em> pour chambre d&rsquo;enfant.\u00a0Ces 4 pat\u00e8res autocollantes en forme d&rsquo;oiseau peuvent se positionner dans les univers de la chambre d&rsquo;enfant ou de la salle de bain.\u00a0Elles sont \u00e0 coller partout o\u00f9 vous en avez besoin.<\/p>\n","protected":false},"featured_media":1183,"comment_status":"closed","ping_status":"open","template":"","meta":[],"product_cat":[16],"product_tag":[31],"class_list":["post-182","product","type-product","status-publish","has-post-thumbnail","hentry","product_cat-chambre-enfant","product_tag-crochet-patere-patere-design-patere-murale-patere-porte-pateres-porte-manteau-porte-serviette-porte-torchon","description-off"],"_links":{"self":[{"href":"https:\/\/roulettes.vaniseo.top\/index.php\/wp-json\/wp\/v2\/product\/182","targetHints":{"allow":["GET"]}}],"collection":[{"href":"https:\/\/roulettes.vaniseo.top\/index.php\/wp-json\/wp\/v2\/product"}],"about":[{"href":"https:\/\/roulettes.vaniseo.top\/index.php\/wp-json\/wp\/v2\/types\/product"}],"replies":[{"embeddable":true,"href":"https:\/\/roulettes.vaniseo.top\/index.php\/wp-json\/wp\/v2\/comments?post=182"}],"version-history":[{"count":0,"href":"https:\/\/roulettes.vaniseo.top\/index.php\/wp-json\/wp\/v2\/product\/182\/revisions"}],"wp:featuredmedia":[{"embeddable":true,"href":"https:\/\/roulettes.vaniseo.top\/index.php\/wp-json\/wp\/v2\/media\/1183"}],"wp:attachment":[{"href":"https:\/\/roulettes.vaniseo.top\/index.php\/wp-json\/wp\/v2\/media?parent=182"}],"wp:term":[{"taxonomy":"product_cat","embeddable":true,"href":"https:\/\/roulettes.vaniseo.top\/index.php\/wp-json\/wp\/v2\/product_cat?post=182"},{"taxonomy":"product_tag","embeddable":true,"href":"https:\/\/roulettes.vaniseo.top\/index.php\/wp-json\/wp\/v2\/product_tag?post=182"}],"curies":[{"name":"wp","href":"https:\/\/api.w.org\/{rel}","templated":true}]}}