{"id":184,"date":"2022-04-04T16:20:35","date_gmt":"2022-04-04T14:20:35","guid":{"rendered":"https:\/\/roulettes.vaniseo.top\/index.php\/produit\/porte-manteau-design-noir-ville-umbra\/"},"modified":"2022-04-04T17:17:20","modified_gmt":"2022-04-04T15:17:20","slug":"porte-manteau-design-noir-ville-umbra","status":"publish","type":"product","link":"https:\/\/roulettes.vaniseo.top\/index.php\/produit\/porte-manteau-design-noir-ville-umbra\/","title":{"rendered":"Porte manteau design noir ville UMBRA"},"content":{"rendered":"<h3>Porte manteau noir SKYLINE UMBRA<\/h3>\n<p>_x000D_nD\u00e9couvrez ici le <strong>porte manteau noir<\/strong> en forme de <strong>skyline<\/strong> d&rsquo;une\u00a0<em><strong>ville<\/strong><\/em>,\u00a0de la marque <a href=\"https:\/\/1001pateres.com\/brand\/umbra\/\"><strong>UMBRA<\/strong><\/a>._x000D_n_x000D_nCette marque <a href=\"https:\/\/www.umbra.com\" target=\"_blank\" rel=\"noopener noreferrer\">Umbra<\/a> est canadienne. Elle cr\u00e9e des pat\u00e8res murales \u00e0 la fois pratique et \u00e9l\u00e9gante. Tout comme la collection <a href=\"https:\/\/1001pateres.com\/produit\/porte-manteaux-sticks-umbra-noir\/\">Sticks<\/a>, cette collection SKYLINE utilise le concept de <strong>pat\u00e8re d\u00e9ployante<\/strong> sur un support joliment design\u00e9. Retrouvez d&rsquo;ailleurs cette r\u00e9f\u00e9rence de porte manteau en couleur <a href=\"https:\/\/1001pateres.com\/produit\/porte-manteaux-ville-umbra-blanc\/\">blanche<\/a>\u00a0\u00e9galement._x000D_n<\/p>\n<h3>Porte manteau design noir: descriptif technique<\/h3>\n<p>_x000D_nCe porte manteau design noir comporte <strong>5 pat\u00e8res d\u00e9ployantes<\/strong> sur un fond d\u00e9cor\u00e9 en forme de ville \u00e0 l&rsquo;horizon. En <strong>plastique dur teint\u00e9 en noir<\/strong>, il s&rsquo;installe au mur simplement et facilement. Vous pourrez gr\u00e2ce \u00e0 lui habiller n&rsquo;importe quel mur de votre maison ou entreprise, avec <strong>modernit\u00e9 et \u00e9l\u00e9gance<\/strong>. Utilis\u00e9 pour suspendre vos v\u00eatements, il apportera de la clart\u00e9 et du rangement. Vide, il permettra de d\u00e9corer votre mur comme le ferait un cadre. Rentrant compl\u00e9tement dans un style urbain, ce porte manteau design s&rsquo;int\u00e9grera avec go\u00fbt \u00e0 votre int\u00e9rieur._x000D_n_x000D_nAussi, son<strong> syst\u00e8me d&rsquo;accrochage<\/strong> est simple. Celui-ci est encastr\u00e9 dans le plastique dur. Une fois install\u00e9 sur le mur, il sera donc <strong>non visible<\/strong>. Pour sa fixation au mur, il vous faudra 3 vis. Ces<strong> vis et chevilles n\u00e9cessaires sont fournies<\/strong> avec le porte manteau. Enfin, pour percer et visser, il vous faudra <strong>vous munir d&rsquo;une perceuse<\/strong>._x000D_n<\/p>\n<h4>Dimensions du porte manteau noir Umbra<\/h4>\n<p>_x000D_nEnfin, d\u00e9couvrez ci dessous l&rsquo;ensemble des dimensions de ce porte manteau design noir Umbra. Gr\u00e2ce \u00e0 elle, vous pourrez v\u00e9rifier et anticiper sur quel pan de mur l&rsquo;installer:_x000D_n<\/p>\n<ul>_x000D_n \t<\/p>\n<li>Dimension de la pat\u00e8re Skyline Umbra: 49 X 14,5 cm<\/li>\n<p>_x000D_n \t<\/p>\n<li>Ecartement du mur: 9 cm<\/li>\n<p>_x000D_n<\/ul>\n<p>_x000D_nN&rsquo;h\u00e9sitez pas \u00e0 nous consulter en nous \u00e9crivant sur la page <a href=\"https:\/\/1001pateres.com\/contactez-nous\/\">Contact<\/a> de ce site pour obtenir un conseil personnalis\u00e9 et sur mesure \u00e0 vos besoins. Nos \u00e9quipes se feront un plaisir de trouver la pat\u00e8re parfaite pour vous!<\/p>\n","protected":false},"excerpt":{"rendered":"<p>Porte manteau design noir en forme de ville \u00e0 l&rsquo;horizon. Le mod\u00e8le est le\u00a0<strong>SKYLINE<\/strong> de la marque <em><strong>UMBRA.<\/strong><\/em>\u00a0En plastique<strong>\u00a0noir<\/strong>, ce porte manteau design\u00a0comporte 5 pat\u00e8res d\u00e9ployantes._x000D_n_x000D_nIl est \u00e0 fixer partout dans la maison ou au bureau pour offrir <strong>modernit\u00e9<\/strong>, et <strong>design<\/strong> dans un <strong>style urbain<\/strong>. <strong>Original<\/strong> et <strong>de belle qualit\u00e9<\/strong>, il offre ind\u00e9niablement <strong>du style \u00e0 votre int\u00e9rieur<\/strong>.<\/p>\n","protected":false},"featured_media":1186,"comment_status":"closed","ping_status":"open","template":"","meta":[],"product_cat":[29,16,32],"product_tag":[25],"class_list":["post-184","product","type-product","status-publish","has-post-thumbnail","hentry","product_cat-chambre-adulte","product_cat-chambre-enfant","product_cat-entree-sejour","product_tag-crochet-patere-patere-design-patere-murale-patere-porte-pateres-porte-manteau-porte-serviette-porte-torchon-vestiaire","description-off"],"_links":{"self":[{"href":"https:\/\/roulettes.vaniseo.top\/index.php\/wp-json\/wp\/v2\/product\/184","targetHints":{"allow":["GET"]}}],"collection":[{"href":"https:\/\/roulettes.vaniseo.top\/index.php\/wp-json\/wp\/v2\/product"}],"about":[{"href":"https:\/\/roulettes.vaniseo.top\/index.php\/wp-json\/wp\/v2\/types\/product"}],"replies":[{"embeddable":true,"href":"https:\/\/roulettes.vaniseo.top\/index.php\/wp-json\/wp\/v2\/comments?post=184"}],"version-history":[{"count":0,"href":"https:\/\/roulettes.vaniseo.top\/index.php\/wp-json\/wp\/v2\/product\/184\/revisions"}],"wp:featuredmedia":[{"embeddable":true,"href":"https:\/\/roulettes.vaniseo.top\/index.php\/wp-json\/wp\/v2\/media\/1186"}],"wp:attachment":[{"href":"https:\/\/roulettes.vaniseo.top\/index.php\/wp-json\/wp\/v2\/media?parent=184"}],"wp:term":[{"taxonomy":"product_cat","embeddable":true,"href":"https:\/\/roulettes.vaniseo.top\/index.php\/wp-json\/wp\/v2\/product_cat?post=184"},{"taxonomy":"product_tag","embeddable":true,"href":"https:\/\/roulettes.vaniseo.top\/index.php\/wp-json\/wp\/v2\/product_tag?post=184"}],"curies":[{"name":"wp","href":"https:\/\/api.w.org\/{rel}","templated":true}]}}