{"id":185,"date":"2022-04-04T16:20:35","date_gmt":"2022-04-04T14:20:35","guid":{"rendered":"https:\/\/roulettes.vaniseo.top\/index.php\/produit\/porte-manteau-mural-blanc-ville-umbra\/"},"modified":"2022-04-04T17:17:21","modified_gmt":"2022-04-04T15:17:21","slug":"porte-manteau-mural-blanc-ville-umbra","status":"publish","type":"product","link":"https:\/\/roulettes.vaniseo.top\/index.php\/produit\/porte-manteau-mural-blanc-ville-umbra\/","title":{"rendered":"Porte manteau mural blanc ville UMBRA"},"content":{"rendered":"<h3>Pat\u00e8re Umbra blanc collection skyline<\/h3>\n<p>_x000D_nD\u00e9couvrez ici l&rsquo;ensemble des informations concernant le <strong>porte manteau mural blanc<\/strong> en forme de <strong>ville \u00e0 l&rsquo;horizon<\/strong> de la marque <strong><a href=\"https:\/\/1001pateres.com\/brand\/umbra\/\">UMBRA<\/a><\/strong>._x000D_n_x000D_n<a href=\"https:\/\/www.umbra.com\" target=\"_blank\" rel=\"noopener noreferrer\">Umbra<\/a> est une marque canadienne. Elle cr\u00e9e des <strong>porte manteaux muraux<\/strong> \u00e0 la fois pratiques et \u00e9l\u00e9gants. Cette ville \u00e0 l&rsquo;horizon est une collection r\u00e9f\u00e9renc\u00e9e chez Umbra sous le nom de <strong>SKYLINE<\/strong>. Tout comme la collection <a href=\"https:\/\/1001pateres.com\/produit\/porte-manteaux-sticks-umbra-noir\/\">Sticks<\/a>, \u00a0elle reprend le concept de <strong>pat\u00e8re d\u00e9ployante<\/strong> sur un support joliment design\u00e9. Retrouvez \u00e9galement chez 1001 Pat\u00e8res, cette r\u00e9f\u00e9rence de porte manteau en coloris\u00a0<a href=\"https:\/\/1001pateres.com\/produit\/porte-manteaux-ville-umbra-noir\/\">noir<\/a>._x000D_n_x000D_nCette pat\u00e8re Umbra comporte\u00a0<strong>5 pat\u00e8res d\u00e9ployantes<\/strong>. Elle\u00a0est en <strong>plastique dur<\/strong> et de couleur<strong>\u00a0blanche<\/strong>._x000D_n_x000D_nComme toute pat\u00e8re, celle-ci permet bien s\u00fbr d&rsquo;aider \u00e0 <strong>ranger<\/strong> les affaires de chacun. Ainsi, avec cette possibilit\u00e9 de suspendre sacs, vestes et foulards, votre <strong>maison<\/strong> devient <strong>plus nette, plus claire<\/strong>. Il est aussi possible de l&rsquo;utiliser dans un <strong>bureau<\/strong> d&rsquo;entreprise. Ce <strong>style urbain<\/strong> est utilisable partout. Il s&rsquo;int\u00e8gre facilement dans diff\u00e9rentes pi\u00e8ces avec <strong>\u00e9l\u00e9gance<\/strong> et <strong>modernit\u00e9<\/strong>._x000D_n_x000D_n&nbsp;_x000D_n<\/p>\n<h3>Comment accrocher un porte manteau mural Umbra?<\/h3>\n<p>_x000D_nAussi, son\u00a0syst\u00e8me d&rsquo;accrochage est simple. Ce dernier est encastr\u00e9 dans le plastique dur blanc \u00e0 l&rsquo;arri\u00e8re du produit. De ce fait, il devient invisible une fois pos\u00e9 sur le mur. Vous aimerez donc un produit \u00e0 la fois <strong>original<\/strong>, de <strong>belle qualit\u00e9<\/strong> et aux <strong>finitions efficaces<\/strong>._x000D_n_x000D_n<span style=\"line-height: 1.5\">Pour ce faire, sa fixation\u00a0au mur se fait \u00e0 l&rsquo;aide de <strong>3 vis<\/strong>. Vis et chevilles sont <strong>fournies<\/strong> avec le porte manteau mural. Attention, en revanche, sa pose n\u00e9cessite l&rsquo;usage de votre perceuse.<\/span>_x000D_n<\/p>\n<h4><\/h4>\n<p>_x000D_n<\/p>\n<h4>Porte manteau mural blanc Skyline Umbra : dimensions<\/h4>\n<p>_x000D_nPensez \u00e0 v\u00e9rifier les <strong>dimensions<\/strong> de votre pan de mur o\u00f9 vous pr\u00e9voyez de suspendre ce <strong>porte manteau<\/strong>. Voici ci dessous l&rsquo;ensemble des informations n\u00e9cessaires:_x000D_n<\/p>\n<ul>_x000D_n \t<\/p>\n<li><strong>Dimension de la pat\u00e8re Skyline: 49 X 14,5 cm<\/strong><\/li>\n<p>_x000D_n \t<\/p>\n<li><strong>Ecartement du mur: 9 cm<\/strong><\/li>\n<p>_x000D_n<\/ul>\n<p>_x000D_nEn cas de questions subsidiaires, ou si vous souhaitez davantage de conseils dans le choix de votre pat\u00e8re, notre \u00e9quipe est \u00e0 votre \u00e9coute. Pour cela, \u00e9crivez nous via le formulaire disponible en page <a href=\"https:\/\/1001pateres.com\/contactez-nous\/\">Contact<\/a>.<\/p>\n","protected":false},"excerpt":{"rendered":"<p>1001 Pat\u00e8res vend le <strong><em>porte manteau mural<\/em><\/strong> blanc en forme de ville \u00e0 l&rsquo;horizon, collection <strong>Skyline<\/strong>, et de marque UMBRA. Il offre 5 pat\u00e8res d\u00e9ployantes \u00e0 installer dans la maison ou au bureau. Il est en plastique dur, de belle qualit\u00e9, parfait dans un style de d\u00e9coration urbaine.<\/p>\n","protected":false},"featured_media":1188,"comment_status":"closed","ping_status":"open","template":"","meta":[],"product_cat":[29,16,32],"product_tag":[25],"class_list":["post-185","product","type-product","status-publish","has-post-thumbnail","hentry","product_cat-chambre-adulte","product_cat-chambre-enfant","product_cat-entree-sejour","product_tag-crochet-patere-patere-design-patere-murale-patere-porte-pateres-porte-manteau-porte-serviette-porte-torchon-vestiaire","description-off"],"_links":{"self":[{"href":"https:\/\/roulettes.vaniseo.top\/index.php\/wp-json\/wp\/v2\/product\/185","targetHints":{"allow":["GET"]}}],"collection":[{"href":"https:\/\/roulettes.vaniseo.top\/index.php\/wp-json\/wp\/v2\/product"}],"about":[{"href":"https:\/\/roulettes.vaniseo.top\/index.php\/wp-json\/wp\/v2\/types\/product"}],"replies":[{"embeddable":true,"href":"https:\/\/roulettes.vaniseo.top\/index.php\/wp-json\/wp\/v2\/comments?post=185"}],"version-history":[{"count":0,"href":"https:\/\/roulettes.vaniseo.top\/index.php\/wp-json\/wp\/v2\/product\/185\/revisions"}],"wp:featuredmedia":[{"embeddable":true,"href":"https:\/\/roulettes.vaniseo.top\/index.php\/wp-json\/wp\/v2\/media\/1188"}],"wp:attachment":[{"href":"https:\/\/roulettes.vaniseo.top\/index.php\/wp-json\/wp\/v2\/media?parent=185"}],"wp:term":[{"taxonomy":"product_cat","embeddable":true,"href":"https:\/\/roulettes.vaniseo.top\/index.php\/wp-json\/wp\/v2\/product_cat?post=185"},{"taxonomy":"product_tag","embeddable":true,"href":"https:\/\/roulettes.vaniseo.top\/index.php\/wp-json\/wp\/v2\/product_tag?post=185"}],"curies":[{"name":"wp","href":"https:\/\/api.w.org\/{rel}","templated":true}]}}