{"id":187,"date":"2022-04-04T16:20:35","date_gmt":"2022-04-04T14:20:35","guid":{"rendered":"https:\/\/roulettes.vaniseo.top\/index.php\/produit\/rangement-a-ventouses-egouttoir-coccinelle-jaune\/"},"modified":"2022-04-04T17:17:24","modified_gmt":"2022-04-04T15:17:24","slug":"rangement-a-ventouses-egouttoir-coccinelle-jaune","status":"publish","type":"product","link":"https:\/\/roulettes.vaniseo.top\/index.php\/produit\/rangement-a-ventouses-egouttoir-coccinelle-jaune\/","title":{"rendered":"Rangement \u00e0 ventouses \u00e9gouttoir coccinelle jaune"},"content":{"rendered":"<h3>Coccinelle jaune \u00e0 ventouses pour ranger et \u00e9goutter dans une salle de bain<\/h3>\n<p>_x000D_nQuoi de mieux qu&rsquo;un objet ludique pour donner envie \u00e0 votre enfant de ranger ses jouets du bain? D\u00e9couvrez sur ce site 1001 Pat\u00e8res, le <strong>rangement \u00e0 ventouses \u00e9gouttoir en forme de coccinelle jaune<\/strong>. Vous connaitrez ainsi tous ses d\u00e9tails techniques et d\u00e9coratifs avant de succomber!_x000D_n_x000D_nAinsi, chez <b>1001 Pat\u00e8res, n\u00b01 en France<\/b> des ventes en ligne de pat\u00e8res et porte manteaux, il y a en a pour toute la famille, pour tous les go\u00fbts et pour tous les budgets. Chaque probl\u00e9matique de rangement dispose ici de 1001 solutions. L&rsquo;id\u00e9e est de trouver une solution qui motive chacun \u00e0 offrir \u00e0 votre int\u00e9rieur, plus de clart\u00e9. Pour cela, la boutique en ligne s\u00e9lectionne les meilleurs designs de pat\u00e8res partout dans le monde, proposant ainsi des <strong>produits au meilleur rapport qualit\u00e9 prix sur un m\u00eame site<\/strong>. Vous <strong>limitez par la m\u00eame occasion vos frais de livraison<\/strong>!_x000D_n_x000D_n&nbsp;_x000D_n<\/p>\n<h3>Rangement \u00e0 ventouses \u00e9gouttoir coccinelle jaune<\/h3>\n<p>_x000D_nIci, concr\u00e8tement, il s&rsquo;agit d&rsquo;une <strong>coccinelle jaune en plastique<\/strong> disposant d&rsquo;une large ouverture sur le dessous et de fins trous \u00a0sur la partie basse. Cette coccinelle jaune accueillera ainsi volontiers\u00a0<b>brosses \u00e0 dent<\/b>,\u00a0<b>dentifrice<\/b>\u00a0et autres <b>jouets<\/b>. Pinceaux de maquillage, lingettes intimes dans les toilettes, et \u00e9ponges de cuisine pourront aussi b\u00e9n\u00e9ficier d&rsquo;un tel rangement. <strong>L&rsquo;id\u00e9e est que tout soit ranger mais puisse s\u00e9cher<\/strong>.\u00a0Le syst\u00e8me de fixation ventouses \u00e9tant tr\u00e8s pratique sur du carrelage, il conviendra donc non seulement dans une <strong>salle de bain<\/strong> mais aussi dans une <strong>cuisine<\/strong> et des <strong>toilettes<\/strong>._x000D_n_x000D_nEnfin, retrouvez ce site 1001 Pat\u00e8res ce rangement \u00e0 ventouses \u00e9gouttoir en<b> diff\u00e9rents coloris<\/b>. Il n&rsquo;y aura ainsi pas de jaloux! La coccinelle pourra alors \u00eatre choisie en <a href=\"https:\/\/1001pateres.com\/produit\/rangement-de-salle-de-bain-coccinelle-a-ventouses-bleue\/\">bleue<\/a>, <a href=\"https:\/\/1001pateres.com\/produit\/rangement-de-salle-de-bain-coccinelle-a-ventouses-verte\/\">verte<\/a>, jaune et <a href=\"https:\/\/1001pateres.com\/produit\/rangement-de-salle-de-bain-coccinelle-a-ventouses-rouge\/\">rouge<\/a>._x000D_n_x000D_nEvidemment pour son utilisation, aucun outil n&rsquo;est \u00e0 pr\u00e9voir. Tenez tout de m\u00eame compte de ses dimensions, \u00e0 savoir un <b>diam\u00e8tre de 13,7 cm<\/b>.<\/p>\n","protected":false},"excerpt":{"rendered":"<p>Rangement de salle de bain <strong>coccinelle<\/strong> \u00e0 <em><strong>ventouses jaune<\/strong><\/em>.\u00a0Ce rangement est \u00e0 poser dans la salle de bain pour ne plus voir trainer les brosses \u00e0 dents, dentifrice ou pinceaux de maquillage.\u00a0Cette coccinelle en plastique est un tr\u00e8s bel objet de d\u00e9coration.<\/p>\n","protected":false},"featured_media":1192,"comment_status":"closed","ping_status":"open","template":"","meta":[],"product_cat":[17],"product_tag":[27],"class_list":["post-187","product","type-product","status-publish","has-post-thumbnail","hentry","product_cat-salle-de-bain","product_tag-crochet-patere-patere-design-patere-murale-patere-porte-pateres-porte-serviette-porte-torchon-vestiaire","description-off"],"_links":{"self":[{"href":"https:\/\/roulettes.vaniseo.top\/index.php\/wp-json\/wp\/v2\/product\/187","targetHints":{"allow":["GET"]}}],"collection":[{"href":"https:\/\/roulettes.vaniseo.top\/index.php\/wp-json\/wp\/v2\/product"}],"about":[{"href":"https:\/\/roulettes.vaniseo.top\/index.php\/wp-json\/wp\/v2\/types\/product"}],"replies":[{"embeddable":true,"href":"https:\/\/roulettes.vaniseo.top\/index.php\/wp-json\/wp\/v2\/comments?post=187"}],"version-history":[{"count":0,"href":"https:\/\/roulettes.vaniseo.top\/index.php\/wp-json\/wp\/v2\/product\/187\/revisions"}],"wp:featuredmedia":[{"embeddable":true,"href":"https:\/\/roulettes.vaniseo.top\/index.php\/wp-json\/wp\/v2\/media\/1192"}],"wp:attachment":[{"href":"https:\/\/roulettes.vaniseo.top\/index.php\/wp-json\/wp\/v2\/media?parent=187"}],"wp:term":[{"taxonomy":"product_cat","embeddable":true,"href":"https:\/\/roulettes.vaniseo.top\/index.php\/wp-json\/wp\/v2\/product_cat?post=187"},{"taxonomy":"product_tag","embeddable":true,"href":"https:\/\/roulettes.vaniseo.top\/index.php\/wp-json\/wp\/v2\/product_tag?post=187"}],"curies":[{"name":"wp","href":"https:\/\/api.w.org\/{rel}","templated":true}]}}