{"id":188,"date":"2022-04-04T16:20:35","date_gmt":"2022-04-04T14:20:35","guid":{"rendered":"https:\/\/roulettes.vaniseo.top\/index.php\/produit\/rangement-ventouses-pour-salle-de-bain-coccinelle-verte\/"},"modified":"2022-04-04T17:17:24","modified_gmt":"2022-04-04T15:17:24","slug":"rangement-ventouses-pour-salle-de-bain-coccinelle-verte","status":"publish","type":"product","link":"https:\/\/roulettes.vaniseo.top\/index.php\/produit\/rangement-ventouses-pour-salle-de-bain-coccinelle-verte\/","title":{"rendered":"Rangement ventouses pour salle de bain : Coccinelle verte"},"content":{"rendered":"<h3><b>Rangement de salle de bain \u00e0 ventouses en forme de coccinelle\u00a0verte<\/b><\/h3>\n<p>_x000D_nEt si on s&rsquo;accordait un peu d&rsquo;originalit\u00e9 dans la\u00a0<b>salle de bain<\/b>? dans la cuisine, ou encore dans les toilettes? Oui, le <b>rangement<\/b> aussi peut devenir un <b>acte ludique du quotidien<\/b>, surtout quand on est un <b>enfant\u00a0<\/b>ou que l&rsquo;on veut le rester! Pour cela, rien de tel qu&rsquo;un <b>rangement ventouses pour salle de bain<\/b> en forme de <b>coccinelle<\/b> <b>verte<\/b> comme ci-contre._x000D_n_x000D_nCi dessous, 1001 Pat\u00e8res vous donne tous les d\u00e9tails techniques et d\u00e9coratifs de ce bac de rangement._x000D_n_x000D_nEn effet, en tant que<b> n\u00b01 en France<\/b> des ventes en ligne de pat\u00e8res et porte manteaux, chez<strong> 1001 Pat\u00e8res<\/strong>, il y a en a pour tous les go\u00fbts, et pour toute la famille. Ainsi, les petits comme les grands peuvent d\u00e9sormais ranger leurs petites affaires du quotidien avec le sourire. Pour ce faire, la boutique s\u00e9lectionne les meilleurs designers de porte manteaux du monde entier. Vous b\u00e9n\u00e9ficiez ainsi du meilleur rapport qualit\u00e9 prix dans un seul et m\u00eame site, avec une livraison \u00e0 prix r\u00e9duit._x000D_n_x000D_n&nbsp;_x000D_n<\/p>\n<h3><b>Bacs de rangement \u00e0 ventouses color\u00e9s en forme de coccinelle<\/b><\/h3>\n<p>_x000D_nAinsi, ci-contre, il s&rsquo;agit de<strong> bacs de\u00a0<\/strong><b>rangement \u00e0 ventouses<\/b> permettant le stockage de\u00a0<b>brosses \u00e0 dent<\/b>, de\u00a0<b>dentifrice<\/b> et autres petits\u00a0<b>jouets<\/b>. Les adultes peuvent aussi l&rsquo;utiliser pour leurs pinceaux de maquillage, peignes et autres <b>accessoires d&rsquo;hygi\u00e8ne<\/b> du quotidien. L&rsquo;eau s&rsquo;\u00e9coule par le bas et facilite donc le s\u00e9chage de tout ce qui est \u00e0 l&rsquo;int\u00e9rieur._x000D_n_x000D_nCe syst\u00e8me de fixation ventouses est donc tr\u00e8s pratique d\u00e8s lors que vous avez du carrelage. D&rsquo;ailleurs, cela vous permet de l&rsquo;utiliser aussi dans des <b>toilettes<\/b> pour le rangement de <b>lingettes<\/b>, ou dans la <b>cuisine<\/b> pour votre\u00a0<b>\u00e9ponge<\/b> par exemple._x000D_n_x000D_nEnfin, retrouvez sur le site 1001 Pat\u00e8res ce rangement ventouses pour salle de bain coccinelle en<b> diff\u00e9rents coloris<\/b>. Il n&rsquo;y aura ainsi pas de jaloux! La coccinelle pourra alors \u00eatre choisie en <a href=\"https:\/\/1001pateres.com\/produit\/rangement-de-salle-de-bain-coccinelle-a-ventouses-bleue\/\">bleue<\/a>, verte, <a href=\"https:\/\/1001pateres.com\/produit\/rangement-de-salle-de-bain-coccinelle-a-ventouses-jaune\/\">jaune<\/a> et <a href=\"https:\/\/1001pateres.com\/produit\/rangement-de-salle-de-bain-coccinelle-a-ventouses-rouge\/\">rouge<\/a>._x000D_n_x000D_nPour finir, aucun outil n&rsquo;est \u00e0 pr\u00e9voir pour l&rsquo;installer. Son\u00a0<b>diam\u00e8tre est de 13,7 cm<\/b>.<\/p>\n","protected":false},"excerpt":{"rendered":"<p>Rangement de salle de bain <strong>coccinelle<\/strong> \u00e0 <em><strong>ventouses verte<\/strong><\/em>.\u00a0Ce rangement est \u00e0 poser dans la salle de bain pour ne plus voir trainer les brosses \u00e0 dents, dentifrice ou pinceaux de maquillage.\u00a0Cette coccinelle en plastique est un tr\u00e8s bel objet de d\u00e9coration.<\/p>\n","protected":false},"featured_media":1194,"comment_status":"closed","ping_status":"open","template":"","meta":[],"product_cat":[17],"product_tag":[35],"class_list":["post-188","product","type-product","status-publish","has-post-thumbnail","hentry","product_cat-salle-de-bain","product_tag-crochet-patere-porte-brosse-a-dent","description-off"],"_links":{"self":[{"href":"https:\/\/roulettes.vaniseo.top\/index.php\/wp-json\/wp\/v2\/product\/188","targetHints":{"allow":["GET"]}}],"collection":[{"href":"https:\/\/roulettes.vaniseo.top\/index.php\/wp-json\/wp\/v2\/product"}],"about":[{"href":"https:\/\/roulettes.vaniseo.top\/index.php\/wp-json\/wp\/v2\/types\/product"}],"replies":[{"embeddable":true,"href":"https:\/\/roulettes.vaniseo.top\/index.php\/wp-json\/wp\/v2\/comments?post=188"}],"version-history":[{"count":0,"href":"https:\/\/roulettes.vaniseo.top\/index.php\/wp-json\/wp\/v2\/product\/188\/revisions"}],"wp:featuredmedia":[{"embeddable":true,"href":"https:\/\/roulettes.vaniseo.top\/index.php\/wp-json\/wp\/v2\/media\/1194"}],"wp:attachment":[{"href":"https:\/\/roulettes.vaniseo.top\/index.php\/wp-json\/wp\/v2\/media?parent=188"}],"wp:term":[{"taxonomy":"product_cat","embeddable":true,"href":"https:\/\/roulettes.vaniseo.top\/index.php\/wp-json\/wp\/v2\/product_cat?post=188"},{"taxonomy":"product_tag","embeddable":true,"href":"https:\/\/roulettes.vaniseo.top\/index.php\/wp-json\/wp\/v2\/product_tag?post=188"}],"curies":[{"name":"wp","href":"https:\/\/api.w.org\/{rel}","templated":true}]}}