{"id":189,"date":"2022-04-04T16:20:35","date_gmt":"2022-04-04T14:20:35","guid":{"rendered":"https:\/\/roulettes.vaniseo.top\/index.php\/produit\/rangement-ventouse-de-salle-de-bain-coccinelle-bleue\/"},"modified":"2022-04-04T17:17:25","modified_gmt":"2022-04-04T15:17:25","slug":"rangement-ventouse-de-salle-de-bain-coccinelle-bleue","status":"publish","type":"product","link":"https:\/\/roulettes.vaniseo.top\/index.php\/produit\/rangement-ventouse-de-salle-de-bain-coccinelle-bleue\/","title":{"rendered":"Rangement ventouse de salle de bain coccinelle bleue"},"content":{"rendered":"<h3><b>Rangement de salle de bain \u00e0 ventouses :\u00a0coccinelle\u00a0bleue<\/b><\/h3>\n<p>_x000D_nEt si on s&rsquo;accordait un peu de fun dans notre <b>salle de bain<\/b>? Oui, le <b>rangement<\/b> aussi peut devenir un <b>acte ludique du quotidien<\/b>, surtout quand on est un <b>enfant<\/b>! Rien de tel qu&rsquo;un <b>rangement ventouse de salle de bain<\/b> en forme de <b>coccinelle<\/b> <b>bleue<\/b>, pour aciduler votre espace d&rsquo;eau!_x000D_n_x000D_nChez <b>1001 Pat\u00e8res, n\u00b01 en France<\/b> des ventes en ligne de pat\u00e8res et porte manteaux, il y a en a pour toute la famille, et pour tous les budgets. Ainsi, les petits comme les grands peuvent d\u00e9sormais prendre du plaisir \u00e0 ordonner leurs petites affaires du quotidien. Pour cela, la boutique en ligne s\u00e9lectionne les meilleurs designs de pat\u00e8res partout dans le monde, proposant des produits au meilleur rapport qualit\u00e9 prix._x000D_n_x000D_nIci, concr\u00e8tement, il s&rsquo;agit d&rsquo;un <b>rangement mural<\/b> pour le rangement des <b>brosses \u00e0 dent<\/b>, du <b>dentifrice<\/b> ou encore d&rsquo;autres <b>jouets<\/b>. Les grands pourront aussi l&rsquo;utiliser pour leurs pinceaux de maquillage, peigne et autres <b>accessoires d&rsquo;hygi\u00e8ne<\/b> du quotidien._x000D_n_x000D_nLe syst\u00e8me de fixation ventouses est tr\u00e8s pratique sur du carrelage. Ainsi, ce rangement ventouse pourra aussi \u00eatre utiliser dans des <b>toilettes<\/b> pour le rangement de <b>lingettes<\/b>, ou dans la <b>cuisine<\/b> pour l&rsquo;<b>\u00e9ponge<\/b> par exemple._x000D_n_x000D_n&nbsp;_x000D_n<\/p>\n<h3><b>Bac de rangement en forme de coccinelle diff\u00e9rents coloris<\/b><\/h3>\n<p>_x000D_nVous verrez \u00e0 quel point, malgr\u00e9 son <b>d\u00e9cor original<\/b>, cet objet devient rapidement <b>un indispensable<\/b> dans le d\u00e9cor.\u00a0Il dynamise tout espace avec une touche d&rsquo;<b>originalit\u00e9<\/b> et de\u00a0<b>gait\u00e9<\/b> color\u00e9._x000D_n_x000D_nEnfin, retrouvez sur le site 1001 Pat\u00e8res ce rangement ventouse salle de bain coccinelle en<b> diff\u00e9rents coloris<\/b>. Il n&rsquo;y aura ainsi pas de jaloux! La coccinelle pourra alors \u00eatre choisie en bleue, <a href=\"https:\/\/1001pateres.com\/produit\/rangement-de-salle-de-bain-coccinelle-a-ventouses-verte\/\">verte<\/a>, <a href=\"https:\/\/1001pateres.com\/produit\/rangement-de-salle-de-bain-coccinelle-a-ventouses-jaune\/\">jaune<\/a> et <a href=\"https:\/\/1001pateres.com\/produit\/rangement-de-salle-de-bain-coccinelle-a-ventouses-rouge\/\">rouge<\/a>._x000D_n_x000D_nEvidemment pour son utilisation, aucun outil n&rsquo;est \u00e0 pr\u00e9voir. Tenez tout de m\u00eame compte de ses dimensions, \u00e0 savoir un <b>diam\u00e8tre de 13,7 cm<\/b>._x000D_n_x000D_nPour toute question compl\u00e9mentaire, contactez 1001 Pat\u00e8res via son formulaire disponible en page Contact.<\/p>\n","protected":false},"excerpt":{"rendered":"<p>Rangement de salle de bain<strong> coccinelle<\/strong> \u00e0 <em><strong>ventouses bleue<\/strong><\/em>.\u00a0Ce rangement est \u00e0 poser dans la salle de bain pour ne plus voir trainer les brosses \u00e0 dents, dentifrice ou pinceaux de maquillage.\u00a0Cette coccinelle en plastique est un tr\u00e8s bel objet de d\u00e9coration.<\/p>\n","protected":false},"featured_media":1194,"comment_status":"closed","ping_status":"open","template":"","meta":[],"product_cat":[17],"product_tag":[27],"class_list":["post-189","product","type-product","status-publish","has-post-thumbnail","hentry","product_cat-salle-de-bain","product_tag-crochet-patere-patere-design-patere-murale-patere-porte-pateres-porte-serviette-porte-torchon-vestiaire","description-off"],"_links":{"self":[{"href":"https:\/\/roulettes.vaniseo.top\/index.php\/wp-json\/wp\/v2\/product\/189","targetHints":{"allow":["GET"]}}],"collection":[{"href":"https:\/\/roulettes.vaniseo.top\/index.php\/wp-json\/wp\/v2\/product"}],"about":[{"href":"https:\/\/roulettes.vaniseo.top\/index.php\/wp-json\/wp\/v2\/types\/product"}],"replies":[{"embeddable":true,"href":"https:\/\/roulettes.vaniseo.top\/index.php\/wp-json\/wp\/v2\/comments?post=189"}],"version-history":[{"count":0,"href":"https:\/\/roulettes.vaniseo.top\/index.php\/wp-json\/wp\/v2\/product\/189\/revisions"}],"wp:featuredmedia":[{"embeddable":true,"href":"https:\/\/roulettes.vaniseo.top\/index.php\/wp-json\/wp\/v2\/media\/1194"}],"wp:attachment":[{"href":"https:\/\/roulettes.vaniseo.top\/index.php\/wp-json\/wp\/v2\/media?parent=189"}],"wp:term":[{"taxonomy":"product_cat","embeddable":true,"href":"https:\/\/roulettes.vaniseo.top\/index.php\/wp-json\/wp\/v2\/product_cat?post=189"},{"taxonomy":"product_tag","embeddable":true,"href":"https:\/\/roulettes.vaniseo.top\/index.php\/wp-json\/wp\/v2\/product_tag?post=189"}],"curies":[{"name":"wp","href":"https:\/\/api.w.org\/{rel}","templated":true}]}}