{"id":190,"date":"2022-04-04T16:20:35","date_gmt":"2022-04-04T14:20:35","guid":{"rendered":"https:\/\/roulettes.vaniseo.top\/index.php\/produit\/patere-murale-support-pour-guitare\/"},"modified":"2022-04-04T17:17:25","modified_gmt":"2022-04-04T15:17:25","slug":"patere-murale-support-pour-guitare","status":"publish","type":"product","link":"https:\/\/roulettes.vaniseo.top\/index.php\/produit\/patere-murale-support-pour-guitare\/","title":{"rendered":"Pat\u00e8re murale support pour guitare"},"content":{"rendered":"<h4><strong>Support pour instruments \u00e0 fixer au mur.<\/strong><\/h4>\n<p>_x000D_nPat\u00e8re murale <strong>support pour guitare<\/strong> en <em><strong>plastique rigide<\/strong><\/em> avec des protections de support pour ne pas abimer l&rsquo;instrument._x000D_n_x000D_nCe support\u00a0se pose partout dans la maison\u00a0pour ne plus voir trainer son instrument de musique pr\u00e9f\u00e9r\u00e9._x000D_n_x000D_nCette pat\u00e8re permet de mettre en valeur sa guitare sans l&rsquo;abimer._x000D_n_x000D_nElle se fixe au mur avec deux vis et chevilles et comporte des tiges recouvertes de mousse pour supporter la guitare._x000D_n_x000D_nLes bras de support sont mobiles\u00a0afin d&rsquo;avoir l&rsquo;\u00e9cartement exact du manche de la guitare._x000D_n_x000D_n<span style=\"line-height: 1.5\">Elle est vendue avec ses vis et chevilles. Sa pose n\u00e9cessite l&rsquo;utilisation d&rsquo;une perceuse.<\/span>_x000D_n<\/p>\n<h4>Dimensions :<\/h4>\n<p>_x000D_n<\/p>\n<ul>_x000D_n \t<\/p>\n<li>Longueur 13\u00a0cm<\/li>\n<p>_x000D_n<\/ul>\n","protected":false},"excerpt":{"rendered":"<p>Pat\u00e8re murale <strong>support pour guitare<\/strong>.\u00a0Ce support est \u00e0 poser partout dans la maison pour ne plus voir trainer son instrument de musique pr\u00e9f\u00e9r\u00e9.\u00a0Cette <em><strong>pat\u00e8re<\/strong><\/em> permet de mettre en valeur sa guitare sans l&rsquo;abimer.<\/p>\n","protected":false},"featured_media":1197,"comment_status":"closed","ping_status":"open","template":"","meta":[],"product_cat":[29,16],"product_tag":[27],"class_list":["post-190","product","type-product","status-publish","has-post-thumbnail","hentry","product_cat-chambre-adulte","product_cat-chambre-enfant","product_tag-crochet-patere-patere-design-patere-murale-patere-porte-pateres-porte-serviette-porte-torchon-vestiaire","description-off"],"_links":{"self":[{"href":"https:\/\/roulettes.vaniseo.top\/index.php\/wp-json\/wp\/v2\/product\/190","targetHints":{"allow":["GET"]}}],"collection":[{"href":"https:\/\/roulettes.vaniseo.top\/index.php\/wp-json\/wp\/v2\/product"}],"about":[{"href":"https:\/\/roulettes.vaniseo.top\/index.php\/wp-json\/wp\/v2\/types\/product"}],"replies":[{"embeddable":true,"href":"https:\/\/roulettes.vaniseo.top\/index.php\/wp-json\/wp\/v2\/comments?post=190"}],"version-history":[{"count":0,"href":"https:\/\/roulettes.vaniseo.top\/index.php\/wp-json\/wp\/v2\/product\/190\/revisions"}],"wp:featuredmedia":[{"embeddable":true,"href":"https:\/\/roulettes.vaniseo.top\/index.php\/wp-json\/wp\/v2\/media\/1197"}],"wp:attachment":[{"href":"https:\/\/roulettes.vaniseo.top\/index.php\/wp-json\/wp\/v2\/media?parent=190"}],"wp:term":[{"taxonomy":"product_cat","embeddable":true,"href":"https:\/\/roulettes.vaniseo.top\/index.php\/wp-json\/wp\/v2\/product_cat?post=190"},{"taxonomy":"product_tag","embeddable":true,"href":"https:\/\/roulettes.vaniseo.top\/index.php\/wp-json\/wp\/v2\/product_tag?post=190"}],"curies":[{"name":"wp","href":"https:\/\/api.w.org\/{rel}","templated":true}]}}