{"id":191,"date":"2022-04-04T16:20:35","date_gmt":"2022-04-04T14:20:35","guid":{"rendered":"https:\/\/roulettes.vaniseo.top\/index.php\/produit\/range-courrier-aimante-noir-umbra\/"},"modified":"2022-04-04T17:17:27","modified_gmt":"2022-04-04T15:17:27","slug":"range-courrier-aimante-noir-umbra","status":"publish","type":"product","link":"https:\/\/roulettes.vaniseo.top\/index.php\/produit\/range-courrier-aimante-noir-umbra\/","title":{"rendered":"Range courrier aimant\u00e9 noir UMBRA"},"content":{"rendered":"<h3>Porte courrier aimant\u00e9 noir UMBRA<\/h3>\n<p>_x000D_n1001 Pat\u00e8res vous fait d\u00e9couvrir ci dessous ses <strong>meilleures astuces d&rsquo;installation<\/strong> mais aussi l&rsquo;ensemble des i<strong>nformations techniques<\/strong> de range courrier aimant\u00e9 noir de chez <strong><a href=\"https:\/\/1001pateres.com\/brand\/umbra\/\">Umbra<\/a><\/strong>._x000D_n_x000D_nCommen\u00e7ons par vous en dire un peu plus sur la marque <a href=\"https:\/\/eu.umbra.com\" target=\"_blank\" rel=\"noopener noreferrer\">Umbra<\/a>. En effet, celle-ci est canadienne et c&rsquo;est <strong>LA plus vendue sur notre site<\/strong>. Il faut \u00e9galement savoir que 1001 Pat\u00e8res est le <strong>site n\u00b01 en France de la vente en ligne de pat\u00e8res<\/strong>! Ce qui fait donc d&rsquo;Umbra, <strong>une marque de qualit\u00e9<\/strong>._x000D_n_x000D_nEn effet, elle propose non seulement des <strong>porte manteaux design<\/strong>, mais aussi des <strong>vide poches<\/strong> et des <strong>porte courriers<\/strong> comme ici. Sa particularit\u00e9 est notamment dans le d\u00e9veloppement d&rsquo;une <strong>pat\u00e8re d\u00e9ployante<\/strong>. Ainsi, le crochet peut \u00eatre encastr\u00e9 dans le support ou ouvert. Le support est donc un objet de d\u00e9coration quand les crochets sont ferm\u00e9s. Ouverts, le support est une solution de rangement \u00e9l\u00e9gantes._x000D_n_x000D_nJetez un oeil sur notre boutique en ligne sur les r\u00e9f\u00e9rences de pat\u00e8res d\u00e9ployantes de <strong><a href=\"https:\/\/1001pateres.com\/produit\/porte-manteaux-3-pateres-bois-flotte-et-metal-umbra\/\">3<\/a><\/strong> \u00e0 8 crochets, comme sur la collection <a href=\"https:\/\/1001pateres.com\/produit\/porte-manteaux-sticks-umbra-blanc\/\">Sticks<\/a> ou <a href=\"https:\/\/1001pateres.com\/produit\/porte-manteaux-ville-umbra-noir\/\">Skyline<\/a>._x000D_n_x000D_n&nbsp;_x000D_n<\/p>\n<h3>Range courrier aimant\u00e9 en bois laqu\u00e9 noir Umbra<\/h3>\n<p>_x000D_n1001 Pat\u00e8res vous d\u00e9voile ci dessous sp\u00e9cifiquement les informations de ce range courrier aimant\u00e9 <strong>en bois laqu\u00e9 noir<\/strong>. <span style=\"line-height: 1.5\">Son design \u00e9pur\u00e9 lui permettra ainsi de se fondre\u00a0dans tous les univers de la maison<\/span><span style=\"line-height: 1.5\">.<\/span>_x000D_n_x000D_nTout d&rsquo;abord, son objectif est de permettre de <strong>d\u00e9poser rapidement votre courrier du jour<\/strong> en hauteur afin de ne pas le perdre avant de le traiter._x000D_n_x000D_nPar ailleurs, le fait d&rsquo;avoir un <strong>magn\u00e9tisme puissant<\/strong> \u00e0 m\u00eame le porte courrier offre aussi une <strong>solution de rangement pour vos cl\u00e9s<\/strong>._x000D_n_x000D_nExiste aussi en <a href=\"https:\/\/1001pateres.com\/produit\/rangement-porte-lettres-aimante-umbra-blanc\/\">laqu\u00e9 <strong>blanc<\/strong><\/a>._x000D_n_x000D_nEnfin, facile \u00e0 poser, il n\u00e9cessite cependant l&rsquo;usage d&rsquo;une perceuse.\u00a0<span style=\"line-height: 1.5\">Il est vendu avec ses deux vis et chevilles. Pensez \u00e0 v\u00e9rifier rapidement les <strong>dimensions<\/strong> Son design \u00e9pur\u00e9 lui permettra ainsi de se fondre\u00a0dans tout les univers de la maison. de l&rsquo;espace futur allou\u00e9 avec celles du produit list\u00e9es ci dessous:<\/span>_x000D_n<\/p>\n<ul>_x000D_n \t<\/p>\n<li>Range courrier longueur: 20\u00a0cm<\/li>\n<p>_x000D_n \t<\/p>\n<li>Porte courrier, hauteur: 16 cm<\/li>\n<p>_x000D_n<\/ul>\n","protected":false},"excerpt":{"rendered":"<p>Rangement porte-lettres aimant\u00e9 de la marque <em><strong>UMBRA<\/strong><\/em> en bois <strong>laqu\u00e9 noir<\/strong>.\u00a0Cet organiser magn\u00e9tique est \u00e0 poser dans l&rsquo;entr\u00e9e pour ne plus voir trainer ses papiers et ses clefs.\u00a0Ce rangement magn\u00e9tique en bois noir est un tr\u00e8s bel objet de d\u00e9coration et servira pour les courriers et les trousseaux de clefs.<\/p>\n","protected":false},"featured_media":1201,"comment_status":"closed","ping_status":"open","template":"","meta":[],"product_cat":[32],"product_tag":[36],"class_list":["post-191","product","type-product","status-publish","has-post-thumbnail","hentry","product_cat-entree-sejour","product_tag-porte-courrier-range-courrier-vestiaire-vide-poche","description-off"],"_links":{"self":[{"href":"https:\/\/roulettes.vaniseo.top\/index.php\/wp-json\/wp\/v2\/product\/191","targetHints":{"allow":["GET"]}}],"collection":[{"href":"https:\/\/roulettes.vaniseo.top\/index.php\/wp-json\/wp\/v2\/product"}],"about":[{"href":"https:\/\/roulettes.vaniseo.top\/index.php\/wp-json\/wp\/v2\/types\/product"}],"replies":[{"embeddable":true,"href":"https:\/\/roulettes.vaniseo.top\/index.php\/wp-json\/wp\/v2\/comments?post=191"}],"version-history":[{"count":0,"href":"https:\/\/roulettes.vaniseo.top\/index.php\/wp-json\/wp\/v2\/product\/191\/revisions"}],"wp:featuredmedia":[{"embeddable":true,"href":"https:\/\/roulettes.vaniseo.top\/index.php\/wp-json\/wp\/v2\/media\/1201"}],"wp:attachment":[{"href":"https:\/\/roulettes.vaniseo.top\/index.php\/wp-json\/wp\/v2\/media?parent=191"}],"wp:term":[{"taxonomy":"product_cat","embeddable":true,"href":"https:\/\/roulettes.vaniseo.top\/index.php\/wp-json\/wp\/v2\/product_cat?post=191"},{"taxonomy":"product_tag","embeddable":true,"href":"https:\/\/roulettes.vaniseo.top\/index.php\/wp-json\/wp\/v2\/product_tag?post=191"}],"curies":[{"name":"wp","href":"https:\/\/api.w.org\/{rel}","templated":true}]}}