{"id":192,"date":"2022-04-04T16:20:35","date_gmt":"2022-04-04T14:20:35","guid":{"rendered":"https:\/\/roulettes.vaniseo.top\/index.php\/produit\/porte-courrier-aimante-blanc-umbra\/"},"modified":"2022-04-04T17:17:28","modified_gmt":"2022-04-04T15:17:28","slug":"porte-courrier-aimante-blanc-umbra","status":"publish","type":"product","link":"https:\/\/roulettes.vaniseo.top\/index.php\/produit\/porte-courrier-aimante-blanc-umbra\/","title":{"rendered":"Porte courrier aimant\u00e9 blanc UMBRA"},"content":{"rendered":"<h3>Range courrier aimant\u00e9 UMBRA<\/h3>\n<p>_x000D_n<strong>1001 Pat\u00e8res<\/strong> vous propose de d\u00e9couvrir ci dessous l&rsquo;ensemble des informations techniques au sujet de ce <strong>porte courrier aimant\u00e9 blanc<\/strong> de chez <a href=\"https:\/\/eu.umbra.com\" target=\"_blank\" rel=\"noopener noreferrer\">Umbra<\/a>. Nous vous offrirons en m\u00eame temps quelques conseils d&rsquo;am\u00e9nagement._x000D_n_x000D_n<a href=\"https:\/\/1001pateres.com\/brand\/umbra\/\">UMBRA<\/a> est une marque canadienne tr\u00e8s repr\u00e9sent\u00e9e sur notre site <strong>1001 Pat\u00e8res, n\u00b01 de la vente en ligne de pat\u00e8res en France<\/strong>. Cette marque propose des <strong>vide poches<\/strong>, des <strong>pat\u00e8res<\/strong> et aussi des <strong>porte courriers<\/strong>. La sp\u00e9cialit\u00e9 \u00e0 conna\u00eetre de cette marque est la <strong>pat\u00e8re d\u00e9ployante<\/strong>. A l&rsquo;aide d&rsquo;une simple pression, le crochet s&rsquo;encastre ou se d\u00e9ploie du support. Pat\u00e8re ferm\u00e9e le support est un bel objet de d\u00e9coration; ouverte, le support devient un porte manteau \u00e9l\u00e9gant et efficace._x000D_n_x000D_nAinsi n&rsquo;h\u00e9sitez pas \u00e0 jeter un coup d&rsquo;oeil sur la collection d\u00e9di\u00e9e aux <strong>pat\u00e8res d\u00e9ployantes<\/strong> allant de 3 \u00e0 <a href=\"https:\/\/1001pateres.com\/produit\/porte-manteaux-8-pateres-metal-umbra-espresso\/\">8 crochets<\/a>, mais aussi aux r\u00e9f\u00e9rences <a href=\"https:\/\/1001pateres.com\/produit\/porte-manteaux-en-bois-naturel-picket-umbra\/\">Picket<\/a>, <a href=\"https:\/\/1001pateres.com\/produit\/porte-manteaux-ville-umbra-noir\/\">Skyline<\/a> et <a href=\"https:\/\/1001pateres.com\/produit\/porte-manteaux-sticks-umbra-gris\/\">Sticks<\/a>._x000D_n_x000D_n&nbsp;_x000D_n<\/p>\n<h3>Porte courrier aimant\u00e9 blanc Umbra<\/h3>\n<p>_x000D_nCe <strong>range courrier<\/strong> vous permet de d\u00e9poser chaque jour rapidement votre courrier dans une entr\u00e9e, une cuisine ou un bureau. En hauteur, il ne se m\u00e9lange pas avec le quotidien et vous \u00e9vite de le perdre!_x000D_n_x000D_nAimant\u00e9 par ailleurs, il vous offre aussi une <strong>solution de rangement magn\u00e9tique puissante<\/strong> pour vos cl\u00e9s._x000D_n_x000D_nEnfin, ce porte courrier magn\u00e9tique est en <strong>bois blanc laqu\u00e9<\/strong>. C&rsquo;est vraiment un tr\u00e8s bel objet de d\u00e9coration aux<strong> finitions tr\u00e8s\u00a0soign\u00e9es.<\/strong> <span style=\"line-height: 1.5\">Avec son <strong>design \u00e9pur\u00e9<\/strong>, il s&rsquo;adaptera ainsi \u00e0\u00a0tous les univers de la maison<\/span><span style=\"line-height: 1.5\">. Avec un laquage blanc, nous vous recommandons de l&rsquo;installer sur un mur blanc. Sa brillance sera ainsi mise en avant.<\/span>_x000D_n_x000D_nDisponible \u00e9galement en <strong><a href=\"https:\/\/1001pateres.com\/produit\/rangement-porte-lettres-aimante-umbra-noir\/\">noir<\/a><\/strong>._x000D_n_x000D_nFacile \u00e0 poser, il n\u00e9cessite toutefois l&rsquo;usage d&rsquo;une perceuse pour sa fixation.\u00a0<span style=\"line-height: 1.5\">Il est vendu <strong>avec ses deux vis et chevilles<\/strong>. Voici ses <strong>dimensions<\/strong> sp\u00e9cifiques ci dessous, afin de vous assurer de l&rsquo;encombrement minimal \u00e0 pr\u00e9voir pour choisir le pan de mur futur qui l&rsquo;accueillera:<\/span>_x000D_n<\/p>\n<ul>_x000D_n \t<\/p>\n<li>Porte courrier longueur: 20\u00a0cm<\/li>\n<p>_x000D_n \t<\/p>\n<li>Range courrier hauteur: 16 cm<\/li>\n<p>_x000D_n<\/ul>\n","protected":false},"excerpt":{"rendered":"<p>Rangement pratique porte-lettres aimant\u00e9 de la marque <em><strong>UMBRA<\/strong><\/em> <strong>laqu\u00e9 blanc<\/strong>.\u00a0Cet organiser magn\u00e9tique est \u00e0 poser dans l&rsquo;entr\u00e9e pour ne plus voir trainer ses papiers et ses clefs.\u00a0Ce rangement magn\u00e9tique en bois blanc laqu\u00e9 est un tr\u00e8s bel objet de d\u00e9coration qui saura se rendre indispensable.<\/p>\n","protected":false},"featured_media":1203,"comment_status":"closed","ping_status":"open","template":"","meta":[],"product_cat":[32],"product_tag":[36],"class_list":["post-192","product","type-product","status-publish","has-post-thumbnail","hentry","product_cat-entree-sejour","product_tag-porte-courrier-range-courrier-vestiaire-vide-poche","description-off"],"_links":{"self":[{"href":"https:\/\/roulettes.vaniseo.top\/index.php\/wp-json\/wp\/v2\/product\/192","targetHints":{"allow":["GET"]}}],"collection":[{"href":"https:\/\/roulettes.vaniseo.top\/index.php\/wp-json\/wp\/v2\/product"}],"about":[{"href":"https:\/\/roulettes.vaniseo.top\/index.php\/wp-json\/wp\/v2\/types\/product"}],"replies":[{"embeddable":true,"href":"https:\/\/roulettes.vaniseo.top\/index.php\/wp-json\/wp\/v2\/comments?post=192"}],"version-history":[{"count":0,"href":"https:\/\/roulettes.vaniseo.top\/index.php\/wp-json\/wp\/v2\/product\/192\/revisions"}],"wp:featuredmedia":[{"embeddable":true,"href":"https:\/\/roulettes.vaniseo.top\/index.php\/wp-json\/wp\/v2\/media\/1203"}],"wp:attachment":[{"href":"https:\/\/roulettes.vaniseo.top\/index.php\/wp-json\/wp\/v2\/media?parent=192"}],"wp:term":[{"taxonomy":"product_cat","embeddable":true,"href":"https:\/\/roulettes.vaniseo.top\/index.php\/wp-json\/wp\/v2\/product_cat?post=192"},{"taxonomy":"product_tag","embeddable":true,"href":"https:\/\/roulettes.vaniseo.top\/index.php\/wp-json\/wp\/v2\/product_tag?post=192"}],"curies":[{"name":"wp","href":"https:\/\/api.w.org\/{rel}","templated":true}]}}