{"id":193,"date":"2022-04-04T16:20:35","date_gmt":"2022-04-04T14:20:35","guid":{"rendered":"https:\/\/roulettes.vaniseo.top\/index.php\/produit\/porte-manteau-mural-blanc-et-3-pateres-metal-umbra\/"},"modified":"2022-04-04T17:17:29","modified_gmt":"2022-04-04T15:17:29","slug":"porte-manteau-mural-blanc-et-3-pateres-metal-umbra","status":"publish","type":"product","link":"https:\/\/roulettes.vaniseo.top\/index.php\/produit\/porte-manteau-mural-blanc-et-3-pateres-metal-umbra\/","title":{"rendered":"Porte manteau mural blanc et 3 pat\u00e8res m\u00e9tal UMBRA"},"content":{"rendered":"<h3>Porte manteau blanc avec 3 pat\u00e8res d\u00e9ployantes UMBRA<\/h3>\n<p>_x000D_n<strong>1001 Pat\u00e8res<\/strong> vous propose ici un <strong>porte manteau mural blanc et 3 pat\u00e8res m\u00e9tal<\/strong> de chez <a href=\"https:\/\/eu.umbra.com\" target=\"_blank\" rel=\"noopener noreferrer\">Umbra<\/a>. D\u00e9couvrez l&rsquo;ensemble de ses <strong>caract\u00e9ristiques techniques<\/strong> et nos meilleurs conseils pour son <strong>installation<\/strong>._x000D_n_x000D_nCommen\u00e7ons par la marque, <strong><a href=\"https:\/\/1001pateres.com\/brand\/umbra\/\">Umbra<\/a><\/strong>. Celle-ci est <strong>canadienne<\/strong>. C&rsquo;est <strong>La plus vendue sur notre site<\/strong> de vente en ligne <strong>n\u00b01 en France<\/strong>. Son succ\u00e8s est d\u00fb \u00e0 un <strong>style moderne, design<\/strong> mais <strong>facile \u00e0 int\u00e9grer<\/strong> \u00e0 tout int\u00e9rieur. L&rsquo;ing\u00e9niosit\u00e9 de sa <strong>collection \u00e0 pat\u00e8re d\u00e9ployante<\/strong> est aussi un point important._x000D_n_x000D_nEn effet, de 3 \u00e0 <a href=\"https:\/\/1001pateres.com\/produit\/porte-manteaux-8-pateres-metal-umbra-laque-blanc\/\">8 pat\u00e8res d\u00e9ployantes<\/a> sont disponibles sur notre site, selon la r\u00e9f\u00e9rence choisie. Ainsi, pat\u00e8res ferm\u00e9es, il s&rsquo;agit d&rsquo;un <strong>objet de d\u00e9coration moderne<\/strong>. Et, pat\u00e8res ouvertes, le <strong>porte manteau<\/strong> est <strong>\u00e9l\u00e9gant<\/strong> et pr\u00eat \u00e0 accueillir avec <strong>robustesse<\/strong>, accessoires et manteaux._x000D_n_x000D_n&nbsp;_x000D_n<\/p>\n<h3>Porte manteau mural laqu\u00e9 \u00e0 3 pat\u00e8res d\u00e9ployantes m\u00e9talliques<\/h3>\n<p>_x000D_nIci, concr\u00e8tement, le support est en <strong>bois laqu\u00e9 blanc<\/strong> et les 3 pat\u00e8res d\u00e9ployantes sont en <strong>acier bross\u00e9<\/strong>. Avec une telle association de coloris, il\u00a0est <strong>facilement int\u00e9grable<\/strong> partout dans la maison pour ne plus voir trainer d&rsquo;affaires._x000D_n_x000D_nPar ailleurs, ce support avec 3 pat\u00e8res est aussi <strong>disponibles dans les coloris<\/strong> suivants:_x000D_n<\/p>\n<ul>_x000D_n \t<\/p>\n<li><a href=\"https:\/\/1001pateres.com\/produit\/porte-manteaux-3-pateres-bois-flotte-et-metal-umbra\/\">Bois flott\u00e9 et crochets m\u00e9tal<\/a><\/li>\n<p>_x000D_n \t<\/p>\n<li><a href=\"https:\/\/1001pateres.com\/produit\/porte-manteaux-3-pateres-metal-umbra-noir\/\">Bois espresso et crochets noirs<\/a><\/li>\n<p>_x000D_n<\/ul>\n<p>_x000D_nCe porte-manteau se compose d&rsquo;un <strong>syst\u00e8me d&rsquo;accrochage simple encastr\u00e9<\/strong> dans le bois, par cons\u00e9quent non visible une fois pos\u00e9 sur le mur.\u00a0<span style=\"line-height: 1.5\">Il se fixe\u00a0au mur avec 2 vis et chevilles fournies, et votre perceuse.<\/span>_x000D_n_x000D_nPrivil\u00e9giez un pan de mur blanc pour son <strong>installation<\/strong>. Vous pourrez ainsi <strong>valoriser la brillance<\/strong> du laquage. Pensez enfin \u00e0 v\u00e9rifier les <strong>dimensions<\/strong> de l&rsquo;espace futur allou\u00e9, afin que ces pat\u00e8res ne soient pas trop larges. Pour ce faire, voici ci dessous l&rsquo;ensemble des mesures \u00e0 conna\u00eetre:_x000D_n<\/p>\n<ul>_x000D_n \t<\/p>\n<li>Porte manteau laqu\u00e9 blanc: 30\u00a0cm X 6 cm<\/li>\n<p>_x000D_n \t<\/p>\n<li>Epaisseur du mur: 3\u00a0cm<\/li>\n<p>_x000D_n<\/ul>\n<p>_x000D_nN&rsquo;h\u00e9sitez pas en cas de question \u00e0 nous \u00e9crire via le formulaire de contact de site. Nous pourrons ainsi vous r\u00e9pondre et vous conseiller selon votre recherche sp\u00e9cifique.<\/p>\n","protected":false},"excerpt":{"rendered":"<p>Porte-manteaux comportant 3 pat\u00e8res d\u00e9ployantes en m\u00e9tal de la marque <em><strong>UMBRA<\/strong><\/em> <strong>laqu\u00e9 blanc<\/strong>.\u00a0Ce porte-manteaux design avec 3 pat\u00e8res est \u00e0 poser partout dans la maison pour ne plus voir trainer ses affaires.\u00a0Il comporte 3 pat\u00e8res en acier bross\u00e9 d\u00e9ployantes et est un tr\u00e8s bel objet de d\u00e9coration.<\/p>\n","protected":false},"featured_media":1206,"comment_status":"closed","ping_status":"open","template":"","meta":[],"product_cat":[29,19,32,21,22,17],"product_tag":[25],"class_list":["post-193","product","type-product","status-publish","has-post-thumbnail","hentry","product_cat-chambre-adulte","product_cat-collectivite","product_cat-entree-sejour","product_cat-entreprise","product_cat-pro","product_cat-salle-de-bain","product_tag-crochet-patere-patere-design-patere-murale-patere-porte-pateres-porte-manteau-porte-serviette-porte-torchon-vestiaire","description-off"],"_links":{"self":[{"href":"https:\/\/roulettes.vaniseo.top\/index.php\/wp-json\/wp\/v2\/product\/193","targetHints":{"allow":["GET"]}}],"collection":[{"href":"https:\/\/roulettes.vaniseo.top\/index.php\/wp-json\/wp\/v2\/product"}],"about":[{"href":"https:\/\/roulettes.vaniseo.top\/index.php\/wp-json\/wp\/v2\/types\/product"}],"replies":[{"embeddable":true,"href":"https:\/\/roulettes.vaniseo.top\/index.php\/wp-json\/wp\/v2\/comments?post=193"}],"version-history":[{"count":0,"href":"https:\/\/roulettes.vaniseo.top\/index.php\/wp-json\/wp\/v2\/product\/193\/revisions"}],"wp:featuredmedia":[{"embeddable":true,"href":"https:\/\/roulettes.vaniseo.top\/index.php\/wp-json\/wp\/v2\/media\/1206"}],"wp:attachment":[{"href":"https:\/\/roulettes.vaniseo.top\/index.php\/wp-json\/wp\/v2\/media?parent=193"}],"wp:term":[{"taxonomy":"product_cat","embeddable":true,"href":"https:\/\/roulettes.vaniseo.top\/index.php\/wp-json\/wp\/v2\/product_cat?post=193"},{"taxonomy":"product_tag","embeddable":true,"href":"https:\/\/roulettes.vaniseo.top\/index.php\/wp-json\/wp\/v2\/product_tag?post=193"}],"curies":[{"name":"wp","href":"https:\/\/api.w.org\/{rel}","templated":true}]}}