{"id":194,"date":"2022-04-04T16:20:35","date_gmt":"2022-04-04T14:20:35","guid":{"rendered":"https:\/\/roulettes.vaniseo.top\/index.php\/produit\/porte-manteau-en-bois-umbra-avec-5-pateres-metal\/"},"modified":"2022-04-04T17:17:30","modified_gmt":"2022-04-04T15:17:30","slug":"porte-manteau-en-bois-umbra-avec-5-pateres-metal","status":"publish","type":"product","link":"https:\/\/roulettes.vaniseo.top\/index.php\/produit\/porte-manteau-en-bois-umbra-avec-5-pateres-metal\/","title":{"rendered":"Porte manteau en bois UMBRA avec 5 pat\u00e8res m\u00e9tal"},"content":{"rendered":"<h3>Porte manteau Umbra en bois naturel avec 5 pat\u00e8res m\u00e9tal<\/h3>\n<p>_x000D_nD\u00e9couvrez ici un porte manteau en bois\u00a0<strong><a href=\"https:\/\/eu.umbra.com\" target=\"_blank\" rel=\"noopener noreferrer\">Umbra<\/a><\/strong>. Il s&rsquo;agit d&rsquo;une r\u00e9f\u00e9rence \u00e0 <strong>accrocher au mur<\/strong>. Elle offre <strong>5 pat\u00e8res d\u00e9ployantes en m\u00e9tal<\/strong> pour maximiser votre rangement._x000D_n_x000D_nTout d&rsquo;abord, c\u00f4t\u00e9 <strong>mat\u00e9riaux<\/strong>, ce porte manteau est en <strong>bois naturel<\/strong> avec 5 pat\u00e8res <strong>m\u00e9tal<\/strong> d\u00e9ployantes. Pr\u00e9cis\u00e9ment il s&rsquo;agit d&rsquo;<strong>acier bross\u00e9<\/strong>._x000D_n_x000D_nLe m\u00e9lange de ces mati\u00e8res que sont le bois et le m\u00e9tal, additionn\u00e9 \u00e0 cette forme de porte-manteaux \u00e0 pat\u00e8res d\u00e9ployantes, est une v\u00e9ritable <strong>signature<\/strong> de la marque <strong><i>UMBRA<\/i><\/strong>. Il est vrai que ce mix est une valeur s\u00fbre. Cela vous\u00a0permet de pouvoir le suspendre partout dans la maison, ou au bureau. <strong>Discret<\/strong>, c&rsquo;est \u00e0 la fois un <strong>bel objet de d\u00e9coration, tr\u00e8s \u00e9pur\u00e9<\/strong>, mais il se montre <strong>tr\u00e8s utile<\/strong> gr\u00e2ce \u00e0 5 zones d&rsquo;accroches. C&rsquo;est l&rsquo;atout parfait pour ne plus voir trainer ses affaires et gagner en clart\u00e9!_x000D_n_x000D_n&nbsp;_x000D_n<\/p>\n<h3>Pat\u00e8res d\u00e9ployantes \u00e0 accrocher au mur<\/h3>\n<p>_x000D_nPar ailleurs, son\u00a0syst\u00e8me d&rsquo;<strong>accrochage<\/strong>\u00a0au mur est <strong>simple<\/strong>. Au dos, celui-ci est encastr\u00e9 dans le bois. Ainsi, la m\u00e9thode d&rsquo;accroche reste <strong>non visible une fois pos\u00e9e<\/strong> sur le mur. Pour ce faire, il doit \u00eatre fixer<span style=\"line-height: 1.5\">\u00a0au mur avec 2 vis. Pour cela, les vis et chevilles sont fournies. Alors, bien s\u00fbr, l<\/span><span style=\"line-height: 1.5\">a pose de ce porte manteau en bois avec 5 pat\u00e8res d\u00e9ployantes n\u00e9cessite l&rsquo;usage d&rsquo;une perceuse.<\/span>_x000D_n_x000D_n&nbsp;_x000D_n_x000D_nRetenez donc qu&rsquo;au del\u00e0 d&rsquo;une facilit\u00e9 d&rsquo;installation, c&rsquo;est surtout un <strong>objet de d\u00e9coration moderne<\/strong>, <strong>de qualit\u00e9<\/strong> vous assurant <strong>\u00e9l\u00e9gance<\/strong> et <strong>praticit\u00e9<\/strong>. A vous une maison ou un bureau rang\u00e9 gr\u00e2ce \u00e0 l&rsquo;utilisation de <strong>5 pat\u00e8res d\u00e9ployantes<\/strong> maximum. Choisissez <a href=\"https:\/\/1001pateres.com\/produit\/porte-manteaux-en-bois-naturel-picket-umbra\/\">Umbra<\/a> pour investir dans un porte manteau en bois de belle qualit\u00e9.\u00a0<span style=\"line-height: 1.5\">Il permet ainsi d&rsquo;offrir une touche de modernit\u00e9 dans votre int\u00e9rieur.<\/span>_x000D_n_x000D_n&nbsp;_x000D_n<\/p>\n<h3>Porte manteau en bois mural UMBRA: dimensions<\/h3>\n<p>_x000D_nD\u00e9couvrez ici les dimensions de ce porte-manteaux en bois mural Umbra \u00e0 5 pat\u00e8res d\u00e9ployantes en m\u00e9tal:_x000D_n<\/p>\n<ul>_x000D_n \t<\/p>\n<li>Le porte-manteaux 50\u00a0cm X 6 cm<\/li>\n<p>_x000D_n \t<\/p>\n<li>Epaisseur du mur 3\u00a0cm<\/li>\n<p>_x000D_n<\/ul>\n","protected":false},"excerpt":{"rendered":"<p>Le <strong>porte manteau en bois Umbra<\/strong>\u00a0comporte <strong>5 pat\u00e8res d\u00e9ployantes en m\u00e9tal<\/strong>. V\u00e9ritable <strong>objet de d\u00e9coration moderne<\/strong>, il repr\u00e9sente tout \u00e0 fait la marque Umbra: un m\u00e9lange de <strong>mati\u00e8res contemporaines<\/strong>, <strong>\u00e9l\u00e9gant<\/strong>, <strong>pratique<\/strong> et <strong>facile \u00e0 poser<\/strong>._x000D_n_x000D_nCe <strong>porte-manteaux avec 5 pat\u00e8res<\/strong> est \u00e0 poser partout dans la maison ou au bureau pour mieux ranger et offrir davantage de nettet\u00e9.\u00a0Ces 5 pat\u00e8res en acier bross\u00e9 d\u00e9ployantes permettent de maximiser son utilisation au gr\u00e9 des besoins.<\/p>\n","protected":false},"featured_media":1208,"comment_status":"closed","ping_status":"open","template":"","meta":[],"product_cat":[29,19,32,21,22,17],"product_tag":[25],"class_list":["post-194","product","type-product","status-publish","has-post-thumbnail","hentry","product_cat-chambre-adulte","product_cat-collectivite","product_cat-entree-sejour","product_cat-entreprise","product_cat-pro","product_cat-salle-de-bain","product_tag-crochet-patere-patere-design-patere-murale-patere-porte-pateres-porte-manteau-porte-serviette-porte-torchon-vestiaire","description-off"],"_links":{"self":[{"href":"https:\/\/roulettes.vaniseo.top\/index.php\/wp-json\/wp\/v2\/product\/194","targetHints":{"allow":["GET"]}}],"collection":[{"href":"https:\/\/roulettes.vaniseo.top\/index.php\/wp-json\/wp\/v2\/product"}],"about":[{"href":"https:\/\/roulettes.vaniseo.top\/index.php\/wp-json\/wp\/v2\/types\/product"}],"replies":[{"embeddable":true,"href":"https:\/\/roulettes.vaniseo.top\/index.php\/wp-json\/wp\/v2\/comments?post=194"}],"version-history":[{"count":0,"href":"https:\/\/roulettes.vaniseo.top\/index.php\/wp-json\/wp\/v2\/product\/194\/revisions"}],"wp:featuredmedia":[{"embeddable":true,"href":"https:\/\/roulettes.vaniseo.top\/index.php\/wp-json\/wp\/v2\/media\/1208"}],"wp:attachment":[{"href":"https:\/\/roulettes.vaniseo.top\/index.php\/wp-json\/wp\/v2\/media?parent=194"}],"wp:term":[{"taxonomy":"product_cat","embeddable":true,"href":"https:\/\/roulettes.vaniseo.top\/index.php\/wp-json\/wp\/v2\/product_cat?post=194"},{"taxonomy":"product_tag","embeddable":true,"href":"https:\/\/roulettes.vaniseo.top\/index.php\/wp-json\/wp\/v2\/product_tag?post=194"}],"curies":[{"name":"wp","href":"https:\/\/api.w.org\/{rel}","templated":true}]}}