{"id":195,"date":"2022-04-04T16:20:35","date_gmt":"2022-04-04T14:20:35","guid":{"rendered":"https:\/\/roulettes.vaniseo.top\/index.php\/produit\/porte-manteau-metallique-a-5-pateres-deployantes-umbra\/"},"modified":"2022-04-04T17:17:30","modified_gmt":"2022-04-04T15:17:30","slug":"porte-manteau-metallique-a-5-pateres-deployantes-umbra","status":"publish","type":"product","link":"https:\/\/roulettes.vaniseo.top\/index.php\/produit\/porte-manteau-metallique-a-5-pateres-deployantes-umbra\/","title":{"rendered":"Porte-manteau m\u00e9tallique \u00e0 5 pat\u00e8res d\u00e9ployantes UMBRA"},"content":{"rendered":"<h3>Porte-manteau mural m\u00e9tal UMBRA \u00e0 5 pat\u00e8res mobiles<\/h3>\n<p>_x000D_n1001 pat\u00e8res vous propose de d\u00e9couvrir un porte-manteau m\u00e9tallique \u00e0 5 pat\u00e8res mobiles de chez <a href=\"https:\/\/eu.umbra.com\" target=\"_blank\" rel=\"noopener noreferrer\">UMBRA<\/a>. Ci dessous, apprenez en plus sur ses caract\u00e9ristiques techniques et ses astuces d&rsquo;installation._x000D_n_x000D_nMais tout d&rsquo;abord, d\u00e9couvrez <a href=\"https:\/\/1001pateres.com\/brand\/umbra\/\">Umbra<\/a>, sa marque canadienne. C&rsquo;est <strong>la plus vendue sur notre site<\/strong> r\u00e9f\u00e9renc\u00e9 comme<strong> n\u00b01 de la vente en ligne en France de pat\u00e8res<\/strong>. Autant dire que vous pouvez suivre Umbra, reconnue aujourd&rsquo;hui comme <strong>marque s\u00e9rieuse, au bon rapport qualit\u00e9 prix.<\/strong>_x000D_n_x000D_nLeur signature est une cr\u00e9ation \u00e0 chaque fois <strong>moderne, contemporaine, et design<\/strong>. L&rsquo;une de leur id\u00e9e novatrice est le principe des <strong>pat\u00e8res d\u00e9ployantes<\/strong>. Ainsi, la pat\u00e8re ferm\u00e9e, le porte-manteaux est un <strong>objet de d\u00e9coration<\/strong>. Tandis que lorsque le crochet est ouvert, il devient un <strong>porte manteau \u00e9l\u00e9gant et efficace<\/strong> pour le rangement de votre maison. <strong>Robuste<\/strong>, chaque <strong>crochet<\/strong> peut accueillir autant des <strong>accessoires<\/strong>, que des <strong>v\u00eatements<\/strong>. Ainsi, la collection s&rsquo;int\u00e8gre partout dans votre maison pour un int\u00e9rieur plus net._x000D_n_x000D_nD\u00e9couvrez des r\u00e9f\u00e9rences offrant de 3 \u00e0 <a href=\"https:\/\/1001pateres.com\/produit\/porte-manteaux-8-pateres-metal-umbra-espresso\/\">8 crochets<\/a> sur ce site._x000D_n_x000D_n&nbsp;_x000D_n<\/p>\n<h3>Porte-manteau m\u00e9tallique \u00e0 5 pat\u00e8res acier bross\u00e9<\/h3>\n<p>_x000D_nIci, sp\u00e9cifiquement, ces 5 pat\u00e8res d\u00e9ployantes sont en <strong>acier bross\u00e9<\/strong> sur un support <strong>m\u00e9tallique<\/strong>. Gr\u00e2ce \u00e0 cet ensemble acier, nos clients l&rsquo;utilisent autant dans une salle de bain, une cuisine, un bureau, un vestiaire ou une entr\u00e9e. L&rsquo;acier bross\u00e9 est comme le blanc, un <strong>passe-partout facile \u00e0 int\u00e9grer<\/strong>._x000D_n_x000D_n1001 Pat\u00e8res propose aussi l&rsquo;article en coloris:_x000D_n<\/p>\n<ul>_x000D_n \t<\/p>\n<li><a href=\"https:\/\/1001pateres.com\/produit\/porte-manteaux-5-pateres-metal-umbra-espresso\/\">Bois espresso et pat\u00e8res m\u00e9talliques<\/a><\/li>\n<p>_x000D_n \t<\/p>\n<li><a href=\"https:\/\/1001pateres.com\/produit\/porte-manteaux-5-pateres-metal-umbra-laque-blanc\/\">Blanc et pat\u00e8res m\u00e9talliques<\/a><\/li>\n<p>_x000D_n \t<\/p>\n<li><a href=\"https:\/\/1001pateres.com\/produit\/porte-manteaux-5-pateres-metal-umbra-en-bois\/\">Bois et pat\u00e8res m\u00e9talliques<\/a><\/li>\n<p>_x000D_n<\/ul>\n<p>_x000D_n&nbsp;_x000D_n_x000D_nAinsi, pour l&rsquo;<strong>accrochage<\/strong>, tout est tr\u00e8s simple. Le syst\u00e8me est encastr\u00e9 dans le support et non visible une fois pos\u00e9e sur le mur. Le porte manteau s<span style=\"line-height: 1.5\">e fixe\u00a0au mur avec 2 vis. A noter que les vis et chevilles sont fournies mais l&rsquo;installation n\u00e9cessite l&rsquo;usage de votre perceuse.<\/span>_x000D_n_x000D_nEnfin, voici les <strong>dimensions<\/strong> de ce porte mental Umbra \u00e0 5 pat\u00e8res. Vous pourrez ainsi comparer la taille du pan de mur d\u00e9di\u00e9 \u00e0 celles ci dessous et vous assurez de la faisabilit\u00e9 d&rsquo;installation:_x000D_n<\/p>\n<ul>_x000D_n \t<\/p>\n<li>Le porte-manteau m\u00e9tallique: 50\u00a0cm X 6 cm<\/li>\n<p>_x000D_n \t<\/p>\n<li>Epaisseur du mur 3\u00a0cm<\/li>\n<p>_x000D_n<\/ul>\n","protected":false},"excerpt":{"rendered":"<p>Porte-manteaux comportant 5 pat\u00e8res en <strong>m\u00e9tal<\/strong> d\u00e9ployantes de la marque <em><strong>UMBRA<\/strong><\/em>.\u00a0Ce porte-manteaux avec 5 pat\u00e8res est \u00e0 poser partout dans la maison pour ne plus voir trainer ses affaires.\u00a0Il comporte 5 pat\u00e8res en acier bross\u00e9 d\u00e9ployantes et est un tr\u00e8s bel objet de d\u00e9coration.<\/p>\n","protected":false},"featured_media":1210,"comment_status":"closed","ping_status":"open","template":"","meta":[],"product_cat":[29,19,32,21,22,17],"product_tag":[25],"class_list":["post-195","product","type-product","status-publish","has-post-thumbnail","hentry","product_cat-chambre-adulte","product_cat-collectivite","product_cat-entree-sejour","product_cat-entreprise","product_cat-pro","product_cat-salle-de-bain","product_tag-crochet-patere-patere-design-patere-murale-patere-porte-pateres-porte-manteau-porte-serviette-porte-torchon-vestiaire","description-off"],"_links":{"self":[{"href":"https:\/\/roulettes.vaniseo.top\/index.php\/wp-json\/wp\/v2\/product\/195","targetHints":{"allow":["GET"]}}],"collection":[{"href":"https:\/\/roulettes.vaniseo.top\/index.php\/wp-json\/wp\/v2\/product"}],"about":[{"href":"https:\/\/roulettes.vaniseo.top\/index.php\/wp-json\/wp\/v2\/types\/product"}],"replies":[{"embeddable":true,"href":"https:\/\/roulettes.vaniseo.top\/index.php\/wp-json\/wp\/v2\/comments?post=195"}],"version-history":[{"count":0,"href":"https:\/\/roulettes.vaniseo.top\/index.php\/wp-json\/wp\/v2\/product\/195\/revisions"}],"wp:featuredmedia":[{"embeddable":true,"href":"https:\/\/roulettes.vaniseo.top\/index.php\/wp-json\/wp\/v2\/media\/1210"}],"wp:attachment":[{"href":"https:\/\/roulettes.vaniseo.top\/index.php\/wp-json\/wp\/v2\/media?parent=195"}],"wp:term":[{"taxonomy":"product_cat","embeddable":true,"href":"https:\/\/roulettes.vaniseo.top\/index.php\/wp-json\/wp\/v2\/product_cat?post=195"},{"taxonomy":"product_tag","embeddable":true,"href":"https:\/\/roulettes.vaniseo.top\/index.php\/wp-json\/wp\/v2\/product_tag?post=195"}],"curies":[{"name":"wp","href":"https:\/\/api.w.org\/{rel}","templated":true}]}}