{"id":196,"date":"2022-04-04T16:20:43","date_gmt":"2022-04-04T14:20:43","guid":{"rendered":"https:\/\/roulettes.vaniseo.top\/index.php\/produit\/patere-reglable-2-crochets-en-aluminium-brosse\/"},"modified":"2022-04-04T17:17:32","modified_gmt":"2022-04-04T15:17:32","slug":"patere-reglable-2-crochets-en-aluminium-brosse","status":"publish","type":"product","link":"https:\/\/roulettes.vaniseo.top\/index.php\/produit\/patere-reglable-2-crochets-en-aluminium-brosse\/","title":{"rendered":"Pat\u00e8re r\u00e9glable 2 crochets en aluminium bross\u00e9"},"content":{"rendered":"<h3>Patere porte serviette salle de bain aluminium 2 crochets r\u00e9glables<\/h3>\n<p>_x000D_nEt si les <strong>doubles crochets inoxydables<\/strong> de son\u00a0<strong>porte manteau<\/strong> se mettaient \u00e0 bouger? En effet, 1001 Pat\u00e8res pr\u00e9sente sa\u00a0<strong>pat\u00e8re r\u00e9glable \u00e0 2\u00a0crochets en aluminium bross\u00e9<\/strong>.\u00a0Ci dessous, d\u00e9couvrez donc toutes ses caract\u00e9ristiques pour ainsi \u00eatre s\u00fbr de votre futur achat._x000D_n_x000D_n<a href=\"https:\/\/1001pateres.com\/brand\/1001pateres\/\">1001 Pat\u00e8res<\/a> tout d\u2019abord,\u00a0est le <strong>leader en France des pat\u00e8res<\/strong>. Le site propose des <strong>designs vari\u00e9s et \u00e0 tous les\u00a0<\/strong><b>prix <\/b>permettant de r\u00e9pondre \u00e0 chacun des besoins. Son objectif est comme vous, de permettre de jouir d&rsquo;une\u00a0maison ou d&rsquo;une entreprise rang\u00e9e et jolie!_x000D_n_x000D_nAinsi, ci-contre, la patere porte serviette salle de bain est\u00a0<strong>polyvalente<\/strong>\u00a0dans toute maison ou entreprise.\u00a0Elle se fixe au mur pour s&rsquo;int\u00e9grer avec discr\u00e9tion \u00e0 votre int\u00e9rieur. Elle comporte <strong>2 crochets pat\u00e8res r\u00e9glables<\/strong>, de couleur <strong>aluminium bross\u00e9<\/strong>. Gr\u00e2ce \u00e0 cette flexibilit\u00e9 de positionnement des crochets, vous adorerez\u00a0<strong>maximiser le rangement<\/strong> et d\u00e9placer \u00e0 votre convenance les crochets de gauche \u00e0 droite selon ce que vous souhaitez ranger._x000D_n_x000D_nConcr\u00e8tement, les accessoires qui ne requi\u00e8rent que peu de place pourront \u00eatre suspendus sur des <strong>crochets resserr\u00e9s<\/strong> les uns des autres. Tandis que ceux qui prennent plus de place, comme les chapeaux ou les doudounes, pourront \u00eatre suspendus sur des <strong>crochets \u00e9cart\u00e9s<\/strong>._x000D_n_x000D_n&nbsp;_x000D_n<\/p>\n<h3>Comment fixer au mur la pat\u00e8re r\u00e9glable \u00e0 2 crochets en aluminium bross\u00e9?<\/h3>\n<p>_x000D_nC\u00f4t\u00e9 <strong>installation<\/strong>, cette pat\u00e8re double en aluminium bross\u00e9 comporte 2 crochets pat\u00e8res et son\u00a0syst\u00e8me d&rsquo;accrochage avec ses vis, ses chevilles et sa clef allen pour le r\u00e9glage. Cela rend l\u2019ensemble<strong> facile et rapide \u00e0 poser.<\/strong>\u00a0Toutefois, il vous faudra votre propre perceuse pour sa fixation._x000D_n_x000D_nVoici ses <strong>dimensions <\/strong>ci dessous. Nous vous conseillons de choisir un pan de mur dans un angle discret, ou peu large pour jouer la discr\u00e9tion:_x000D_n<\/p>\n<ul>_x000D_n \t<\/p>\n<li>La base 14,1 cm X 3 cm<\/li>\n<p>_x000D_n \t<\/p>\n<li>Ecartement maxi 5 cm<\/li>\n<p>_x000D_n \t<\/p>\n<li>Hauteur de chaque pat\u00e8re 5,2 cm<\/li>\n<p>_x000D_n \t<\/p>\n<li>Vis de 2,3 cm<\/li>\n<p>_x000D_n<\/ul>\n<p>_x000D_nEnfin, ce mod\u00e8le existe aussi avec \u00a0<a href=\"https:\/\/1001pateres.com\/produit\/patere-3-crochets-en-aluminium-brosse-reglable\/\">3<\/a>, <a href=\"https:\/\/1001pateres.com\/produit\/patere-4-reglable-en-aluminium-brosse\/\">4<\/a>, <a href=\"https:\/\/1001pateres.com\/produit\/patere-5-crochets-en-aluminium-brosse\/\">5<\/a>, <a href=\"https:\/\/1001pateres.com\/produit\/patere-7-crochets-en-aluminium-brosse-reglable\/\">7<\/a>\u00a0et <a href=\"https:\/\/1001pateres.com\/produit\/patere-8-crochets-en-aluminium-brosse\/\">8<\/a> crochets r\u00e9glables. Vous avez l\u2019embarras du choix!<\/p>\n","protected":false},"excerpt":{"rendered":"<p>Porte-serviettes aluminium avec des pat\u00e8res. Belle <strong>pat\u00e8re double<\/strong> en <em><strong>aluminium bross\u00e9<\/strong><\/em> qui peut servir pour de multiples usages dans la maison ou l&rsquo;entreprise et qui est particuli\u00e8rement adapt\u00e9 aux pi\u00e8ces humide.\u00a0Elle est murale au design simple et passe-partout.<\/p>\n","protected":false},"featured_media":1212,"comment_status":"closed","ping_status":"open","template":"","meta":[],"product_cat":[19,20,21,22,17],"product_tag":[25],"class_list":["post-196","product","type-product","status-publish","has-post-thumbnail","hentry","product_cat-collectivite","product_cat-cuisine","product_cat-entreprise","product_cat-pro","product_cat-salle-de-bain","product_tag-crochet-patere-patere-design-patere-murale-patere-porte-pateres-porte-manteau-porte-serviette-porte-torchon-vestiaire","description-off"],"_links":{"self":[{"href":"https:\/\/roulettes.vaniseo.top\/index.php\/wp-json\/wp\/v2\/product\/196","targetHints":{"allow":["GET"]}}],"collection":[{"href":"https:\/\/roulettes.vaniseo.top\/index.php\/wp-json\/wp\/v2\/product"}],"about":[{"href":"https:\/\/roulettes.vaniseo.top\/index.php\/wp-json\/wp\/v2\/types\/product"}],"replies":[{"embeddable":true,"href":"https:\/\/roulettes.vaniseo.top\/index.php\/wp-json\/wp\/v2\/comments?post=196"}],"version-history":[{"count":0,"href":"https:\/\/roulettes.vaniseo.top\/index.php\/wp-json\/wp\/v2\/product\/196\/revisions"}],"wp:featuredmedia":[{"embeddable":true,"href":"https:\/\/roulettes.vaniseo.top\/index.php\/wp-json\/wp\/v2\/media\/1212"}],"wp:attachment":[{"href":"https:\/\/roulettes.vaniseo.top\/index.php\/wp-json\/wp\/v2\/media?parent=196"}],"wp:term":[{"taxonomy":"product_cat","embeddable":true,"href":"https:\/\/roulettes.vaniseo.top\/index.php\/wp-json\/wp\/v2\/product_cat?post=196"},{"taxonomy":"product_tag","embeddable":true,"href":"https:\/\/roulettes.vaniseo.top\/index.php\/wp-json\/wp\/v2\/product_tag?post=196"}],"curies":[{"name":"wp","href":"https:\/\/api.w.org\/{rel}","templated":true}]}}