{"id":197,"date":"2022-04-04T16:20:43","date_gmt":"2022-04-04T14:20:43","guid":{"rendered":"https:\/\/roulettes.vaniseo.top\/index.php\/produit\/porte-manteau-patere-double-underground\/"},"modified":"2022-04-04T17:17:33","modified_gmt":"2022-04-04T15:17:33","slug":"porte-manteau-patere-double-underground","status":"publish","type":"product","link":"https:\/\/roulettes.vaniseo.top\/index.php\/produit\/porte-manteau-patere-double-underground\/","title":{"rendered":"Porte-manteau pat\u00e8re double UNDERGROUND"},"content":{"rendered":"<h4>Porte-manteau\u00a0pat\u00e8re double UNDERGROUND<\/h4>\n<p>_x000D_nBeau <strong>porte-manteau\u00a0<\/strong>pat\u00e8re double <em><strong>UNDERGROUND<\/strong><\/em> original en bois reconstitu\u00e9._x000D_n_x000D_nTr\u00e8s en vogue ce mod\u00e8le plaira certainement \u00e0 tous les membres de la famille._x000D_n_x000D_nCe porte-manteau est \u00e0 poser partout dans la <em>maison<\/em> pour ne plus voir trainer ses affaires, et particuli\u00e8rement dans une chambre d&rsquo;enfant ou d&rsquo;adolescent._x000D_n_x000D_nIl permettra d&rsquo;accrocher tout type d&rsquo;objets._x000D_n_x000D_nSon look s&rsquo;adaptera \u00e0 une ambiance tr\u00e8s urbaine, anglaise ou am\u00e9ricaine._x000D_n_x000D_nAussi, celui-ci comporte deux crochets pat\u00e8res m\u00e9talliques avec un\u00a0embout en forme de boule\u00a0pour ne pas abimer ou trouer les affaires. Il y a aussi un syst\u00e8me d&rsquo;accrochage simple en m\u00e9tal dor\u00e9._x000D_n_x000D_nDe plus, le d\u00e9cor est original et de belle qualit\u00e9._x000D_n_x000D_nFacile \u00e0 fixer, il tient au mur avec deux crochets ou vis de votre choix._x000D_n<\/p>\n<h4>Dimensions :<\/h4>\n<p>_x000D_n<\/p>\n<ul>_x000D_n \t<\/p>\n<li>La plaque\u00a0est de dimension 13,1 cm X 7 cm<\/li>\n<p>_x000D_n \t<\/p>\n<li>Hauteur totale = 11,5 cm<\/li>\n<p>_x000D_n \t<\/p>\n<li>Ecartement du mur 2,5 cm<\/li>\n<p>_x000D_n<\/ul>\n","protected":false},"excerpt":{"rendered":"<p>Beau porte-manteau <strong>pat\u00e8re double<\/strong> <em><strong>UNDERGROUND<\/strong><\/em> en bois reconstitu\u00e9.\u00a0Il est \u00e0 poser partout dans la maison pour ne plus voir trainer ses affaires, et particuli\u00e8rement dans une chambre d&rsquo;enfant ou d&rsquo;adolescent.\u00a0Il comporte deux crochets pat\u00e8res m\u00e9talliques avec un embout boule pour ne pas abimer les affaires et un syst\u00e8me d&rsquo;accrochage simple en m\u00e9tal dor\u00e9.<\/p>\n","protected":false},"featured_media":1215,"comment_status":"closed","ping_status":"open","template":"","meta":[],"product_cat":[16,17,23],"product_tag":[25],"class_list":["post-197","product","type-product","status-publish","has-post-thumbnail","hentry","product_cat-chambre-enfant","product_cat-salle-de-bain","product_cat-toilette-wc","product_tag-crochet-patere-patere-design-patere-murale-patere-porte-pateres-porte-manteau-porte-serviette-porte-torchon-vestiaire","description-off"],"_links":{"self":[{"href":"https:\/\/roulettes.vaniseo.top\/index.php\/wp-json\/wp\/v2\/product\/197","targetHints":{"allow":["GET"]}}],"collection":[{"href":"https:\/\/roulettes.vaniseo.top\/index.php\/wp-json\/wp\/v2\/product"}],"about":[{"href":"https:\/\/roulettes.vaniseo.top\/index.php\/wp-json\/wp\/v2\/types\/product"}],"replies":[{"embeddable":true,"href":"https:\/\/roulettes.vaniseo.top\/index.php\/wp-json\/wp\/v2\/comments?post=197"}],"version-history":[{"count":0,"href":"https:\/\/roulettes.vaniseo.top\/index.php\/wp-json\/wp\/v2\/product\/197\/revisions"}],"wp:featuredmedia":[{"embeddable":true,"href":"https:\/\/roulettes.vaniseo.top\/index.php\/wp-json\/wp\/v2\/media\/1215"}],"wp:attachment":[{"href":"https:\/\/roulettes.vaniseo.top\/index.php\/wp-json\/wp\/v2\/media?parent=197"}],"wp:term":[{"taxonomy":"product_cat","embeddable":true,"href":"https:\/\/roulettes.vaniseo.top\/index.php\/wp-json\/wp\/v2\/product_cat?post=197"},{"taxonomy":"product_tag","embeddable":true,"href":"https:\/\/roulettes.vaniseo.top\/index.php\/wp-json\/wp\/v2\/product_tag?post=197"}],"curies":[{"name":"wp","href":"https:\/\/api.w.org\/{rel}","templated":true}]}}