{"id":199,"date":"2022-04-04T16:20:43","date_gmt":"2022-04-04T14:20:43","guid":{"rendered":"https:\/\/roulettes.vaniseo.top\/index.php\/produit\/porte-manteau-patere-paon\/"},"modified":"2022-04-04T17:17:34","modified_gmt":"2022-04-04T15:17:34","slug":"porte-manteau-patere-paon","status":"publish","type":"product","link":"https:\/\/roulettes.vaniseo.top\/index.php\/produit\/porte-manteau-patere-paon\/","title":{"rendered":"Porte-manteau pat\u00e8re paon"},"content":{"rendered":"<h4>Porte-manteau pat\u00e8re paon.<\/h4>\n<p>_x000D_nBeau porte-manteau <strong>pat\u00e8re<\/strong> paon._x000D_n_x000D_nAussi, cette pat\u00e8re originale est en <em><strong>m\u00e9tal imprim\u00e9<\/strong><\/em>._x000D_n_x000D_nCelle-ci comporte un d\u00e9cor de<em> paon<\/em> stylis\u00e9 dans les tons de vert \u00e0 bleu; elle est facile \u00e0\u00a0poser partout dans la maison entre autre pour toute sorte d&rsquo;utilisation._x000D_n_x000D_nCe mod\u00e8le comporte un crochet m\u00e9tallique avec une boule en porcelaine blanche \u00e0 l&rsquo;extr\u00e9mit\u00e9 afin de ne pas abimer les affaires ainsi qu&rsquo;un syst\u00e8me d&rsquo;accrochage simple._x000D_n_x000D_nDe plus, le d\u00e9cor est original et de belle qualit\u00e9._x000D_n_x000D_nElle tient au mur avec un crochet ou une vis de votre choix._x000D_n<\/p>\n<h4>Dimensions :<\/h4>\n<p>_x000D_n<\/p>\n<ul>_x000D_n \t<\/p>\n<li>La plaque\u00a0est de dimension 8,2 cm X 11,1 cm<\/li>\n<p>_x000D_n \t<\/p>\n<li>Hauteur totale 17,1 cm<\/li>\n<p>_x000D_n \t<\/p>\n<li>Ecartement du mur 5 cm<\/li>\n<p>_x000D_n<\/ul>\n","protected":false},"excerpt":{"rendered":"<p>Beau porte-manteau pat\u00e8re <strong>paon<\/strong>. Cette pat\u00e8re est en <em><strong>m\u00e9tal imprim\u00e9<\/strong><\/em>.\u00a0Elle comporte un d\u00e9cor de paon stylis\u00e9 dans les tons de vert \u00e0 bleu facile \u00e0 poser partout dans la maison.\u00a0Elle comporte un crochet m\u00e9tallique avec une boule \u00e0 l&rsquo;extr\u00e9mit\u00e9 pour ne pas abimer les affaires et un syst\u00e8me d&rsquo;accrochage simple.\u00a0Le d\u00e9cor est original et de belle qualit\u00e9.<\/p>\n","protected":false},"featured_media":1220,"comment_status":"closed","ping_status":"open","template":"","meta":[],"product_cat":[29,16,32,17,23],"product_tag":[27],"class_list":["post-199","product","type-product","status-publish","has-post-thumbnail","hentry","product_cat-chambre-adulte","product_cat-chambre-enfant","product_cat-entree-sejour","product_cat-salle-de-bain","product_cat-toilette-wc","product_tag-crochet-patere-patere-design-patere-murale-patere-porte-pateres-porte-serviette-porte-torchon-vestiaire","description-off"],"_links":{"self":[{"href":"https:\/\/roulettes.vaniseo.top\/index.php\/wp-json\/wp\/v2\/product\/199","targetHints":{"allow":["GET"]}}],"collection":[{"href":"https:\/\/roulettes.vaniseo.top\/index.php\/wp-json\/wp\/v2\/product"}],"about":[{"href":"https:\/\/roulettes.vaniseo.top\/index.php\/wp-json\/wp\/v2\/types\/product"}],"replies":[{"embeddable":true,"href":"https:\/\/roulettes.vaniseo.top\/index.php\/wp-json\/wp\/v2\/comments?post=199"}],"version-history":[{"count":0,"href":"https:\/\/roulettes.vaniseo.top\/index.php\/wp-json\/wp\/v2\/product\/199\/revisions"}],"wp:featuredmedia":[{"embeddable":true,"href":"https:\/\/roulettes.vaniseo.top\/index.php\/wp-json\/wp\/v2\/media\/1220"}],"wp:attachment":[{"href":"https:\/\/roulettes.vaniseo.top\/index.php\/wp-json\/wp\/v2\/media?parent=199"}],"wp:term":[{"taxonomy":"product_cat","embeddable":true,"href":"https:\/\/roulettes.vaniseo.top\/index.php\/wp-json\/wp\/v2\/product_cat?post=199"},{"taxonomy":"product_tag","embeddable":true,"href":"https:\/\/roulettes.vaniseo.top\/index.php\/wp-json\/wp\/v2\/product_tag?post=199"}],"curies":[{"name":"wp","href":"https:\/\/api.w.org\/{rel}","templated":true}]}}