{"id":20,"date":"2022-04-04T16:20:00","date_gmt":"2022-04-04T14:20:00","guid":{"rendered":"https:\/\/roulettes.vaniseo.top\/index.php\/produit\/patere-bois-peint-baleine-rose\/"},"modified":"2022-04-04T17:08:37","modified_gmt":"2022-04-04T15:08:37","slug":"patere-bois-peint-baleine-rose","status":"publish","type":"product","link":"https:\/\/roulettes.vaniseo.top\/index.php\/produit\/patere-bois-peint-baleine-rose\/","title":{"rendered":"Pat\u00e8re bois peint baleine rose"},"content":{"rendered":"<h4>Porte-manteau baleine rose en bois.<\/h4>\n<p>_x000D_nJolie pat\u00e8re <strong>bois peint<\/strong> <em><strong>baleine rose<\/strong><\/em>._x000D_n_x000D_nElle comporte un crochet et un syst\u00e8me d&rsquo;accrochage\u00a0en m\u00e9tal avec un embout form\u00e9 d&rsquo;une boule en bois de couleur rouge pour plus de s\u00e9curit\u00e9._x000D_n_x000D_nUne fois pos\u00e9e au mur, elle permet de r\u00e9sister \u00e0 un poids d&rsquo;environ 5 kg._x000D_n_x000D_nLe design est simple et na\u00eff, id\u00e9al pour une chambre d\u2019enfant ou pour la salle de bain._x000D_n_x000D_nElle tient au mur avec un crochet de votre choix._x000D_n<\/p>\n<h4>Dimensions :<\/h4>\n<p>_x000D_n<\/p>\n<ul>_x000D_n \t<\/p>\n<li>La baleine est de dimension 9,2 cm X 7,2 cm<\/li>\n<p>_x000D_n \t<\/p>\n<li>Avec le crochet Hauteur = 11,3 cm<\/li>\n<p>_x000D_n \t<\/p>\n<li>Ecartement du mur 4 cm<\/li>\n<p>_x000D_n<\/ul>\n","protected":false},"excerpt":{"rendered":"<p>Jolie <strong>pat\u00e8re bois<\/strong> peint <em><strong>baleine rose<\/strong><\/em>.\u00a0Le design est simple et na\u00eff id\u00e9al pour une chambre d\u2019enfant ou une salle de bain. Ce porte-manteau pour enfant, une fois fix\u00e9 au mur, permet de r\u00e9sister \u00e0 un poids de 5 kg environ. Elle est facile \u00e0 poser.<\/p>\n","protected":false},"featured_media":714,"comment_status":"closed","ping_status":"open","template":"","meta":[],"product_cat":[16,17],"product_tag":[18],"class_list":["post-20","product","type-product","status-publish","has-post-thumbnail","hentry","product_cat-chambre-enfant","product_cat-salle-de-bain","product_tag-crochet-patere-patere-design-patere-murale-patere-porte-porte-serviette-porte-torchon-vestiaire","description-off"],"_links":{"self":[{"href":"https:\/\/roulettes.vaniseo.top\/index.php\/wp-json\/wp\/v2\/product\/20","targetHints":{"allow":["GET"]}}],"collection":[{"href":"https:\/\/roulettes.vaniseo.top\/index.php\/wp-json\/wp\/v2\/product"}],"about":[{"href":"https:\/\/roulettes.vaniseo.top\/index.php\/wp-json\/wp\/v2\/types\/product"}],"replies":[{"embeddable":true,"href":"https:\/\/roulettes.vaniseo.top\/index.php\/wp-json\/wp\/v2\/comments?post=20"}],"version-history":[{"count":0,"href":"https:\/\/roulettes.vaniseo.top\/index.php\/wp-json\/wp\/v2\/product\/20\/revisions"}],"wp:featuredmedia":[{"embeddable":true,"href":"https:\/\/roulettes.vaniseo.top\/index.php\/wp-json\/wp\/v2\/media\/714"}],"wp:attachment":[{"href":"https:\/\/roulettes.vaniseo.top\/index.php\/wp-json\/wp\/v2\/media?parent=20"}],"wp:term":[{"taxonomy":"product_cat","embeddable":true,"href":"https:\/\/roulettes.vaniseo.top\/index.php\/wp-json\/wp\/v2\/product_cat?post=20"},{"taxonomy":"product_tag","embeddable":true,"href":"https:\/\/roulettes.vaniseo.top\/index.php\/wp-json\/wp\/v2\/product_tag?post=20"}],"curies":[{"name":"wp","href":"https:\/\/api.w.org\/{rel}","templated":true}]}}