{"id":200,"date":"2022-04-04T16:20:43","date_gmt":"2022-04-04T14:20:43","guid":{"rendered":"https:\/\/roulettes.vaniseo.top\/index.php\/produit\/pateres-design-set-de-3-branches-blanches-puhlmann\/"},"modified":"2022-04-04T17:17:34","modified_gmt":"2022-04-04T15:17:34","slug":"pateres-design-set-de-3-branches-blanches-puhlmann","status":"publish","type":"product","link":"https:\/\/roulettes.vaniseo.top\/index.php\/produit\/pateres-design-set-de-3-branches-blanches-puhlmann\/","title":{"rendered":"Pat\u00e8res design set de 3 branches blanches Puhlmann"},"content":{"rendered":"<h3>Pat\u00e8res Puhlmann de 3 branches blanches<\/h3>\n<p>_x000D_n<strong>1001 Pat\u00e8res<\/strong> vous recommande les <strong>pat\u00e8res design Puhlmann<\/strong>, notamment ce <strong>set de 3 branches blanches<\/strong>._x000D_n_x000D_nEn effet, n\u00b01 en France de la vente de porte manteaux, nous vous s\u00e9lectionnons les <strong>meilleures r\u00e9f\u00e9rences de pat\u00e8res cr\u00e9\u00e9es par les designers internationaux<\/strong>.<span class=\"Apple-converted-space\">\u00a0<\/span>_x000D_n_x000D_nAinsi, ici, d\u00e9couvrez <a href=\"https:\/\/1001pateres.com\/brand\/puhlmann\">Puhlmann<\/a>, une marque de <strong>Capventure<\/strong>, au <strong>Pays-Bas<\/strong>. Cette <strong>marque nordique<\/strong> propose non seulement des <strong>porte manteaux<\/strong> mais aussi d\u2019<strong>autres objets d\u00e9coratif innovants et originaux<\/strong>. Sur notre site, nous proposons principalement des <strong>sets<\/strong> de plusieurs pat\u00e8res en formes de <strong>boutons<\/strong> et de <strong>branches<\/strong> comme ici._x000D_n_x000D_nD\u2019ailleurs cette collection <em><strong>Branches<\/strong><\/em> est disponible comme ici en blanche, mais aussi en <a href=\"https:\/\/1001pateres.com\/produit\/pateres-design-set-trois-branches-argentees\/\">argent\u00e9e<\/a> et en <a href=\"https:\/\/1001pateres.com\/produit\/pateres-design-set-trois-branches-noires\/\">noire<\/a>._x000D_n_x000D_nCes <strong>pat\u00e8res design<\/strong> sont donc compos\u00e9es d\u2019un set de 3 <strong>branches en r\u00e9sine<\/strong> laqu\u00e9e <strong>blanche<\/strong>. Vous aimerez donc leurs touchers et leurs rendus visuels vraiment <strong>\u00e9l\u00e9gants<\/strong>. Bien s\u00fbr, la r\u00e9sine laqu\u00e9e est aussi un gage de qualit\u00e9 pour une <strong>r\u00e9sistance<\/strong> face \u00e0 un usage quotidien._x000D_n_x000D_n&nbsp;_x000D_n<\/p>\n<h3><b>Comment installer les pat\u00e8res design du set de 3 branches blanches Puhlmann?<\/b><\/h3>\n<p>_x000D_nPar ailleurs, pour les installer, le produit comprend une vis et une cheville. Le syst\u00e8me d\u2019<strong>accrochage<\/strong> n\u00e9cessitera seulement l\u2019utilisation de votre perceuse.<span class=\"Apple-converted-space\">\u00a0 <\/span>Bien s\u00fbr, pensez toujours \u00e0 <strong>\u00e9tudier chaque produit avant son achat<\/strong>. R\u00e9fl\u00e9chissez notamment ici o\u00f9 vous souhaiteriez les <strong>installer<\/strong> et comparez votre id\u00e9e avec ses <strong>dimensions<\/strong>:_x000D_n<\/p>\n<ul>_x000D_n \t<\/p>\n<li>Pour une branche dimension : 2,2 cm X 5 cm<\/li>\n<p>_x000D_n \t<\/p>\n<li>Ecartement du mur 4 cm.<\/li>\n<p>_x000D_n<\/ul>\n<p>_x000D_n&nbsp;_x000D_n_x000D_nEnfin, c\u00f4t\u00e9 <strong>am\u00e9nagement<\/strong>, nos clients se contentent parfois que d\u2019<strong>un set qu\u2019ils installent en ligne,<\/strong> parfois ils<strong> mixent les 3 r\u00e9f\u00e9rences<\/strong> sur un m\u00eame pans de mur <strong>pour d\u00e9multiplier les solutions de rangement<\/strong>._x000D_n_x000D_nDans tous les cas, si vous voulez valoriser ce set, installez-le <strong>plut\u00f4t sur un mur fonc\u00e9<\/strong>. Le <strong>contraste<\/strong> le rendra vraiment visible. En revanche, pour <strong>valoriser le c\u00f4t\u00e9 naturel, discret<\/strong> mais pr\u00e9sent, jouez la <strong>carte du ton sur ton<\/strong>, sur un <strong>mur clair<\/strong>.<\/p>\n","protected":false},"excerpt":{"rendered":"<p>Belles pat\u00e8res design en set de <strong>trois branches blanches<\/strong>.\u00a0Ces trois pat\u00e8res de la marque <em><strong>PUHLMANN<\/strong><\/em> sont en r\u00e9sine laqu\u00e9es blanches tr\u00e8s r\u00e9sistantes.\u00a0Elles sont \u00e0 poser dans la chambre ou dans l&rsquo;entr\u00e9e pour ne plus voir trainer ses affaires.<\/p>\n","protected":false},"featured_media":1222,"comment_status":"closed","ping_status":"open","template":"","meta":[],"product_cat":[29,16,32],"product_tag":[25],"class_list":["post-200","product","type-product","status-publish","has-post-thumbnail","hentry","product_cat-chambre-adulte","product_cat-chambre-enfant","product_cat-entree-sejour","product_tag-crochet-patere-patere-design-patere-murale-patere-porte-pateres-porte-manteau-porte-serviette-porte-torchon-vestiaire","description-off"],"_links":{"self":[{"href":"https:\/\/roulettes.vaniseo.top\/index.php\/wp-json\/wp\/v2\/product\/200","targetHints":{"allow":["GET"]}}],"collection":[{"href":"https:\/\/roulettes.vaniseo.top\/index.php\/wp-json\/wp\/v2\/product"}],"about":[{"href":"https:\/\/roulettes.vaniseo.top\/index.php\/wp-json\/wp\/v2\/types\/product"}],"replies":[{"embeddable":true,"href":"https:\/\/roulettes.vaniseo.top\/index.php\/wp-json\/wp\/v2\/comments?post=200"}],"version-history":[{"count":0,"href":"https:\/\/roulettes.vaniseo.top\/index.php\/wp-json\/wp\/v2\/product\/200\/revisions"}],"wp:featuredmedia":[{"embeddable":true,"href":"https:\/\/roulettes.vaniseo.top\/index.php\/wp-json\/wp\/v2\/media\/1222"}],"wp:attachment":[{"href":"https:\/\/roulettes.vaniseo.top\/index.php\/wp-json\/wp\/v2\/media?parent=200"}],"wp:term":[{"taxonomy":"product_cat","embeddable":true,"href":"https:\/\/roulettes.vaniseo.top\/index.php\/wp-json\/wp\/v2\/product_cat?post=200"},{"taxonomy":"product_tag","embeddable":true,"href":"https:\/\/roulettes.vaniseo.top\/index.php\/wp-json\/wp\/v2\/product_tag?post=200"}],"curies":[{"name":"wp","href":"https:\/\/api.w.org\/{rel}","templated":true}]}}