{"id":201,"date":"2022-04-04T16:20:43","date_gmt":"2022-04-04T14:20:43","guid":{"rendered":"https:\/\/roulettes.vaniseo.top\/index.php\/produit\/patere-en-forme-de-tete-de-renard-roux-zoo-de-capventure\/"},"modified":"2022-04-04T17:17:35","modified_gmt":"2022-04-04T15:17:35","slug":"patere-en-forme-de-tete-de-renard-roux-zoo-de-capventure","status":"publish","type":"product","link":"https:\/\/roulettes.vaniseo.top\/index.php\/produit\/patere-en-forme-de-tete-de-renard-roux-zoo-de-capventure\/","title":{"rendered":"Pat\u00e8re en forme de t\u00eate de renard roux, ZOO de CapVenture"},"content":{"rendered":"<h3>Pat\u00e8re collection Zoo de CapVenture prenant la forme d&rsquo;une t\u00eate de renard roux<\/h3>\n<p>_x000D_n<strong>1001 Pat\u00e8res<\/strong> a la particularit\u00e9 de ne proposer sur son site que des pat\u00e8res aux bons rapports qualit\u00e9 prix, issus de designers du monde entier, aux styles vari\u00e9s. Ainsi, <strong>n\u00b01 en France en vente de porte manteaux et pat\u00e8res<\/strong>, il vous pr\u00e9sente ici encore une belle originalit\u00e9. Il s&rsquo;agit d&rsquo;une belle <strong>pat\u00e8re en forme de t\u00eate de\u00a0renard roux<\/strong>, qui est issue de la collection <strong>ZOO de chez CapVenture<\/strong>._x000D_n_x000D_nEn effet, <strong><a href=\"https:\/\/1001pateres.com\/brand\/capventure\/\">CapVenture<\/a><\/strong> est l&rsquo;une des marques s\u00e9lectionn\u00e9es par 1001 Pat\u00e8res pour plus d&rsquo;une cinquantaine de r\u00e9f\u00e9rences. Toutes sont en forme de t\u00eate d&rsquo;animal et permettent de cr\u00e9er de <strong>v\u00e9ritables univers ludiques et d\u00e9coratifs<\/strong>. Ainsi, comme \u00e0 chaque fois avec 1001 Pat\u00e8res, vous <strong>d\u00e9corez et rangez avec style<\/strong>!_x000D_n_x000D_nPour ce faire, vous aurez donc le choix de forme de t\u00eates d&rsquo;animaux en <strong>r\u00e9sine robuste<\/strong>. Chaque pat\u00e8re CapVenture disposera donc d&rsquo;une puissance de charge allant <strong>jusqu&rsquo;\u00e0 5 kg<\/strong>._x000D_n_x000D_n&nbsp;_x000D_n<\/p>\n<h3>Pat\u00e8re en forme de t\u00eate de renard roux<\/h3>\n<p>_x000D_nIci, sp\u00e9cifiquement, il s&rsquo;agit donc de la collection ZOO. Celle-ci propose des t\u00eates en coloris uniques et d&rsquo;autres d\u00e9clin\u00e9es en plusieurs coloris. Ainsi, parmi les <strong>t\u00eates uniques<\/strong>, on retrouve celle du renard et d&rsquo;autres:_x000D_n<\/p>\n<ul>_x000D_n \t<\/p>\n<li><a href=\"https:\/\/1001pateres.com\/produit\/patere-design-animal-zoo-tete-de-leopard\/\"><strong>L\u00e9opard<\/strong><\/a><\/li>\n<p>_x000D_n \t<\/p>\n<li><strong>Ours brun<\/strong><\/li>\n<p>_x000D_n \t<\/p>\n<li><strong>Faon fa\u00e7on Bambi<\/strong><\/li>\n<p>_x000D_n \t<\/p>\n<li><strong>Loup bleu<\/strong><\/li>\n<p>_x000D_n<\/ul>\n<p>_x000D_nPour finir, en ce qui concerne les <strong>t\u00eates disponibles en plusieurs couleurs<\/strong>, on d\u00e9couvre\u00a0les <strong>t\u00eates d\u2019\u00e9lan, d&rsquo;\u00e9l\u00e9phant, de girafe, de cerf et de lapin<\/strong>._x000D_n_x000D_n&nbsp;_x000D_n<\/p>\n<h3>\u00a0Installation de la pat\u00e8re renard roux ZOO de chez CapVenture<\/h3>\n<p>_x000D_nEnfin, c\u00f4t\u00e9 installation, chaque pat\u00e8re comporte un syst\u00e8me d&rsquo;accrochage avec une vis et une cheville. Celles-ci sont incluses.\u00a0Sa pose n\u00e9cessite l&rsquo;utilisation d&rsquo;une perceuse et de la prise en compte de ses <strong>dimensions<\/strong> sp\u00e9cifiques:_x000D_n<\/p>\n<ul>_x000D_n \t<\/p>\n<li>La t\u00eate du renard est de dimension 4,5 cm X 5,5 cm<\/li>\n<p>_x000D_n \t<\/p>\n<li>Ecartement du mur 5 cm<\/li>\n<p>_x000D_n<\/ul>\n<p>_x000D_nDe belle qualit\u00e9, nos clients ont l&rsquo;habitude de la <strong>d\u00e9multiplier sur un m\u00eame pan de mur en variant juste d&rsquo;animal<\/strong>. A l&rsquo;aide du <a href=\"https:\/\/1001pateres.com\/produit\/trophee-pour-pateres-zoo-capventure\/\">troph\u00e9e CapVenture<\/a>, ou directement sur le mur, il est aussi possible de choisir des t\u00eates parmi les <strong>collections ZOO<\/strong> mais aussi <strong>Ferme<\/strong>, <strong>Animaux Sauvages<\/strong>, et <strong>Animaux Marins<\/strong>.<\/p>\n","protected":false},"excerpt":{"rendered":"<p>Belle pat\u00e8re design de la s\u00e9rie du ZOO en forme de t\u00eate de <strong>renard roux<\/strong>.\u00a0Cette t\u00eate d&rsquo;animal du ZOO de la marque <em><strong>CAPVENTURE<\/strong><\/em> est en r\u00e9sine.\u00a0Ce porte-manteau est \u00e0 poser dans la chambre ou dans l&rsquo;entr\u00e9e pour ne plus voir trainer ses affaires.<\/p>\n","protected":false},"featured_media":1226,"comment_status":"closed","ping_status":"open","template":"","meta":[],"product_cat":[16,32],"product_tag":[27],"class_list":["post-201","product","type-product","status-publish","has-post-thumbnail","hentry","product_cat-chambre-enfant","product_cat-entree-sejour","product_tag-crochet-patere-patere-design-patere-murale-patere-porte-pateres-porte-serviette-porte-torchon-vestiaire","description-off"],"_links":{"self":[{"href":"https:\/\/roulettes.vaniseo.top\/index.php\/wp-json\/wp\/v2\/product\/201","targetHints":{"allow":["GET"]}}],"collection":[{"href":"https:\/\/roulettes.vaniseo.top\/index.php\/wp-json\/wp\/v2\/product"}],"about":[{"href":"https:\/\/roulettes.vaniseo.top\/index.php\/wp-json\/wp\/v2\/types\/product"}],"replies":[{"embeddable":true,"href":"https:\/\/roulettes.vaniseo.top\/index.php\/wp-json\/wp\/v2\/comments?post=201"}],"version-history":[{"count":0,"href":"https:\/\/roulettes.vaniseo.top\/index.php\/wp-json\/wp\/v2\/product\/201\/revisions"}],"wp:featuredmedia":[{"embeddable":true,"href":"https:\/\/roulettes.vaniseo.top\/index.php\/wp-json\/wp\/v2\/media\/1226"}],"wp:attachment":[{"href":"https:\/\/roulettes.vaniseo.top\/index.php\/wp-json\/wp\/v2\/media?parent=201"}],"wp:term":[{"taxonomy":"product_cat","embeddable":true,"href":"https:\/\/roulettes.vaniseo.top\/index.php\/wp-json\/wp\/v2\/product_cat?post=201"},{"taxonomy":"product_tag","embeddable":true,"href":"https:\/\/roulettes.vaniseo.top\/index.php\/wp-json\/wp\/v2\/product_tag?post=201"}],"curies":[{"name":"wp","href":"https:\/\/api.w.org\/{rel}","templated":true}]}}