{"id":202,"date":"2022-04-04T16:20:43","date_gmt":"2022-04-04T14:20:43","guid":{"rendered":"https:\/\/roulettes.vaniseo.top\/index.php\/produit\/patere-en-forme-de-tete-de-loup-bleu-zoo-par-capventure\/"},"modified":"2022-04-04T17:17:36","modified_gmt":"2022-04-04T15:17:36","slug":"patere-en-forme-de-tete-de-loup-bleu-zoo-par-capventure","status":"publish","type":"product","link":"https:\/\/roulettes.vaniseo.top\/index.php\/produit\/patere-en-forme-de-tete-de-loup-bleu-zoo-par-capventure\/","title":{"rendered":"Pat\u00e8re en forme de t\u00eate de loup bleu, ZOO par CapVenture"},"content":{"rendered":"<h3>Pat\u00e8re prenant la forme d&rsquo;une t\u00eate de loup bleu en r\u00e9sine collection ZOO par CapVenture<\/h3>\n<p>_x000D_n<strong>Leader en vente en ligne de pat\u00e8res et porte manteaux en France, 1001 Pat\u00e8res<\/strong> vous pr\u00e9sente ici l&rsquo;une de ses s\u00e9lections: une <strong>pat\u00e8re en forme de t\u00eate de loup bleu<\/strong>. Design et d\u00e9corative, elle est issue de la <strong>collection ZOO<\/strong> de chez <strong>CapVenture<\/strong>._x000D_n_x000D_nEn effet, depuis de nombreuses ann\u00e9es, 1001 Pat\u00e8res vous propose toujours plus de design vari\u00e9s en mati\u00e8re de pat\u00e8res et porte manteaux. Avec <a href=\"https:\/\/1001pateres.com\/brand\/capventure\/\">CapVenture<\/a>, il s&rsquo;agit de vous proposer des<strong> univers animaliers<\/strong> qui <strong>d\u00e9corent<\/strong> et vous aident \u00e0 la fois au <strong>rangement<\/strong> de votre int\u00e9rieur. <strong>Ludiques<\/strong>, ces <strong>pat\u00e8res<\/strong> en <strong>forme d&rsquo;animaux<\/strong> permettent d&rsquo;\u00eatre utilis\u00e9es aussi bien dans une <strong>maison<\/strong>, que dans une <strong>boutique<\/strong> ou toute autre <strong>entreprise<\/strong>._x000D_n_x000D_nPar ailleurs, plusieurs collections sont disponibles sur ce site: <strong>Zoo<\/strong> comme ci-contre, mais aussi <strong>Ferme<\/strong>, <strong>animaux sauvages<\/strong> et <strong>marins<\/strong>. Vous aurez donc l&rsquo;opportunit\u00e9 de choisir une ou plusieurs pat\u00e8res pour cr\u00e9er un <strong>univers personnalis\u00e9<\/strong>. D&rsquo;ailleurs, si vous souhaitez au passage, minimiser les trous dans le mur, CapVenture a pens\u00e9 \u00e0 tout! Jetez un oeil \u00e0 son <a href=\"https:\/\/1001pateres.com\/produit\/trophee-pour-pateres-zoo-capventure\/\">troph\u00e9e<\/a>. Il s&rsquo;agit d&rsquo;une planche en bois vieilli pouvant accueillir jusqu&rsquo;\u00e0 3 pat\u00e8res._x000D_n_x000D_n&nbsp;_x000D_n<\/p>\n<h3>Pat\u00e8re design en r\u00e9sine\u00a0ZOO par CapVenture:\u00a0t\u00eate de loup bleu<\/h3>\n<p>_x000D_nAinsi, ici, sp\u00e9cifiquement, \u00a0il s&rsquo;agit de <strong>pat\u00e8re en forme de t\u00eate de loup bleu<\/strong>. On le disait, elle fait partie de la collection ZOO de la marque <em><strong>CAPVENTURE<\/strong><\/em>. Celle-ci est en <strong>r\u00e9sine robuste<\/strong> accueillant jusqu&rsquo;\u00e0 <strong>5 kg de charge<\/strong>._x000D_n_x000D_nPar ailleurs, la r\u00e9f\u00e9rence loup bleu ne dispose pas d&rsquo;autres coloris. Comme elle, dans la collection ZOO, d&rsquo;autres sont aussi en coloris unique comme celles de <strong>L\u00e9opard,\u00a0<\/strong><strong>Ours,\u00a0<\/strong><strong>Faon<\/strong><strong>, et\u00a0<\/strong><strong>Renard<\/strong>. En revanche, d&rsquo;autres existent en plusieurs coloris comme celles d\u2019<strong>\u00e9lan<\/strong>, d\u2019<strong>\u00e9l\u00e9phant<\/strong>, de <strong>cerf<\/strong>, de <strong>lapin<\/strong> et de <strong>girafe<\/strong>._x000D_n_x000D_n&nbsp;_x000D_n_x000D_nEnfin, c\u00f4t\u00e9 technique, son installation est rapide et facile. Vis et cheville sont incluses. Il ne vous faut pr\u00e9parer qu&rsquo;une perceuse et bien s\u00fbr tenir compte de ses propres <strong>dimensions<\/strong>:_x000D_n<\/p>\n<ul>_x000D_n \t<\/p>\n<li>La t\u00eate du loup est de dimension 4,5 cm X 5,5 cm<\/li>\n<p>_x000D_n \t<\/p>\n<li>Ecartement du mur 5 cm<\/li>\n<p>_x000D_n<\/ul>\n","protected":false},"excerpt":{"rendered":"<p>Belle pat\u00e8re design de la s\u00e9rie du ZOO en forme de t\u00eate de <strong>loup bleu<\/strong>.\u00a0Cette t\u00eate d&rsquo;animal du ZOO de la marque <em><strong>CAPVENTURE<\/strong><\/em> est en r\u00e9sine.\u00a0Ce porte-manteau est \u00e0 poser dans la chambre ou dans l&rsquo;entr\u00e9e pour ne plus voir trainer ses affaires.<\/p>\n","protected":false},"featured_media":1229,"comment_status":"closed","ping_status":"open","template":"","meta":[],"product_cat":[16,32],"product_tag":[27],"class_list":["post-202","product","type-product","status-publish","has-post-thumbnail","hentry","product_cat-chambre-enfant","product_cat-entree-sejour","product_tag-crochet-patere-patere-design-patere-murale-patere-porte-pateres-porte-serviette-porte-torchon-vestiaire","description-off"],"_links":{"self":[{"href":"https:\/\/roulettes.vaniseo.top\/index.php\/wp-json\/wp\/v2\/product\/202","targetHints":{"allow":["GET"]}}],"collection":[{"href":"https:\/\/roulettes.vaniseo.top\/index.php\/wp-json\/wp\/v2\/product"}],"about":[{"href":"https:\/\/roulettes.vaniseo.top\/index.php\/wp-json\/wp\/v2\/types\/product"}],"replies":[{"embeddable":true,"href":"https:\/\/roulettes.vaniseo.top\/index.php\/wp-json\/wp\/v2\/comments?post=202"}],"version-history":[{"count":0,"href":"https:\/\/roulettes.vaniseo.top\/index.php\/wp-json\/wp\/v2\/product\/202\/revisions"}],"wp:featuredmedia":[{"embeddable":true,"href":"https:\/\/roulettes.vaniseo.top\/index.php\/wp-json\/wp\/v2\/media\/1229"}],"wp:attachment":[{"href":"https:\/\/roulettes.vaniseo.top\/index.php\/wp-json\/wp\/v2\/media?parent=202"}],"wp:term":[{"taxonomy":"product_cat","embeddable":true,"href":"https:\/\/roulettes.vaniseo.top\/index.php\/wp-json\/wp\/v2\/product_cat?post=202"},{"taxonomy":"product_tag","embeddable":true,"href":"https:\/\/roulettes.vaniseo.top\/index.php\/wp-json\/wp\/v2\/product_tag?post=202"}],"curies":[{"name":"wp","href":"https:\/\/api.w.org\/{rel}","templated":true}]}}