{"id":203,"date":"2022-04-04T16:20:43","date_gmt":"2022-04-04T14:20:43","guid":{"rendered":"https:\/\/roulettes.vaniseo.top\/index.php\/produit\/patere-decorative-capventure-zoo-tete-de-faon-bambi\/"},"modified":"2022-04-04T17:17:36","modified_gmt":"2022-04-04T15:17:36","slug":"patere-decorative-capventure-zoo-tete-de-faon-bambi","status":"publish","type":"product","link":"https:\/\/roulettes.vaniseo.top\/index.php\/produit\/patere-decorative-capventure-zoo-tete-de-faon-bambi\/","title":{"rendered":"Pat\u00e8re d\u00e9corative CapVenture ZOO : t\u00eate de faon Bambi"},"content":{"rendered":"<h3>Pat\u00e8re en r\u00e9sine t\u00eate de faon type Bambi, collection ZOO<\/h3>\n<p>_x000D_nEnvie d&rsquo;une touche po\u00e9tique et enfantine pour d\u00e9corer et ranger? 1001 Pat\u00e8res dispose d&rsquo;une pat\u00e8re d\u00e9corative CapVenture ZOO prenant la forme d&rsquo;une t\u00eate de faon fa\u00e7on Bambi._x000D_n_x000D_nEn effet, 1001 Pat\u00e8res s\u00e9lectionne de cr\u00e9ateurs internationaux proposant des pat\u00e8res et porte manteaux originaux, mais surtout au meilleur rapport qualit\u00e9 prix. Ainsi, ici, d\u00e9couvrez CapVenture des Pays-Bas et ses animaux <strong>en r\u00e9sine<\/strong>._x000D_n_x000D_nLa majorit\u00e9 des t\u00eates animales int\u00e8gre une <strong>collection<\/strong>: <strong>ZOO, Ferme et Animaux Sauvage<\/strong>. L&rsquo;int\u00e9r\u00eat est de pouvoir vous proposer de <strong>v\u00e9ritables univers d\u00e9coratifs<\/strong>. Vous pourrez ainsi d\u00e9multiplier le nombre de t\u00eates dans un m\u00eame espace pour <strong>maximiser le rangement<\/strong>. Cependant si vous souhaitez \u00e9viter trop de trous dans vos murs, ajoutez \u00e0 votre panier le <strong><a href=\"https:\/\/1001pateres.com\/produit\/trophee-pour-pateres-zoo-capventure\/\">Troph\u00e9e CapVenture<\/a><\/strong> pouvant accueillir 3 pat\u00e8res. Enfin, vous pourrez positionner votre (ou vos) pat\u00e8re(s) dans n&rsquo;importe quelle pi\u00e8ce puisque la r\u00e9sine est un mat\u00e9riau robuste permettant d&rsquo;accueillir jusqu&rsquo;\u00e0<strong> 5 kg de charge<\/strong>._x000D_n_x000D_nVous l&rsquo;installerez donc sur un troph\u00e9e ou via la cheville et sa vis incluse. Pensez juste \u00e0 vous munir d&rsquo;une perceuse. Voici ses <strong>dimensions<\/strong>:_x000D_n<\/p>\n<ul>_x000D_n \t<\/p>\n<li>T\u00eate du faon : 4,5 cm X 6,5 cm<\/li>\n<p>_x000D_n \t<\/p>\n<li>Ecartement du mur 5 cm<\/li>\n<p>_x000D_n<\/ul>\n<p>_x000D_n&nbsp;_x000D_n<\/p>\n<h3>Pat\u00e8re d\u00e9corative CapVenture ZOO : t\u00eate de faon Bambi<\/h3>\n<p>_x000D_nPour finir,\u00a0la t\u00eate de faon Bambi fait donc partie de la collection <strong>ZOO<\/strong>. Dans celle-ci, d\u2019autres t\u00eates sont \u00e0 d\u00e9couvrir. Les suivantes sont disponibles en une seule couleur:\u00a0<strong>L\u00e9opard,\u00a0<\/strong><strong><a href=\"https:\/\/1001pateres.com\/produit\/patere-design-et-deco-zoo-tete-ours-brun\/\">Ours brun<\/a><\/strong><strong>,\u00a0<\/strong><strong>Loup, \u00a0et\u00a0<\/strong><strong>Renard.<\/strong>_x000D_n_x000D_nEn revanche, il existe aussi des r\u00e9f\u00e9rences propos\u00e9es<strong>\u00a0en plusieurs couleurs <\/strong>comme\u00a0les\u00a0t\u00eates\u00a0<b>d\u2019\u00e9lan,\u00a0<\/b><strong>d\u2019\u00e9l\u00e9phant, de girafe, de cerf et de lapin.<\/strong>_x000D_n_x000D_nVous avez donc de larges possibilit\u00e9s pour <strong>maximiser le rangement avec originalit\u00e9 et design<\/strong>. Nombreux sont nos clients \u00e0 <strong>personnaliser<\/strong> la t\u00eate animale \u00e0 la personne vou\u00e9e \u00e0 s&rsquo;en servir. Une <strong>touche d&rsquo;humour<\/strong> ne fait jamais de mal. Et qui sait? Elle permet m\u00eame parfois de <strong>motiver la famille \u00e0 vous aider \u00e0 ranger<\/strong>!<\/p>\n","protected":false},"excerpt":{"rendered":"<p>Belle pat\u00e8re design de la s\u00e9rie du ZOO en forme de t\u00eate de <strong>faon bambi<\/strong>.\u00a0Cette t\u00eate d&rsquo;animal du ZOO de la marque <em><strong>CAPVENTURE<\/strong><\/em> est en r\u00e9sine.\u00a0Ce porte-manteau est \u00e0 poser dans la chambre ou dans l&rsquo;entr\u00e9e pour ne plus voir trainer ses affaires.<\/p>\n","protected":false},"featured_media":1232,"comment_status":"closed","ping_status":"open","template":"","meta":[],"product_cat":[16,32],"product_tag":[27],"class_list":["post-203","product","type-product","status-publish","has-post-thumbnail","hentry","product_cat-chambre-enfant","product_cat-entree-sejour","product_tag-crochet-patere-patere-design-patere-murale-patere-porte-pateres-porte-serviette-porte-torchon-vestiaire","description-off"],"_links":{"self":[{"href":"https:\/\/roulettes.vaniseo.top\/index.php\/wp-json\/wp\/v2\/product\/203","targetHints":{"allow":["GET"]}}],"collection":[{"href":"https:\/\/roulettes.vaniseo.top\/index.php\/wp-json\/wp\/v2\/product"}],"about":[{"href":"https:\/\/roulettes.vaniseo.top\/index.php\/wp-json\/wp\/v2\/types\/product"}],"replies":[{"embeddable":true,"href":"https:\/\/roulettes.vaniseo.top\/index.php\/wp-json\/wp\/v2\/comments?post=203"}],"version-history":[{"count":0,"href":"https:\/\/roulettes.vaniseo.top\/index.php\/wp-json\/wp\/v2\/product\/203\/revisions"}],"wp:featuredmedia":[{"embeddable":true,"href":"https:\/\/roulettes.vaniseo.top\/index.php\/wp-json\/wp\/v2\/media\/1232"}],"wp:attachment":[{"href":"https:\/\/roulettes.vaniseo.top\/index.php\/wp-json\/wp\/v2\/media?parent=203"}],"wp:term":[{"taxonomy":"product_cat","embeddable":true,"href":"https:\/\/roulettes.vaniseo.top\/index.php\/wp-json\/wp\/v2\/product_cat?post=203"},{"taxonomy":"product_tag","embeddable":true,"href":"https:\/\/roulettes.vaniseo.top\/index.php\/wp-json\/wp\/v2\/product_tag?post=203"}],"curies":[{"name":"wp","href":"https:\/\/api.w.org\/{rel}","templated":true}]}}