{"id":204,"date":"2022-04-04T16:20:43","date_gmt":"2022-04-04T14:20:43","guid":{"rendered":"https:\/\/roulettes.vaniseo.top\/index.php\/produit\/patere-decorative-zoo-capventure-tete-dours-brun\/"},"modified":"2022-04-04T17:17:37","modified_gmt":"2022-04-04T15:17:37","slug":"patere-decorative-zoo-capventure-tete-dours-brun","status":"publish","type":"product","link":"https:\/\/roulettes.vaniseo.top\/index.php\/produit\/patere-decorative-zoo-capventure-tete-dours-brun\/","title":{"rendered":"Pat\u00e8re d\u00e9corative ZOO CapVenture t\u00eate d&rsquo;ours brun"},"content":{"rendered":"<h3>Pat\u00e8re ZOO en forme de t\u00eate d&rsquo;ours brun<\/h3>\n<p>_x000D_n<strong>1001 Pat\u00e8res<\/strong> vous pr\u00e9sente l&rsquo;une de ses s\u00e9lections pour \u00e0 la fois vous permettre de <strong>d\u00e9corer<\/strong> et <strong>ranger<\/strong> votre int\u00e9rieur avec <strong>originalit\u00e9<\/strong> et <strong>modernit\u00e9<\/strong>: une <strong>pat\u00e8re d\u00e9corative ZOO CapVenture<\/strong> en forme de <strong>t\u00eate d&rsquo;ours brun<\/strong>._x000D_n_x000D_nEn effet, <strong>1001 Pat\u00e8res<\/strong> est le <strong>N\u00b01 de la pat\u00e8re en France<\/strong>. Cette boutique en ligne vous propose de nombreuses formes de pat\u00e8res issues de <strong>plusieurs maisons de design internationales<\/strong>. Mais surtout, chaque pat\u00e8re a la particularit\u00e9 d&rsquo;\u00eatre au <strong>meilleur rapport qualit\u00e9 prix<\/strong>._x000D_n_x000D_nAinsi, ici, <a href=\"https:\/\/1001pateres.com\/brand\/capventure\/\"><strong>CapVenture<\/strong><\/a> originaire des Pays-Bas, propose des pat\u00e8res en <strong>forme de t\u00eates animales<\/strong>. En <strong>r\u00e9sine<\/strong>, chacune est <strong>robuste<\/strong> et permet de supporter une <strong>charge sup\u00e9rieure \u00e0 5 kg<\/strong>. Alors, vous n&rsquo;aurez aucun probl\u00e8me \u00e0 les installer<strong> dans n&rsquo;importe quelle pi\u00e8ce<\/strong> de votre maison. L&rsquo;ensemble des t\u00eates sont r\u00e9unies sous forme de <strong>collections<\/strong>, \u00e0 savoir Zoo, Ferme, et Animaux Sauvages._x000D_n_x000D_n&nbsp;_x000D_n<\/p>\n<h3>Pat\u00e8re d\u00e9corative ZOO CapVenture : t\u00eate d&rsquo;ours brun<\/h3>\n<p>_x000D_nD\u2019ailleurs, la t\u00eate d\u2019ours brun fait partie de la collection <strong>ZOO<\/strong>. Dans celle-ci, d\u2019autres t\u00eates sont \u00e0 d\u00e9couvrir. Les suivantes sont disponibles en une seule couleur:\u00a0<strong>L\u00e9opard,\u00a0<\/strong><strong>Ours brun,\u00a0<\/strong><strong>Faon,\u00a0<\/strong><strong>Loup, et\u00a0<\/strong><strong>Renard.<\/strong>_x000D_n_x000D_nEn revanche, il existe aussi des r\u00e9f\u00e9rences propos\u00e9es<strong>\u00a0en plusieurs couleurs <\/strong>comme\u00a0les\u00a0t\u00eates\u00a0<b>d\u2019\u00e9lan,\u00a0<\/b><strong>d\u2019\u00e9l\u00e9phant, de girafe, de cerf et de lapin<\/strong>._x000D_n_x000D_n&nbsp;_x000D_n<\/p>\n<h3>Installer la pat\u00e8re d\u00e9corative ZOO en forme d&rsquo;ours brun<\/h3>\n<p>_x000D_nPour finir, cette pat\u00e8re pat\u00e8re inclut un syst\u00e8me d&rsquo;accrochage incluant une vis et une cheville. Sa pose n\u00e9cessite l&rsquo;utilisation d&rsquo;une perceuse. Vous constaterez \u00e0 quel point l&rsquo;ensemble est vraiment <strong>facile et rapide \u00e0 fixer.<\/strong>_x000D_n_x000D_nPour<strong> minimiser le nombre de trous dans le mur<\/strong>, et dans le cas o\u00f9 vous souhaiteriez d\u00e9multiplier le nombre de t\u00eates pour cr\u00e9er un v\u00e9ritable univers d\u00e9coratif optimis\u00e9: offrez-vous le <strong><a href=\"https:\/\/1001pateres.com\/produit\/trophee-pour-pateres-zoo-capventure\/\">troph\u00e9e Capventure<\/a><\/strong>._x000D_n_x000D_n<strong>Dimensions<\/strong> :_x000D_n<\/p>\n<ul>_x000D_n \t<\/p>\n<li>T\u00eate de l&rsquo;ours brun : 4,5 cm X 5 cm<\/li>\n<p>_x000D_n \t<\/p>\n<li>Ecartement du mur : 5 cm<\/li>\n<p>_x000D_n<\/ul>\n","protected":false},"excerpt":{"rendered":"<p>Belle pat\u00e8re design de la s\u00e9rie du ZOO en forme de t\u00eate d&rsquo;<strong>ours brun<\/strong>.\u00a0Cette t\u00eate d&rsquo;animal du ZOO de la marque <em><strong>CAPVENTURE<\/strong><\/em> est en r\u00e9sine.\u00a0Ce porte-manteau est \u00e0 poser dans la chambre ou dans l&rsquo;entr\u00e9e pour ne plus voir trainer ses affaires.<\/p>\n","protected":false},"featured_media":1235,"comment_status":"closed","ping_status":"open","template":"","meta":[],"product_cat":[16,32],"product_tag":[27],"class_list":["post-204","product","type-product","status-publish","has-post-thumbnail","hentry","product_cat-chambre-enfant","product_cat-entree-sejour","product_tag-crochet-patere-patere-design-patere-murale-patere-porte-pateres-porte-serviette-porte-torchon-vestiaire","description-off"],"_links":{"self":[{"href":"https:\/\/roulettes.vaniseo.top\/index.php\/wp-json\/wp\/v2\/product\/204","targetHints":{"allow":["GET"]}}],"collection":[{"href":"https:\/\/roulettes.vaniseo.top\/index.php\/wp-json\/wp\/v2\/product"}],"about":[{"href":"https:\/\/roulettes.vaniseo.top\/index.php\/wp-json\/wp\/v2\/types\/product"}],"replies":[{"embeddable":true,"href":"https:\/\/roulettes.vaniseo.top\/index.php\/wp-json\/wp\/v2\/comments?post=204"}],"version-history":[{"count":0,"href":"https:\/\/roulettes.vaniseo.top\/index.php\/wp-json\/wp\/v2\/product\/204\/revisions"}],"wp:featuredmedia":[{"embeddable":true,"href":"https:\/\/roulettes.vaniseo.top\/index.php\/wp-json\/wp\/v2\/media\/1235"}],"wp:attachment":[{"href":"https:\/\/roulettes.vaniseo.top\/index.php\/wp-json\/wp\/v2\/media?parent=204"}],"wp:term":[{"taxonomy":"product_cat","embeddable":true,"href":"https:\/\/roulettes.vaniseo.top\/index.php\/wp-json\/wp\/v2\/product_cat?post=204"},{"taxonomy":"product_tag","embeddable":true,"href":"https:\/\/roulettes.vaniseo.top\/index.php\/wp-json\/wp\/v2\/product_tag?post=204"}],"curies":[{"name":"wp","href":"https:\/\/api.w.org\/{rel}","templated":true}]}}