{"id":205,"date":"2022-04-04T16:20:43","date_gmt":"2022-04-04T14:20:43","guid":{"rendered":"https:\/\/roulettes.vaniseo.top\/index.php\/produit\/pateres-design-super-mario-bros-luigi\/"},"modified":"2022-04-04T17:17:38","modified_gmt":"2022-04-04T15:17:38","slug":"pateres-design-super-mario-bros-luigi","status":"publish","type":"product","link":"https:\/\/roulettes.vaniseo.top\/index.php\/produit\/pateres-design-super-mario-bros-luigi\/","title":{"rendered":"Pat\u00e8res design super mario bros luigi"},"content":{"rendered":"<h4>Porte-manteau SUPER MARIO BROS.<\/h4>\n<p>_x000D_nJolies pat\u00e8res design <em><strong>super mario bros luigi<\/strong><\/em>._x000D_n_x000D_nElles sont <strong>autocollantes<\/strong> et comportent un syst\u00e8me d&rsquo;accrochage\u00a0en m\u00e9tal avec un embout form\u00e9 d&rsquo;une boule en m\u00e9tal\u00a0pour plus de s\u00e9curit\u00e9._x000D_n_x000D_nCes pat\u00e8res sont faites pour supporter des charges de 2 kg maximum lorsqu&rsquo;elles sont coll\u00e9es sur un support lisse et propre pour une meilleure adh\u00e9rence._x000D_n_x000D_nEn bois peint, elles sont id\u00e9ales pour une chambre d\u2019enfant._x000D_n_x000D_nNe n\u00e9cessitent aucun outils pour leur fixation._x000D_n<\/p>\n<h4>Dimensions :<\/h4>\n<p>_x000D_n<\/p>\n<ul>_x000D_n \t<\/p>\n<li>Mario est de dimension 7 cm X 5,5 cm<\/li>\n<p>_x000D_n \t<\/p>\n<li>Luigi est de dimension 8,2 cm X 3,5 cm<\/li>\n<p>_x000D_n \t<\/p>\n<li>Avec le crochet Hauteur 8,6 cm et 10,5 cm<\/li>\n<p>_x000D_n \t<\/p>\n<li>Ecartement du mur 2,5 cm<\/li>\n<p>_x000D_n<\/ul>\n","protected":false},"excerpt":{"rendered":"<p>Porte-manteau en forme des c\u00e9l\u00e8bres personnages <strong>MARIO BROS<\/strong> et <em><strong>LUIGI<\/strong><\/em>. Ces pat\u00e8res design sont au nombre de deux avec super mario bros et luigi. Elles sont en bois peint id\u00e9ales pour une chambre d\u2019enfant.\u00a0Elles sont autocollantes et ne n\u00e9cessitent aucun outils pour leur fixation mais ne peuvent r\u00e9sister qu&rsquo;a un poids maximum de 2 kg.<\/p>\n","protected":false},"featured_media":1238,"comment_status":"closed","ping_status":"open","template":"","meta":[],"product_cat":[16],"product_tag":[25],"class_list":["post-205","product","type-product","status-publish","has-post-thumbnail","hentry","product_cat-chambre-enfant","product_tag-crochet-patere-patere-design-patere-murale-patere-porte-pateres-porte-manteau-porte-serviette-porte-torchon-vestiaire","description-off"],"_links":{"self":[{"href":"https:\/\/roulettes.vaniseo.top\/index.php\/wp-json\/wp\/v2\/product\/205","targetHints":{"allow":["GET"]}}],"collection":[{"href":"https:\/\/roulettes.vaniseo.top\/index.php\/wp-json\/wp\/v2\/product"}],"about":[{"href":"https:\/\/roulettes.vaniseo.top\/index.php\/wp-json\/wp\/v2\/types\/product"}],"replies":[{"embeddable":true,"href":"https:\/\/roulettes.vaniseo.top\/index.php\/wp-json\/wp\/v2\/comments?post=205"}],"version-history":[{"count":0,"href":"https:\/\/roulettes.vaniseo.top\/index.php\/wp-json\/wp\/v2\/product\/205\/revisions"}],"wp:featuredmedia":[{"embeddable":true,"href":"https:\/\/roulettes.vaniseo.top\/index.php\/wp-json\/wp\/v2\/media\/1238"}],"wp:attachment":[{"href":"https:\/\/roulettes.vaniseo.top\/index.php\/wp-json\/wp\/v2\/media?parent=205"}],"wp:term":[{"taxonomy":"product_cat","embeddable":true,"href":"https:\/\/roulettes.vaniseo.top\/index.php\/wp-json\/wp\/v2\/product_cat?post=205"},{"taxonomy":"product_tag","embeddable":true,"href":"https:\/\/roulettes.vaniseo.top\/index.php\/wp-json\/wp\/v2\/product_tag?post=205"}],"curies":[{"name":"wp","href":"https:\/\/api.w.org\/{rel}","templated":true}]}}