{"id":206,"date":"2022-04-04T16:20:43","date_gmt":"2022-04-04T14:20:43","guid":{"rendered":"https:\/\/roulettes.vaniseo.top\/index.php\/produit\/patere-deco-en-acier-inoxydable-style-ninja-shuriken\/"},"modified":"2022-04-04T17:17:38","modified_gmt":"2022-04-04T15:17:38","slug":"patere-deco-en-acier-inoxydable-style-ninja-shuriken","status":"publish","type":"product","link":"https:\/\/roulettes.vaniseo.top\/index.php\/produit\/patere-deco-en-acier-inoxydable-style-ninja-shuriken\/","title":{"rendered":"Pat\u00e8re d\u00e9co en acier inoxydable style Ninja: Shuriken"},"content":{"rendered":"<h3>Shuriken: pat\u00e8re en acier inoxydable style Ninja<\/h3>\n<p>_x000D_nEnvie de d\u00e9velopper une d\u00e9coration japonaise au style <strong>Ninja<\/strong>? Optez pour cette <strong>pat\u00e8re d\u00e9co en acier inoxydable<\/strong> en forme de <strong>Shuriken<\/strong>! Celle-ci pourra \u00eatre utiliser comme porte-manteau ou porte-serviette puisqu&rsquo;elle est non corrosive. D\u00e9couvrez ci dessous l&rsquo;ensemble des informations li\u00e9es \u00e0 son utilisation et son installation._x000D_n_x000D_nEn effet, celle-ci fait partie de la s\u00e9lection du <strong>site n\u00b01 en France de vente en ligne de pat\u00e8res et porte manteaux<\/strong>. Profitez donc gr\u00e2ce \u00e0 eux d&rsquo;un vaste choix de r\u00e9f\u00e9rences aux styles et aux prix vari\u00e9s. Que ce soit pour une maison, une entreprise ou une collectivit\u00e9, <a href=\"https:\/\/1001pateres.com\/brand\/1001pateres\/\">1001 Pat\u00e8res<\/a> a LA solution pour d\u00e9corer et ranger avec <strong>\u00e9l\u00e9gance<\/strong>!_x000D_n_x000D_nD&rsquo;ailleurs, ci-contre, la r\u00e9ponse est originale et de<strong> tr\u00e8s belle qualit\u00e9<\/strong>. Cette pat\u00e8re en acier permet de supporter un <strong>poids d&rsquo;environ 7 kg<\/strong>. Elle s&rsquo;adaptera et apportera une touche d&rsquo;originalit\u00e9 \u00e0 votre univers._x000D_n_x000D_nToutefois, nous conseillons son <strong>utilisation plut\u00f4t par un adulte<\/strong> puisque ses angles sont charnues. De ce fait, ce <strong>support est dangereux et peut d\u00e9chirer<\/strong> les v\u00eatements en cas de d\u00e9pose rapide par un enfant. Il est pr\u00e9f\u00e9rable de l&rsquo;utiliser en d\u00e9coration <strong>en hauteur<\/strong>._x000D_n_x000D_n&nbsp;_x000D_n<\/p>\n<h3>Comment fixer cette pat\u00e8re d\u00e9co en acier inoxydable style Ninja au mur?<\/h3>\n<p>_x000D_nEnfin, ce Shuriken comporte un syst\u00e8me de fixation \u00e0\u00a0<strong>vis incluse<\/strong>. Attention, la cheville est non fournie mais conseill\u00e9e. De la m\u00eame mani\u00e8re, m\u00eame si elle est facile \u00e0 poser, elle n\u00e9cessite une perceuse pour la positionner._x000D_n_x000D_nPensez \u00e0 tenir compte de ses <strong>dimensions<\/strong>, surtout si vous pensez les d\u00e9multiplier sur un m\u00eame pan de mur et en ligne. Vous pourrez ainsi anticiper son am\u00e9nagement. Les voici donc :\u00a010 cm X 10 cm X 0,8 cm._x000D_n_x000D_nNos clients aiment choisir ce produit pour sa <strong>jolie finition<\/strong> et son <strong>originalit\u00e9<\/strong>. En acier <strong>inoxydable<\/strong>, il s&rsquo;adapte \u00e0 <strong>tous types d&rsquo;utilisation<\/strong>. Lumineuse, cette pat\u00e8re d\u00e9co compl\u00e8te parfaitement un <strong>style d\u00e9coratif moderne<\/strong>.<\/p>\n","protected":false},"excerpt":{"rendered":"<p>Pat\u00e8re d\u00e9co <strong>ninja<\/strong> en forme de <em><strong>shuriken<\/strong><\/em> en acier inoxydable. Elle s&rsquo;adaptera et apportera une touche d&rsquo;originalit\u00e9 \u00e0 votre univers. Ce support est dangereux et peut d\u00e9chirer les v\u00eatements en cas de d\u00e9pose par un enfant, il est pr\u00e9f\u00e9rable de l&rsquo;utiliser en d\u00e9coration en hauteur.<\/p>\n","protected":false},"featured_media":1242,"comment_status":"closed","ping_status":"open","template":"","meta":[],"product_cat":[16],"product_tag":[26],"class_list":["post-206","product","type-product","status-publish","has-post-thumbnail","hentry","product_cat-chambre-enfant","product_tag-crochet-patere-patere-design-patere-murale-patere-porte-pateres-porte-serviette-porte-torchon","description-off"],"_links":{"self":[{"href":"https:\/\/roulettes.vaniseo.top\/index.php\/wp-json\/wp\/v2\/product\/206","targetHints":{"allow":["GET"]}}],"collection":[{"href":"https:\/\/roulettes.vaniseo.top\/index.php\/wp-json\/wp\/v2\/product"}],"about":[{"href":"https:\/\/roulettes.vaniseo.top\/index.php\/wp-json\/wp\/v2\/types\/product"}],"replies":[{"embeddable":true,"href":"https:\/\/roulettes.vaniseo.top\/index.php\/wp-json\/wp\/v2\/comments?post=206"}],"version-history":[{"count":0,"href":"https:\/\/roulettes.vaniseo.top\/index.php\/wp-json\/wp\/v2\/product\/206\/revisions"}],"wp:featuredmedia":[{"embeddable":true,"href":"https:\/\/roulettes.vaniseo.top\/index.php\/wp-json\/wp\/v2\/media\/1242"}],"wp:attachment":[{"href":"https:\/\/roulettes.vaniseo.top\/index.php\/wp-json\/wp\/v2\/media?parent=206"}],"wp:term":[{"taxonomy":"product_cat","embeddable":true,"href":"https:\/\/roulettes.vaniseo.top\/index.php\/wp-json\/wp\/v2\/product_cat?post=206"},{"taxonomy":"product_tag","embeddable":true,"href":"https:\/\/roulettes.vaniseo.top\/index.php\/wp-json\/wp\/v2\/product_tag?post=206"}],"curies":[{"name":"wp","href":"https:\/\/api.w.org\/{rel}","templated":true}]}}