{"id":209,"date":"2022-04-04T16:20:43","date_gmt":"2022-04-04T14:20:43","guid":{"rendered":"https:\/\/roulettes.vaniseo.top\/index.php\/produit\/porte-manteau-en-bambou-extensible-10-pateres-rondes\/"},"modified":"2022-04-04T17:17:41","modified_gmt":"2022-04-04T15:17:41","slug":"porte-manteau-en-bambou-extensible-10-pateres-rondes","status":"publish","type":"product","link":"https:\/\/roulettes.vaniseo.top\/index.php\/produit\/porte-manteau-en-bambou-extensible-10-pateres-rondes\/","title":{"rendered":"Porte manteau en bambou extensible &#8211; 10 pat\u00e8res rondes"},"content":{"rendered":"<h3>Porte manteau extensible en bambou<\/h3>\n<p>_x000D_n<a href=\"https:\/\/1001pateres.com\/brand\/1001pateres\/\">1001 Pat\u00e8res<\/a> vous propose ici son <strong>porte manteau en bambou 10 pat\u00e8res<\/strong>. C&rsquo;est la version\u00a0<strong>grand mod\u00e8le extensible<\/strong>._x000D_n_x000D_nIl s&rsquo;agit d&rsquo;un <strong>porte manteau extensible<\/strong> offrant <strong>10 pat\u00e8res \u00e0 boutons en forme de boules<\/strong>. Bien s\u00fbr, avec un style <strong>classique<\/strong> comme celui-ci, il est <strong>tr\u00e8s facile \u00e0 installer partout<\/strong> dans la maison pour ne plus laisser trainer ses affaires._x000D_n_x000D_n&nbsp;_x000D_n<\/p>\n<h2>Que retenir de cette pat\u00e8re bambou?<\/h2>\n<p>_x000D_nLe grand point positif de cette pat\u00e8re bambou est qu&rsquo;elle est\u00a0<strong>extensible<\/strong> avec un maximum de <strong>96 cm<\/strong>. Ainsi, selon l&rsquo;espace disponible sur votre pan de mur, vous pourrez maximiser ou minimiser son empatement. Selon vos besoins \u00e9galement, en fonction de la saison, vos v\u00eatements ext\u00e9rieurs prendront plus ou moins de places, la pat\u00e8re bambou pourra elle aussi, <strong>s&rsquo;agrandir<\/strong>!_x000D_n_x000D_nEn effet, avec ses <strong>10 boutons boules<\/strong>, elle est particuli\u00e8rement adapt\u00e9e \u00e0 l&rsquo;entr\u00e9e pour d\u00e9poser les manteaux, \u00e9charpes ou chapeaux._x000D_n_x000D_nC\u00f4t\u00e9 robustesse, celle-ci dispose pour sa fixation de<strong> deux pattes en m\u00e9tal au dos<\/strong> \u00e0 fixer\u00a0avec les <strong>crochets<\/strong> de votre choix. Il vous faudra donc avoir des crochets pouvant \u00eatre install\u00e9s au mur. Selon leurs robustesses, vous pourrez l\u00e0 aussi, maximiser ou non, le nombre de kg \u00e0 suspendre. Comme nous le disions pr\u00e9c\u00e9demment, il suffira d&rsquo;\u00e9carter plus ou moins les crochets pour profiter d&rsquo;un grand \u00e9cartement._x000D_n_x000D_nUne fois install\u00e9e, vous pourrez alors profiter d&rsquo;un grand nombre de solutions suppl\u00e9mentaires pour ranger vos affaires et apporter <strong>davantage de nettet\u00e9 et clart\u00e9 \u00e0 votre int\u00e9rieur<\/strong>._x000D_n_x000D_nPetite astuce, pour une int\u00e9gration discr\u00e8te dans la d\u00e9coration de votre espace, 1001 Pat\u00e8res vous sugg\u00e8re de l&rsquo;installer sur un <strong>fond en bois ou en couleur bois<\/strong>. Ainsi, l&rsquo;objet <strong>se fondra<\/strong> dans la mati\u00e8re et ne viendra <strong>pas surcharger l&rsquo;espace<\/strong>._x000D_n<\/p>\n<h4><\/h4>\n<p>_x000D_n<\/p>\n<h4>Dimensions du porte manteau en bambou<\/h4>\n<p>_x000D_nEni\u00e8me v\u00e9rification \u00e0 r\u00e9aliser en amont d&rsquo;un \u00e9ventuel achat de ce porte manteau en bambou chez 1001 Pat\u00e8res: ses <strong>dimensions<\/strong>._x000D_n<\/p>\n<ul>_x000D_n \t<\/p>\n<li>Dimension maxi 96 cm mais traditionnellement: 70 cm X 27 cm<\/li>\n<p>_x000D_n \t<\/p>\n<li>Ecartement du mur: 5 cm<\/li>\n<p>_x000D_n<\/ul>\n","protected":false},"excerpt":{"rendered":"<p>1001 Pat\u00e8res vend ici un <strong>porte manteau en bambou extensible avec 10 pat\u00e8res rondes<\/strong> pratiques. Cette pat\u00e8re en bois naturel est d&rsquo;ailleurs extensible avec un <strong>maximum de 96 cm<\/strong>. Elle est particuli\u00e8rement adapt\u00e9e \u00e0 l&rsquo;entr\u00e9e pour d\u00e9poser les manteaux, \u00e9charpes ou chapeaux. Son syst\u00e8me d&rsquo;accroche fonctionnement avec des crochets non fournis.<\/p>\n","protected":false},"featured_media":1253,"comment_status":"closed","ping_status":"open","template":"","meta":[],"product_cat":[32,30,17],"product_tag":[25],"class_list":["post-209","product","type-product","status-publish","has-post-thumbnail","hentry","product_cat-entree-sejour","product_cat-garage-cellier","product_cat-salle-de-bain","product_tag-crochet-patere-patere-design-patere-murale-patere-porte-pateres-porte-manteau-porte-serviette-porte-torchon-vestiaire","description-off"],"_links":{"self":[{"href":"https:\/\/roulettes.vaniseo.top\/index.php\/wp-json\/wp\/v2\/product\/209","targetHints":{"allow":["GET"]}}],"collection":[{"href":"https:\/\/roulettes.vaniseo.top\/index.php\/wp-json\/wp\/v2\/product"}],"about":[{"href":"https:\/\/roulettes.vaniseo.top\/index.php\/wp-json\/wp\/v2\/types\/product"}],"replies":[{"embeddable":true,"href":"https:\/\/roulettes.vaniseo.top\/index.php\/wp-json\/wp\/v2\/comments?post=209"}],"version-history":[{"count":0,"href":"https:\/\/roulettes.vaniseo.top\/index.php\/wp-json\/wp\/v2\/product\/209\/revisions"}],"wp:featuredmedia":[{"embeddable":true,"href":"https:\/\/roulettes.vaniseo.top\/index.php\/wp-json\/wp\/v2\/media\/1253"}],"wp:attachment":[{"href":"https:\/\/roulettes.vaniseo.top\/index.php\/wp-json\/wp\/v2\/media?parent=209"}],"wp:term":[{"taxonomy":"product_cat","embeddable":true,"href":"https:\/\/roulettes.vaniseo.top\/index.php\/wp-json\/wp\/v2\/product_cat?post=209"},{"taxonomy":"product_tag","embeddable":true,"href":"https:\/\/roulettes.vaniseo.top\/index.php\/wp-json\/wp\/v2\/product_tag?post=209"}],"curies":[{"name":"wp","href":"https:\/\/api.w.org\/{rel}","templated":true}]}}