{"id":21,"date":"2022-04-04T16:20:00","date_gmt":"2022-04-04T14:20:00","guid":{"rendered":"https:\/\/roulettes.vaniseo.top\/index.php\/produit\/patere-design-salle-de-bain-acier-inoxydable\/"},"modified":"2022-04-04T17:08:38","modified_gmt":"2022-04-04T15:08:38","slug":"patere-design-salle-de-bain-acier-inoxydable","status":"publish","type":"product","link":"https:\/\/roulettes.vaniseo.top\/index.php\/produit\/patere-design-salle-de-bain-acier-inoxydable\/","title":{"rendered":"Pat\u00e8re design salle de bain acier inoxydable"},"content":{"rendered":"<h4>Porte-serviette pour salle de bain an acier inoxydable.<\/h4>\n<p>_x000D_n<strong>Pat\u00e8re design<\/strong> salle de bain <em><strong>acier inoxydable<\/strong><\/em>._x000D_n_x000D_nJolie\u00a0pat\u00e8re pour la\u00a0salle de bain en acier inoxydable pour un usage de porte torchon, porte serviette, porte gant._x000D_n_x000D_nOriginale\u00a0et \u00e9pur\u00e9e, elle comporte une forme douce et pratique._x000D_n_x000D_nCette pat\u00e8re murale est compos\u00e9e d&rsquo;un\u00a0crochet et d&rsquo;un syst\u00e8me de fixation avec sa vis et sa cheville, vis non visible une fois mont\u00e9e._x000D_n_x000D_nElle s&rsquo;adaptera et apportera une touche de gait\u00e9 \u00e0 votre univers._x000D_n_x000D_nFacile \u00e0 poser, sa pose n\u00e9cessite une per\u00e7euse pour positionner la cheville._x000D_n<\/p>\n<h4>Dimensions :<\/h4>\n<p>_x000D_n<\/p>\n<ul>_x000D_n \t<\/p>\n<li>La pat\u00e8re 4,3\u00a0cm X 2 cm<\/li>\n<p>_x000D_n \t<\/p>\n<li>La base diam\u00e8tre 2,5 cm<\/li>\n<p>_x000D_n \t<\/p>\n<li>Vis de 2\u00a0cm<\/li>\n<p>_x000D_n<\/ul>\n","protected":false},"excerpt":{"rendered":"<p>Jolie <strong>pat\u00e8re design<\/strong> salle de bain <em><strong>acier inoxydable<\/strong><\/em> pour un usage de porte torchon, porte serviette, porte gant.\u00a0Elle est originale et \u00e9pur\u00e9e avec une forme douce et pratique. Facile \u00e0 poser, elle n\u00e9cessite l&rsquo;usage d&rsquo;une perceuse et peut r\u00e9sister \u00e0 un poids de 3 kg environ.<\/p>\n","protected":false},"featured_media":718,"comment_status":"closed","ping_status":"open","template":"","meta":[],"product_cat":[19,20,21,22,17,23],"product_tag":[24],"class_list":["post-21","product","type-product","status-publish","has-post-thumbnail","hentry","product_cat-collectivite","product_cat-cuisine","product_cat-entreprise","product_cat-pro","product_cat-salle-de-bain","product_cat-toilette-wc","product_tag-crochet-patere-patere-design-patere-murale-patere-porte-porte-serviette-porte-torchon","description-off"],"_links":{"self":[{"href":"https:\/\/roulettes.vaniseo.top\/index.php\/wp-json\/wp\/v2\/product\/21","targetHints":{"allow":["GET"]}}],"collection":[{"href":"https:\/\/roulettes.vaniseo.top\/index.php\/wp-json\/wp\/v2\/product"}],"about":[{"href":"https:\/\/roulettes.vaniseo.top\/index.php\/wp-json\/wp\/v2\/types\/product"}],"replies":[{"embeddable":true,"href":"https:\/\/roulettes.vaniseo.top\/index.php\/wp-json\/wp\/v2\/comments?post=21"}],"version-history":[{"count":0,"href":"https:\/\/roulettes.vaniseo.top\/index.php\/wp-json\/wp\/v2\/product\/21\/revisions"}],"wp:featuredmedia":[{"embeddable":true,"href":"https:\/\/roulettes.vaniseo.top\/index.php\/wp-json\/wp\/v2\/media\/718"}],"wp:attachment":[{"href":"https:\/\/roulettes.vaniseo.top\/index.php\/wp-json\/wp\/v2\/media?parent=21"}],"wp:term":[{"taxonomy":"product_cat","embeddable":true,"href":"https:\/\/roulettes.vaniseo.top\/index.php\/wp-json\/wp\/v2\/product_cat?post=21"},{"taxonomy":"product_tag","embeddable":true,"href":"https:\/\/roulettes.vaniseo.top\/index.php\/wp-json\/wp\/v2\/product_tag?post=21"}],"curies":[{"name":"wp","href":"https:\/\/api.w.org\/{rel}","templated":true}]}}