{"id":210,"date":"2022-04-04T16:20:43","date_gmt":"2022-04-04T14:20:43","guid":{"rendered":"https:\/\/roulettes.vaniseo.top\/index.php\/produit\/crochet-serviette-salle-de-bain-en-acier-inoxydable-3-pateres\/"},"modified":"2022-04-04T17:17:41","modified_gmt":"2022-04-04T15:17:41","slug":"crochet-serviette-salle-de-bain-en-acier-inoxydable-3-pateres","status":"publish","type":"product","link":"https:\/\/roulettes.vaniseo.top\/index.php\/produit\/crochet-serviette-salle-de-bain-en-acier-inoxydable-3-pateres\/","title":{"rendered":"Crochet serviette salle de bain en acier inoxydable: 3 pat\u00e8res"},"content":{"rendered":"<h3>Pat\u00e8re porte serviette pour salle de bain en acier inoxydable<\/h3>\n<p>_x000D_n<strong>1001 Pat\u00e8res<\/strong> pr\u00e9sente ci-contre un produit robuste qui va \u00e0 l&rsquo;essentiel. Il s&rsquo;agit d&rsquo;un <strong>crochet serviette salle de bain en acier inoxydable \u00e0 3 pat\u00e8res<\/strong>. Ce porte serviette classique est tr\u00e8s polyvalent pour une maison ou une entreprise. Toutefois, il est particuli\u00e8rement adapt\u00e9 pour la <a href=\"https:\/\/1001pateres.com\/categorie-produit\/salle-de-bain\/\">salle de bain<\/a>._x000D_n_x000D_nEn effet, 1001 Pat\u00e8res d\u00e9voile ici l&rsquo;ensemble des informations techniques et d\u00e9coratives de cette r\u00e9f\u00e9rence sign\u00e9e de sa propre marque. D&rsquo;ailleurs, sur cette boutique en ligne, 1001 Pat\u00e8res offre d&rsquo;autres r\u00e9f\u00e9rences sign\u00e9es par sa marque, ou par d&rsquo;autres marques prestigieuses internationales._x000D_n_x000D_nAinsi, ici, la <strong>pat\u00e8re porte serviette<\/strong> est plut\u00f4t pour une\u00a0<strong>salle de bain<\/strong>.\u00a0A fixer au mur, au style simple et contemporain,\u00a0elle est de <strong>couleur aluminium bross\u00e9<\/strong>. Elle convient donc tr\u00e8s bien dans un univers moderne. Ce <strong>porte serviette \u00e0 3 pat\u00e8res<\/strong> comporte le chiffre 304 grav\u00e9 sur son support._x000D_n_x000D_nDe plus, ces <strong>3 crochets sont en acier inoxydable tr\u00e8s r\u00e9sistant. Cette mati\u00e8re<\/strong>\u00a0permet de supporter <strong>serviettes de bain lourdes et humides<\/strong>. Elle\u00a0<strong>dure<\/strong>\u00a0dans le temps, et r\u00e9siste \u00e0 la rouille._x000D_n_x000D_n&nbsp;_x000D_n<\/p>\n<h3>Installation du crochet serviette salle de bain en acier inoxydable: 3 pat\u00e8res<\/h3>\n<p>_x000D_nPour finir, cette pat\u00e8re porte serviette int\u00e8gre un syst\u00e8me de fixation avec <strong>ses vis, ses chevilles et ses caches vis<\/strong>.\u00a0Facile et rapide \u00e0 poser, elle n\u00e9cessite une perceuse pour les chevilles. Pensez \u00e0 prendre en compte ses <strong>dimensions<\/strong>\u00a0ci-dessous:_x000D_n<\/p>\n<ul>_x000D_n \t<\/p>\n<li>Support du crochet serviette: 19,6 cm X 2,5 cm<\/li>\n<p>_x000D_n \t<\/p>\n<li>Ecartement maxi du mur int\u00e9grant l&rsquo;\u00e9cartement des pat\u00e8res: 3,5 cm<\/li>\n<p>_x000D_n \t<\/p>\n<li>Vis de 3,3 cm<\/li>\n<p>_x000D_n<\/ul>\n<p>_x000D_nCe mod\u00e8le de pat\u00e8re porte serviette est aussi disponible sur notre site en version <a href=\"https:\/\/1001pateres.com\/produit\/porte-serviette-4-pateres-en-acier-inoxydable\/\">4 pat\u00e8res<\/a>. Il est donc possible de d\u00e9multiplier ce style sur plusieurs pans de mur d&rsquo;une m\u00eame pi\u00e8ce pour l&rsquo;utiliser \u00e0 des fins de rangements par sorte de textiles par exemple.<\/p>\n","protected":false},"excerpt":{"rendered":"<p>Beau <strong>porte-serviette<\/strong> 3 pat\u00e8res en <em><strong>acier inoxydable<\/strong><\/em> qui peut servir pour de multiples usages dans la maison. Cette pat\u00e8re comportant trois crochets est particuli\u00e8rement adapt\u00e9e pour la salle de bain.\u00a0Il s&rsquo;agit d&rsquo;un porte-serviettes mural au design simple et moderne. Sa pose n\u00e9cessite l&rsquo;usage d&rsquo;une perceuse.<\/p>\n","protected":false},"featured_media":1255,"comment_status":"closed","ping_status":"open","template":"","meta":[],"product_cat":[20,17],"product_tag":[25],"class_list":["post-210","product","type-product","status-publish","has-post-thumbnail","hentry","product_cat-cuisine","product_cat-salle-de-bain","product_tag-crochet-patere-patere-design-patere-murale-patere-porte-pateres-porte-manteau-porte-serviette-porte-torchon-vestiaire","description-off"],"_links":{"self":[{"href":"https:\/\/roulettes.vaniseo.top\/index.php\/wp-json\/wp\/v2\/product\/210","targetHints":{"allow":["GET"]}}],"collection":[{"href":"https:\/\/roulettes.vaniseo.top\/index.php\/wp-json\/wp\/v2\/product"}],"about":[{"href":"https:\/\/roulettes.vaniseo.top\/index.php\/wp-json\/wp\/v2\/types\/product"}],"replies":[{"embeddable":true,"href":"https:\/\/roulettes.vaniseo.top\/index.php\/wp-json\/wp\/v2\/comments?post=210"}],"version-history":[{"count":0,"href":"https:\/\/roulettes.vaniseo.top\/index.php\/wp-json\/wp\/v2\/product\/210\/revisions"}],"wp:featuredmedia":[{"embeddable":true,"href":"https:\/\/roulettes.vaniseo.top\/index.php\/wp-json\/wp\/v2\/media\/1255"}],"wp:attachment":[{"href":"https:\/\/roulettes.vaniseo.top\/index.php\/wp-json\/wp\/v2\/media?parent=210"}],"wp:term":[{"taxonomy":"product_cat","embeddable":true,"href":"https:\/\/roulettes.vaniseo.top\/index.php\/wp-json\/wp\/v2\/product_cat?post=210"},{"taxonomy":"product_tag","embeddable":true,"href":"https:\/\/roulettes.vaniseo.top\/index.php\/wp-json\/wp\/v2\/product_tag?post=210"}],"curies":[{"name":"wp","href":"https:\/\/api.w.org\/{rel}","templated":true}]}}