{"id":211,"date":"2022-04-04T16:20:43","date_gmt":"2022-04-04T14:20:43","guid":{"rendered":"https:\/\/roulettes.vaniseo.top\/index.php\/produit\/porte-manteau-design-arbre-rose\/"},"modified":"2022-04-04T17:17:42","modified_gmt":"2022-04-04T15:17:42","slug":"porte-manteau-design-arbre-rose","status":"publish","type":"product","link":"https:\/\/roulettes.vaniseo.top\/index.php\/produit\/porte-manteau-design-arbre-rose\/","title":{"rendered":"Porte-manteau design arbre rose"},"content":{"rendered":"<h4>Porte-manteau design arbre rose.<\/h4>\n<p>_x000D_nCette pat\u00e8re <strong>porte-manteau <\/strong>design <em><strong>arbre rose<\/strong><\/em> est en bois peint en forme d&rsquo;arbre\u00a0stylis\u00e9._x000D_n_x000D_nElle est \u00e0 poser partout dans la <em>maison<\/em>\u00a0ainsi pour ne plus laisser trainer ses affaires._x000D_n_x000D_nCe mod\u00e8le est particuli\u00e8rement adapt\u00e9 \u00e0 l&rsquo;entr\u00e9e ou la chambre pour d\u00e9poser les manteaux, \u00e9charpes ou chapeaux._x000D_n_x000D_nCelle-ci comporte deux tiges en acier inoxydable pour un accrochage avec un syst\u00e8me de vis non visible, vis et chevilles fournies._x000D_n_x000D_n<span style=\"line-height: 1.5\">Aussi elle est originale et de tr\u00e8s belle qualit\u00e9.<\/span>_x000D_n_x000D_nLa pose n\u00e9cessite cependant l&rsquo;usage d&rsquo;une perceuse._x000D_n<\/p>\n<h4>Dimensions :<\/h4>\n<p>_x000D_n<\/p>\n<ul>_x000D_n \t<\/p>\n<li>Maxi 40\u00a0cm X 31 cm.<\/li>\n<p>_x000D_n \t<\/p>\n<li>Ecartement du mur 7 cm.<\/li>\n<p>_x000D_n<\/ul>\n","protected":false},"excerpt":{"rendered":"<p>Porte-manteau design <em><strong>arbre rose<\/strong><\/em>.\u00a0Cette pat\u00e8re <strong>porte-manteau<\/strong> est en bois peint en forme d&rsquo;arbre stylis\u00e9. Elle est \u00e0 poser partout dans la maison pour ne plus laisser trainer ses affaires. Celle-ci est particuli\u00e8rement adapt\u00e9e \u00e0 l&rsquo;entr\u00e9e ou la chambre pour d\u00e9poser les manteaux, \u00e9charpes ou chapeaux.<\/p>\n","protected":false},"featured_media":1258,"comment_status":"closed","ping_status":"open","template":"","meta":[],"product_cat":[16,32],"product_tag":[27],"class_list":["post-211","product","type-product","status-publish","has-post-thumbnail","hentry","product_cat-chambre-enfant","product_cat-entree-sejour","product_tag-crochet-patere-patere-design-patere-murale-patere-porte-pateres-porte-serviette-porte-torchon-vestiaire","description-off"],"_links":{"self":[{"href":"https:\/\/roulettes.vaniseo.top\/index.php\/wp-json\/wp\/v2\/product\/211","targetHints":{"allow":["GET"]}}],"collection":[{"href":"https:\/\/roulettes.vaniseo.top\/index.php\/wp-json\/wp\/v2\/product"}],"about":[{"href":"https:\/\/roulettes.vaniseo.top\/index.php\/wp-json\/wp\/v2\/types\/product"}],"replies":[{"embeddable":true,"href":"https:\/\/roulettes.vaniseo.top\/index.php\/wp-json\/wp\/v2\/comments?post=211"}],"version-history":[{"count":0,"href":"https:\/\/roulettes.vaniseo.top\/index.php\/wp-json\/wp\/v2\/product\/211\/revisions"}],"wp:featuredmedia":[{"embeddable":true,"href":"https:\/\/roulettes.vaniseo.top\/index.php\/wp-json\/wp\/v2\/media\/1258"}],"wp:attachment":[{"href":"https:\/\/roulettes.vaniseo.top\/index.php\/wp-json\/wp\/v2\/media?parent=211"}],"wp:term":[{"taxonomy":"product_cat","embeddable":true,"href":"https:\/\/roulettes.vaniseo.top\/index.php\/wp-json\/wp\/v2\/product_cat?post=211"},{"taxonomy":"product_tag","embeddable":true,"href":"https:\/\/roulettes.vaniseo.top\/index.php\/wp-json\/wp\/v2\/product_tag?post=211"}],"curies":[{"name":"wp","href":"https:\/\/api.w.org\/{rel}","templated":true}]}}