{"id":215,"date":"2022-04-04T16:20:43","date_gmt":"2022-04-04T14:20:43","guid":{"rendered":"https:\/\/roulettes.vaniseo.top\/index.php\/produit\/porte-manteau-design-en-forme-de-feuille-rose\/"},"modified":"2022-04-04T17:17:45","modified_gmt":"2022-04-04T15:17:45","slug":"porte-manteau-design-en-forme-de-feuille-rose","status":"publish","type":"product","link":"https:\/\/roulettes.vaniseo.top\/index.php\/produit\/porte-manteau-design-en-forme-de-feuille-rose\/","title":{"rendered":"Porte-manteau design en forme de feuille rose"},"content":{"rendered":"<h4>Pat\u00e8re en bois feuille rose.<\/h4>\n<p>_x000D_n<strong>Porte-manteau design<\/strong> en forme de <em><strong>feuille rose<\/strong><\/em>._x000D_n_x000D_nCette pat\u00e8re est en bois peint en forme de feuille\u00a0stylis\u00e9e._x000D_n_x000D_nCompos\u00e9e de plusieurs branches sur lesquelles on peut accrocher ses affaires, elle est adaptable \u00e0 plusieurs univers._x000D_n_x000D_nAussi, elle est \u00e0 poser partout dans la maison pour ne plus laisser trainer ses affaires._x000D_n_x000D_nParticuli\u00e8rement adapt\u00e9e \u00e0 l&rsquo;entr\u00e9e ou \u00e0 la chambre pour d\u00e9poser les manteaux, \u00e9charpes ou chapeaux._x000D_n_x000D_nSa fixation se compose de deux tige en acier inoxydable pour un accrochage avec un syst\u00e8me de vis non visible, vis et chevilles fournies._x000D_n_x000D_n<span style=\"line-height: 1.5\">Originale et de tr\u00e8s belle qualit\u00e9, s<\/span>a pose n\u00e9cessite l&rsquo;usage d&rsquo;une perceuse._x000D_n<\/p>\n<h4>Dimensions :<\/h4>\n<p>_x000D_n<\/p>\n<ul>_x000D_n \t<\/p>\n<li>Maxi 40\u00a0cm X 31 cm.<\/li>\n<p>_x000D_n \t<\/p>\n<li>Ecartement du mur 7 cm.<\/li>\n<p>_x000D_n<\/ul>\n","protected":false},"excerpt":{"rendered":"<p>Porte-manteau design <strong>feuille rose<\/strong>.\u00a0Cette pat\u00e8re porte-manteau est en <em><strong>bois peint<\/strong><\/em> en forme de feuille\u00a0stylis\u00e9.\u00a0Il est \u00e0 poser partout dans la maison pour ne plus laisser trainer ses affaires.\u00a0Il est particuli\u00e8rement adapt\u00e9 \u00e0 l&rsquo;entr\u00e9e ou la chambre pour d\u00e9poser les manteaux, \u00e9charpes ou chapeaux.<\/p>\n","protected":false},"featured_media":1269,"comment_status":"closed","ping_status":"open","template":"","meta":[],"product_cat":[16,32],"product_tag":[27],"class_list":["post-215","product","type-product","status-publish","has-post-thumbnail","hentry","product_cat-chambre-enfant","product_cat-entree-sejour","product_tag-crochet-patere-patere-design-patere-murale-patere-porte-pateres-porte-serviette-porte-torchon-vestiaire","description-off"],"_links":{"self":[{"href":"https:\/\/roulettes.vaniseo.top\/index.php\/wp-json\/wp\/v2\/product\/215","targetHints":{"allow":["GET"]}}],"collection":[{"href":"https:\/\/roulettes.vaniseo.top\/index.php\/wp-json\/wp\/v2\/product"}],"about":[{"href":"https:\/\/roulettes.vaniseo.top\/index.php\/wp-json\/wp\/v2\/types\/product"}],"replies":[{"embeddable":true,"href":"https:\/\/roulettes.vaniseo.top\/index.php\/wp-json\/wp\/v2\/comments?post=215"}],"version-history":[{"count":0,"href":"https:\/\/roulettes.vaniseo.top\/index.php\/wp-json\/wp\/v2\/product\/215\/revisions"}],"wp:featuredmedia":[{"embeddable":true,"href":"https:\/\/roulettes.vaniseo.top\/index.php\/wp-json\/wp\/v2\/media\/1269"}],"wp:attachment":[{"href":"https:\/\/roulettes.vaniseo.top\/index.php\/wp-json\/wp\/v2\/media?parent=215"}],"wp:term":[{"taxonomy":"product_cat","embeddable":true,"href":"https:\/\/roulettes.vaniseo.top\/index.php\/wp-json\/wp\/v2\/product_cat?post=215"},{"taxonomy":"product_tag","embeddable":true,"href":"https:\/\/roulettes.vaniseo.top\/index.php\/wp-json\/wp\/v2\/product_tag?post=215"}],"curies":[{"name":"wp","href":"https:\/\/api.w.org\/{rel}","templated":true}]}}