{"id":216,"date":"2022-04-04T16:20:49","date_gmt":"2022-04-04T14:20:49","guid":{"rendered":"https:\/\/roulettes.vaniseo.top\/index.php\/produit\/patere-design-salle-de-bain-en-forme-de-papillon-acier\/"},"modified":"2022-04-04T17:17:47","modified_gmt":"2022-04-04T15:17:47","slug":"patere-design-salle-de-bain-en-forme-de-papillon-acier","status":"publish","type":"product","link":"https:\/\/roulettes.vaniseo.top\/index.php\/produit\/patere-design-salle-de-bain-en-forme-de-papillon-acier\/","title":{"rendered":"Pat\u00e8re design salle de bain en forme de papillon acier"},"content":{"rendered":"<h4>Pat\u00e8re en m\u00e9tal papillon.<\/h4>\n<p>_x000D_nPat\u00e8re design en forme de papillon acier._x000D_n_x000D_n<em><strong>Porte-serviette<\/strong><\/em> id\u00e9al pour la \u00a0salle de bain; il est en forme de <strong>papillon<\/strong>\u00a0 et en acier\u00a0chrom\u00e9\u00a0pour un usage de porte serviettes ou porte gants._x000D_n_x000D_nCelle-ci peut \u00eatre aussi utile pour d&rsquo;autres pi\u00e8ces de la maison._x000D_n_x000D_nAussi elle est <em>originale<\/em> avec une forme douce et pratique._x000D_n_x000D_nLe mod\u00e8le comporte deux crochets ainsi qu&rsquo; un syst\u00e8me d&rsquo;accrochage avec ses vis et cache vis\u00a0fournies._x000D_n_x000D_nElle s&rsquo;adaptera et apportera une touche de gait\u00e9 \u00e0 votre univers._x000D_n_x000D_nElle est facile \u00e0 poser mais n\u00e9cessite une per\u00e7euse pour positionner les chevilles._x000D_n<\/p>\n<h4>Dimensions :<\/h4>\n<p>_x000D_n<\/p>\n<ul>_x000D_n \t<\/p>\n<li>Le papillon 7 cm X 5,5 cm<\/li>\n<p>_x000D_n \t<\/p>\n<li>Ecartement du mur crochet bas 4,5\u00a0cm, crochet haut 6 cm<\/li>\n<p>_x000D_n \t<\/p>\n<li>Vis de 1,5 cm<\/li>\n<p>_x000D_n<\/ul>\n","protected":false},"excerpt":{"rendered":"<p>Jolie <strong>pat\u00e8re design<\/strong> salle de bain <em><strong>papillon<\/strong><\/em> pour un usage de porte torchon, porte serviette, porte gant.\u00a0Elle est originale avec une forme douce et pratique. Sa pose dans la salle de bain n\u00e9cessite l&rsquo;usage d&rsquo;une perceuse.<\/p>\n","protected":false},"featured_media":1272,"comment_status":"closed","ping_status":"open","template":"","meta":[],"product_cat":[17,23],"product_tag":[26],"class_list":["post-216","product","type-product","status-publish","has-post-thumbnail","hentry","product_cat-salle-de-bain","product_cat-toilette-wc","product_tag-crochet-patere-patere-design-patere-murale-patere-porte-pateres-porte-serviette-porte-torchon","description-off"],"_links":{"self":[{"href":"https:\/\/roulettes.vaniseo.top\/index.php\/wp-json\/wp\/v2\/product\/216","targetHints":{"allow":["GET"]}}],"collection":[{"href":"https:\/\/roulettes.vaniseo.top\/index.php\/wp-json\/wp\/v2\/product"}],"about":[{"href":"https:\/\/roulettes.vaniseo.top\/index.php\/wp-json\/wp\/v2\/types\/product"}],"replies":[{"embeddable":true,"href":"https:\/\/roulettes.vaniseo.top\/index.php\/wp-json\/wp\/v2\/comments?post=216"}],"version-history":[{"count":0,"href":"https:\/\/roulettes.vaniseo.top\/index.php\/wp-json\/wp\/v2\/product\/216\/revisions"}],"wp:featuredmedia":[{"embeddable":true,"href":"https:\/\/roulettes.vaniseo.top\/index.php\/wp-json\/wp\/v2\/media\/1272"}],"wp:attachment":[{"href":"https:\/\/roulettes.vaniseo.top\/index.php\/wp-json\/wp\/v2\/media?parent=216"}],"wp:term":[{"taxonomy":"product_cat","embeddable":true,"href":"https:\/\/roulettes.vaniseo.top\/index.php\/wp-json\/wp\/v2\/product_cat?post=216"},{"taxonomy":"product_tag","embeddable":true,"href":"https:\/\/roulettes.vaniseo.top\/index.php\/wp-json\/wp\/v2\/product_tag?post=216"}],"curies":[{"name":"wp","href":"https:\/\/api.w.org\/{rel}","templated":true}]}}