{"id":217,"date":"2022-04-04T16:20:49","date_gmt":"2022-04-04T14:20:49","guid":{"rendered":"https:\/\/roulettes.vaniseo.top\/index.php\/produit\/patere-chromee-double-crochet-avec-support-carre\/"},"modified":"2022-04-04T17:17:47","modified_gmt":"2022-04-04T15:17:47","slug":"patere-chromee-double-crochet-avec-support-carre","status":"publish","type":"product","link":"https:\/\/roulettes.vaniseo.top\/index.php\/produit\/patere-chromee-double-crochet-avec-support-carre\/","title":{"rendered":"Pat\u00e8re chrom\u00e9e double crochet avec support carr\u00e9"},"content":{"rendered":"<h3>Porte vetement salle de bain chrom\u00e9 avec pat\u00e8re double et support carr\u00e9<\/h3>\n<p>_x000D_n<strong>1001 Pat\u00e8res<\/strong> vous propose de d\u00e9couvrir ici toutes les informations li\u00e9es \u00e0 l&rsquo;<strong>installation<\/strong> et l&rsquo;<strong>utilisation<\/strong> de cette <strong>pat\u00e8re chrom\u00e9e double crochet avec support carr\u00e9<\/strong>._x000D_n_x000D_nTout d&rsquo;abord, commen\u00e7ons par pr\u00e9ciser rapidement que sa marque est celle du site: <strong>1001 Pat\u00e8res<\/strong>. En effet, celui-ci propose la vente en ligne de pat\u00e8res de marques internationales mais offre aussi sa propre s\u00e9lection. <strong>N\u00b01 aujourd&rsquo;hui en France<\/strong> dans le choix de porte manteaux, vous aurez plaisir \u00e0 <strong>d\u00e9corer et ranger<\/strong> avec un <strong>large choix \u00e0 tous les prix<\/strong>. <strong>Maison<\/strong> comme <a href=\"https:\/\/1001pateres.com\/categorie-produit\/entreprise\/\"><strong>entreprise<\/strong><\/a> et <a href=\"https:\/\/1001pateres.com\/categorie-produit\/collectivite\/\"><strong>collectivit\u00e9<\/strong><\/a> disposeront de ce qui se fait de mieux!_x000D_n_x000D_nAinsi, ici, l&rsquo;id\u00e9e est de vous proposer un <strong>beau porte-serviette en acier chrom\u00e9<\/strong> pour un usage de <strong>porte torchon<\/strong>, porte <strong>serviette<\/strong>, ou encore porte <strong>gant<\/strong>. Ultra <strong>polyvalent<\/strong> bien s\u00fbr, sa forme est pour autant assez <strong>originale<\/strong>, en restant <strong>douce et passe partout<\/strong>. En plus, cette pat\u00e8re double salle de bain chrom\u00e9e est tr\u00e8s pratique puisqu&rsquo;elle est <strong>inoxydable<\/strong>. Ses <strong>embouts sont arrondis<\/strong> pour ne pas abimer les serviettes._x000D_n_x000D_n&nbsp;_x000D_n<\/p>\n<h3>Comment installer au mur cette pat\u00e8re chrom\u00e9e double crochet avec support carr\u00e9?<\/h3>\n<p>_x000D_nPour finir, son <strong>syst\u00e8me d&rsquo;accrochage mural<\/strong> est compos\u00e9 de vis et et chevilles <strong>invisibles<\/strong> et incluses \u00e0 votre achat. Facile \u00e0 poser, il n\u00e9cessite tout de m\u00eame une perceuse pour positionner les chevilles.\u00a0Vous appr\u00e9cierez donc une <strong>finition parfaite et solide<\/strong> pour une utilisation sur le long terme._x000D_n_x000D_nCet investissement apportera sans aucun doute de la <strong>lumi\u00e8re<\/strong> \u00e0 votre univers de salle de bain ou autre! Son design chrom\u00e9 sera aussi au service de la <strong>modernit\u00e9<\/strong> de l&rsquo;ensemble de votre espace._x000D_n_x000D_nEnfin, pensez \u00e0 jeter un oeil \u00e0 ses <strong>dimensions<\/strong> sp\u00e9cifiques pour ne rien manquer:_x000D_n<\/p>\n<ul>_x000D_n \t<\/p>\n<li>La base du support carr\u00e9 chrom\u00e9: 4,9 cm X 4,9 cm<\/li>\n<p>_x000D_n \t<\/p>\n<li>Ecartement du mur pour le crochet bas: 7 cm,<\/li>\n<p>_x000D_n \t<\/p>\n<li>Pour le crochet haut, \u00e9cartement de 8,5 cm<\/li>\n<p>_x000D_n \t<\/p>\n<li>Vis de 1,7 cm<\/li>\n<p>_x000D_n<\/ul>\n","protected":false},"excerpt":{"rendered":"<p>Jolie <strong>pat\u00e8re double<\/strong> design salle de bain <em><strong>carr\u00e9 chrom\u00e9e<\/strong><\/em> pour un usage de porte torchon, porte serviette, porte gant.\u00a0Elle est originale avec une forme douce et pratique. Sa pose dans l&rsquo;univers de la salle de bain n\u00e9cessite l&rsquo;usage d&rsquo;une perceuse.<\/p>\n","protected":false},"featured_media":1275,"comment_status":"closed","ping_status":"open","template":"","meta":[],"product_cat":[17,23],"product_tag":[26],"class_list":["post-217","product","type-product","status-publish","has-post-thumbnail","hentry","product_cat-salle-de-bain","product_cat-toilette-wc","product_tag-crochet-patere-patere-design-patere-murale-patere-porte-pateres-porte-serviette-porte-torchon","description-off"],"_links":{"self":[{"href":"https:\/\/roulettes.vaniseo.top\/index.php\/wp-json\/wp\/v2\/product\/217","targetHints":{"allow":["GET"]}}],"collection":[{"href":"https:\/\/roulettes.vaniseo.top\/index.php\/wp-json\/wp\/v2\/product"}],"about":[{"href":"https:\/\/roulettes.vaniseo.top\/index.php\/wp-json\/wp\/v2\/types\/product"}],"replies":[{"embeddable":true,"href":"https:\/\/roulettes.vaniseo.top\/index.php\/wp-json\/wp\/v2\/comments?post=217"}],"version-history":[{"count":0,"href":"https:\/\/roulettes.vaniseo.top\/index.php\/wp-json\/wp\/v2\/product\/217\/revisions"}],"wp:featuredmedia":[{"embeddable":true,"href":"https:\/\/roulettes.vaniseo.top\/index.php\/wp-json\/wp\/v2\/media\/1275"}],"wp:attachment":[{"href":"https:\/\/roulettes.vaniseo.top\/index.php\/wp-json\/wp\/v2\/media?parent=217"}],"wp:term":[{"taxonomy":"product_cat","embeddable":true,"href":"https:\/\/roulettes.vaniseo.top\/index.php\/wp-json\/wp\/v2\/product_cat?post=217"},{"taxonomy":"product_tag","embeddable":true,"href":"https:\/\/roulettes.vaniseo.top\/index.php\/wp-json\/wp\/v2\/product_tag?post=217"}],"curies":[{"name":"wp","href":"https:\/\/api.w.org\/{rel}","templated":true}]}}