{"id":218,"date":"2022-04-04T16:20:49","date_gmt":"2022-04-04T14:20:49","guid":{"rendered":"https:\/\/roulettes.vaniseo.top\/index.php\/produit\/patere-design-salle-de-bain-fleur-arrondie\/"},"modified":"2022-04-04T17:17:48","modified_gmt":"2022-04-04T15:17:48","slug":"patere-design-salle-de-bain-fleur-arrondie","status":"publish","type":"product","link":"https:\/\/roulettes.vaniseo.top\/index.php\/produit\/patere-design-salle-de-bain-fleur-arrondie\/","title":{"rendered":"Pat\u00e8re design salle de bain fleur arrondie"},"content":{"rendered":"<h4>Crochet porte-serviette en forme de fleur.<\/h4>\n<p>_x000D_nPat\u00e8re design salle de bain fleur arrondie._x000D_n_x000D_nJolie <strong>pat\u00e8re design<\/strong> salle de bain en forme de \u00a0<em><strong>fleur arrondie<\/strong><\/em> en acier\u00a0chrom\u00e9\u00a0pour un usage de porte torchons, porte serviettes, porte gants._x000D_n_x000D_nOriginale avec une forme douce et pratique, elle sera utile dans toute la maison._x000D_n_x000D_nElle comporte un crochet de forme arrondie et un syst\u00e8me d&rsquo;accrochage avec ses vis, ses chevilles et ses caches vis\u00a0fournies._x000D_n_x000D_nElle s&rsquo;adaptera et apportera une touche de gait\u00e9 \u00e0 votre univers._x000D_n_x000D_nFacile \u00e0 poser mais n\u00e9cessite une per\u00e7euse pour positionner les chevilles._x000D_n<\/p>\n<h4>Dimensions :<\/h4>\n<p>_x000D_n<\/p>\n<ul>_x000D_n \t<\/p>\n<li>La fleur 7,1 cm X 7,1 cm<\/li>\n<p>_x000D_n \t<\/p>\n<li>Ecartement du mur crochet 4,5\u00a0cm<\/li>\n<p>_x000D_n \t<\/p>\n<li>Vis de 3 cm<\/li>\n<p>_x000D_n<\/ul>\n","protected":false},"excerpt":{"rendered":"<p>Jolie <strong>pat\u00e8re design<\/strong> salle de bain <em><strong>fleur arrondie<\/strong><\/em>\u00a0pour un usage de porte torchon, porte serviette, porte gant.\u00a0Elle est originale avec une forme douce et pratique. Sa pose n\u00e9cessite l&rsquo;usage d&rsquo;une perceuse.<\/p>\n","protected":false},"featured_media":1279,"comment_status":"closed","ping_status":"open","template":"","meta":[],"product_cat":[17,23],"product_tag":[26],"class_list":["post-218","product","type-product","status-publish","has-post-thumbnail","hentry","product_cat-salle-de-bain","product_cat-toilette-wc","product_tag-crochet-patere-patere-design-patere-murale-patere-porte-pateres-porte-serviette-porte-torchon","description-off"],"_links":{"self":[{"href":"https:\/\/roulettes.vaniseo.top\/index.php\/wp-json\/wp\/v2\/product\/218","targetHints":{"allow":["GET"]}}],"collection":[{"href":"https:\/\/roulettes.vaniseo.top\/index.php\/wp-json\/wp\/v2\/product"}],"about":[{"href":"https:\/\/roulettes.vaniseo.top\/index.php\/wp-json\/wp\/v2\/types\/product"}],"replies":[{"embeddable":true,"href":"https:\/\/roulettes.vaniseo.top\/index.php\/wp-json\/wp\/v2\/comments?post=218"}],"version-history":[{"count":0,"href":"https:\/\/roulettes.vaniseo.top\/index.php\/wp-json\/wp\/v2\/product\/218\/revisions"}],"wp:featuredmedia":[{"embeddable":true,"href":"https:\/\/roulettes.vaniseo.top\/index.php\/wp-json\/wp\/v2\/media\/1279"}],"wp:attachment":[{"href":"https:\/\/roulettes.vaniseo.top\/index.php\/wp-json\/wp\/v2\/media?parent=218"}],"wp:term":[{"taxonomy":"product_cat","embeddable":true,"href":"https:\/\/roulettes.vaniseo.top\/index.php\/wp-json\/wp\/v2\/product_cat?post=218"},{"taxonomy":"product_tag","embeddable":true,"href":"https:\/\/roulettes.vaniseo.top\/index.php\/wp-json\/wp\/v2\/product_tag?post=218"}],"curies":[{"name":"wp","href":"https:\/\/api.w.org\/{rel}","templated":true}]}}