{"id":22,"date":"2022-04-04T16:20:00","date_gmt":"2022-04-04T14:20:00","guid":{"rendered":"https:\/\/roulettes.vaniseo.top\/index.php\/produit\/patere-simple-design-acier-inoxydable\/"},"modified":"2022-04-04T17:08:38","modified_gmt":"2022-04-04T15:08:38","slug":"patere-simple-design-acier-inoxydable","status":"publish","type":"product","link":"https:\/\/roulettes.vaniseo.top\/index.php\/produit\/patere-simple-design-acier-inoxydable\/","title":{"rendered":"Pat\u00e8re simple design acier inoxydable"},"content":{"rendered":"<h4>Crochet simple en acier inoxydable.<\/h4>\n<p>_x000D_nPat\u00e8re simple design acier inoxydable._x000D_n_x000D_nJolie <strong>pat\u00e8re simple<\/strong> design en <em><strong>acier inoxydable<\/strong><\/em> qui peut servir de porte torchon, porte serviette, porte gant._x000D_n_x000D_nElle comporte un\u00a0design \u00e9pur\u00e9 avec une forme douce et pratique._x000D_n_x000D_nCette petite pat\u00e8re se compose d&rsquo;un crochet et un syst\u00e8me de fixation avec ses vis et ses chevilles, vis comportant des caches en acier._x000D_n_x000D_nPr\u00eate \u00e0 se fixer partout, elle\u00a0apportera une touche de gait\u00e9 \u00e0 votre univers._x000D_n_x000D_nFacile \u00e0 poser, sa fixation n\u00e9cessite une per\u00e7euse pour positionner les chevilles au mur._x000D_n<\/p>\n<h4>Dimensions :<\/h4>\n<p>_x000D_n<\/p>\n<ul>_x000D_n \t<\/p>\n<li>La pat\u00e8re 6,5 cm X 2,5 cm<\/li>\n<p>_x000D_n \t<\/p>\n<li>\u00e9cartement maxi 4\u00a0cm<\/li>\n<p>_x000D_n \t<\/p>\n<li>Vis de 2\u00a0cm<\/li>\n<p>_x000D_n<\/ul>\n","protected":false},"excerpt":{"rendered":"<p><em><strong>Crochet simple<\/strong><\/em> en <strong>acier inoxydable<\/strong> id\u00e9al pour un usage m\u00e9nager ou professionnel. Jolie pat\u00e8re simple design acier inoxydable qui peut servir de porte torchon, porte serviette, porte gant.\u00a0Elle est design et \u00e9pur\u00e9e avec une forme douce et pratique. De tr\u00e8s belle qualit\u00e9, il comporte des finitions soign\u00e9es.<\/p>\n","protected":false},"featured_media":726,"comment_status":"closed","ping_status":"open","template":"","meta":[],"product_cat":[19,20,21,22,17,23],"product_tag":[18],"class_list":["post-22","product","type-product","status-publish","has-post-thumbnail","hentry","product_cat-collectivite","product_cat-cuisine","product_cat-entreprise","product_cat-pro","product_cat-salle-de-bain","product_cat-toilette-wc","product_tag-crochet-patere-patere-design-patere-murale-patere-porte-porte-serviette-porte-torchon-vestiaire","description-off"],"_links":{"self":[{"href":"https:\/\/roulettes.vaniseo.top\/index.php\/wp-json\/wp\/v2\/product\/22","targetHints":{"allow":["GET"]}}],"collection":[{"href":"https:\/\/roulettes.vaniseo.top\/index.php\/wp-json\/wp\/v2\/product"}],"about":[{"href":"https:\/\/roulettes.vaniseo.top\/index.php\/wp-json\/wp\/v2\/types\/product"}],"replies":[{"embeddable":true,"href":"https:\/\/roulettes.vaniseo.top\/index.php\/wp-json\/wp\/v2\/comments?post=22"}],"version-history":[{"count":0,"href":"https:\/\/roulettes.vaniseo.top\/index.php\/wp-json\/wp\/v2\/product\/22\/revisions"}],"wp:featuredmedia":[{"embeddable":true,"href":"https:\/\/roulettes.vaniseo.top\/index.php\/wp-json\/wp\/v2\/media\/726"}],"wp:attachment":[{"href":"https:\/\/roulettes.vaniseo.top\/index.php\/wp-json\/wp\/v2\/media?parent=22"}],"wp:term":[{"taxonomy":"product_cat","embeddable":true,"href":"https:\/\/roulettes.vaniseo.top\/index.php\/wp-json\/wp\/v2\/product_cat?post=22"},{"taxonomy":"product_tag","embeddable":true,"href":"https:\/\/roulettes.vaniseo.top\/index.php\/wp-json\/wp\/v2\/product_tag?post=22"}],"curies":[{"name":"wp","href":"https:\/\/api.w.org\/{rel}","templated":true}]}}