{"id":221,"date":"2022-04-04T16:20:49","date_gmt":"2022-04-04T14:20:49","guid":{"rendered":"https:\/\/roulettes.vaniseo.top\/index.php\/produit\/crochet-salle-de-bain-double-longue-en-acier-inoxydable\/"},"modified":"2022-04-04T17:17:50","modified_gmt":"2022-04-04T15:17:50","slug":"crochet-salle-de-bain-double-longue-en-acier-inoxydable","status":"publish","type":"product","link":"https:\/\/roulettes.vaniseo.top\/index.php\/produit\/crochet-salle-de-bain-double-longue-en-acier-inoxydable\/","title":{"rendered":"Crochet salle de bain double longue en acier inoxydable"},"content":{"rendered":"<h3>Porte serviette double \u00e0 tige longue en acier inoxydable<\/h3>\n<p>_x000D_n<strong>1001 Pat\u00e8res<\/strong> vous propose son <strong>crochet salle de bain double en acier inoxydable<\/strong>. D\u00e9couvrez sa particularit\u00e9 et l&rsquo;ensemble de ses informations techniques et d\u00e9coratives ci dessous._x000D_n_x000D_nTout d&rsquo;abord, rappelons que 1001 Pat\u00e8res est le <strong>n\u00b01 en France de la vente de pat\u00e8res et porte manteaux<\/strong>. Il vous propose des <strong>solutions de rangement murales<\/strong> notamment aux <strong>meilleurs rapports qualit\u00e9 prix<\/strong>. Ainsi, pour la <a href=\"https:\/\/1001pateres.com\/categorie-produit\/salle-de-bain\/\">salle de bain<\/a> cette pat\u00e8re sera un <strong>incontournable passe-partout<\/strong>!_x000D_n_x000D_nEn effet, il s&rsquo;agit d&rsquo;une jolie pat\u00e8re disposant d&rsquo;une <strong>tige longue<\/strong>. C&rsquo;est d&rsquo;ailleurs ce qui fait sa <strong>particularit\u00e9<\/strong>, sa profondeur totale de <strong>6,3 cm<\/strong>. Ainsi, avec les deux crochets en bout de tige, vous pourrez sans encombre disposer ce que vous souhaitez <strong>avec place et robustesse<\/strong>._x000D_n_x000D_nDe plus, en acier inoxydable, elle est particuli\u00e8rement adapt\u00e9e \u00e0 tous\u00a0les <strong>univers humides<\/strong> comme celui de la <strong>salle de bain<\/strong>. Elle supporte donc <strong>poids et humidit\u00e9<\/strong> d&rsquo;une serviette, d&rsquo;un gant de toilette tout d&rsquo;un torchon de cuisine ou d&rsquo;une parka etc._x000D_n_x000D_nBien s\u00fbr, outre son style inox, sa <strong>robustesse<\/strong> la rend tout autant adapt\u00e9e pour recevoir v\u00eatements, sacs et autres accessoires._x000D_n_x000D_nEnfin, sa forme douce et pratique font d&rsquo;elle un <strong>passe partout tr\u00e8s vite indispensable<\/strong>._x000D_n_x000D_n&nbsp;_x000D_n<\/p>\n<h3>Comment installer le crochet salle de bain double en acier inoxydable?<\/h3>\n<p>_x000D_nC\u00f4t\u00e9 installation, ce crochet salle de bain dispose de deux tiges d&rsquo;accrochage\u00a0et d&rsquo;un syst\u00e8me de fixation avec <strong>ses propres vis et chevilles<\/strong>. Une <strong>clef allen<\/strong> est aussi incluse pour que vous ne manquiez de rien. Toutefois, m\u00eame si ce crochet est tr\u00e8s facile \u00e0 poser, il n\u00e9cessite une <strong>perceuse<\/strong> pour positionner les <strong>chevilles<\/strong>._x000D_n_x000D_nVous retiendrez aussi qu&rsquo;une fois fix\u00e9e au mur, les <strong>vis sont non visibles<\/strong>, pour une finition parfaite!_x000D_n_x000D_nEn choisissant ce porte serviette, vous ne prendrez aucun risque tant dans son style, que dans son utilisation ou encore sa fixation murale. Il s&rsquo;adapte \u00e0 votre univers sans difficult\u00e9._x000D_n_x000D_nVeuillez toutefois tenir compte de ses <strong>dimensions<\/strong>:_x000D_n<\/p>\n<ul>_x000D_n \t<\/p>\n<li>Diam\u00e8tre pat\u00e8re : 2 cm<\/li>\n<p>_x000D_n \t<\/p>\n<li>Diam\u00e8tre de la base: 4,4 cm<\/li>\n<p>_x000D_n \t<\/p>\n<li>Tiges de 2,2 cm avec un diam\u00e8tre de 0,8 cm<\/li>\n<p>_x000D_n \t<\/p>\n<li>Ecartement du mur: 6,3 cm<\/li>\n<p>_x000D_n \t<\/p>\n<li>Vis de 3,5 cm<\/li>\n<p>_x000D_n<\/ul>\n","protected":false},"excerpt":{"rendered":"<p>Porte-serviette de salle de bain en acier inoxydable. Jolie <strong>pat\u00e8re longue<\/strong> salle de bain <em><strong>double<\/strong><\/em> en acier inoxydable, porte serviette, porte gant.\u00a0Elle est originale avec une forme douce et pratique et convient parfaitement pour les pi\u00e8ces d&rsquo;eau.<\/p>\n","protected":false},"featured_media":1287,"comment_status":"closed","ping_status":"open","template":"","meta":[],"product_cat":[19,21,22,17,23],"product_tag":[26],"class_list":["post-221","product","type-product","status-publish","has-post-thumbnail","hentry","product_cat-collectivite","product_cat-entreprise","product_cat-pro","product_cat-salle-de-bain","product_cat-toilette-wc","product_tag-crochet-patere-patere-design-patere-murale-patere-porte-pateres-porte-serviette-porte-torchon","description-off"],"_links":{"self":[{"href":"https:\/\/roulettes.vaniseo.top\/index.php\/wp-json\/wp\/v2\/product\/221","targetHints":{"allow":["GET"]}}],"collection":[{"href":"https:\/\/roulettes.vaniseo.top\/index.php\/wp-json\/wp\/v2\/product"}],"about":[{"href":"https:\/\/roulettes.vaniseo.top\/index.php\/wp-json\/wp\/v2\/types\/product"}],"replies":[{"embeddable":true,"href":"https:\/\/roulettes.vaniseo.top\/index.php\/wp-json\/wp\/v2\/comments?post=221"}],"version-history":[{"count":0,"href":"https:\/\/roulettes.vaniseo.top\/index.php\/wp-json\/wp\/v2\/product\/221\/revisions"}],"wp:featuredmedia":[{"embeddable":true,"href":"https:\/\/roulettes.vaniseo.top\/index.php\/wp-json\/wp\/v2\/media\/1287"}],"wp:attachment":[{"href":"https:\/\/roulettes.vaniseo.top\/index.php\/wp-json\/wp\/v2\/media?parent=221"}],"wp:term":[{"taxonomy":"product_cat","embeddable":true,"href":"https:\/\/roulettes.vaniseo.top\/index.php\/wp-json\/wp\/v2\/product_cat?post=221"},{"taxonomy":"product_tag","embeddable":true,"href":"https:\/\/roulettes.vaniseo.top\/index.php\/wp-json\/wp\/v2\/product_tag?post=221"}],"curies":[{"name":"wp","href":"https:\/\/api.w.org\/{rel}","templated":true}]}}