{"id":223,"date":"2022-04-04T16:20:49","date_gmt":"2022-04-04T14:20:49","guid":{"rendered":"https:\/\/roulettes.vaniseo.top\/index.php\/produit\/porte-manteau-vestiaire-double-metal-dore\/"},"modified":"2022-04-04T17:17:51","modified_gmt":"2022-04-04T15:17:51","slug":"porte-manteau-vestiaire-double-metal-dore","status":"publish","type":"product","link":"https:\/\/roulettes.vaniseo.top\/index.php\/produit\/porte-manteau-vestiaire-double-metal-dore\/","title":{"rendered":"Porte manteau vestiaire double m\u00e9tal dor\u00e9"},"content":{"rendered":"<h3>Vestiaire double en m\u00e9tal dor\u00e9<\/h3>\n<p>_x000D_n<a href=\"https:\/\/1001pateres.com\/brand\/1001pateres\/\">1001 Pat\u00e8res<\/a> vous propose ici de d\u00e9couvrir l&rsquo;une de nos meilleures ventes: le <strong>porte manteau vestiaire double m\u00e9tal dor\u00e9<\/strong>. De la marque <strong>1001 Pat\u00e8res<\/strong>, nous vous proposons ci dessous quelques <strong>conseils d&rsquo;installation<\/strong> pour valoriser l&rsquo;objet \u00e0 la maison comme en entreprise._x000D_n_x000D_nAinsi, ce vestiaire double est\u00a0id\u00e9al avec sa double accroche en m\u00e9tal\u00a0<strong>dor\u00e9.<\/strong>\u00a0Dans une <a href=\"https:\/\/1001pateres.com\/categorie-produit\/entree-sejour\/\">entr\u00e9e<\/a> de maison comme en <a href=\"https:\/\/1001pateres.com\/univers\/entreprise\">entreprise<\/a>, il peut servir de <strong>porte-v\u00eatements, porte-\u00e9charpes, porte-chapeaux<\/strong>._x000D_n_x000D_nBien s\u00fbr, cette r\u00e9f\u00e9rence de porte manteau est <strong>mural<\/strong> et en <strong>alliage d&rsquo;aluminum<\/strong>. M\u00eame si celle-ci est en m\u00e9tal dor\u00e9, son d<strong>esign reste simple et \u00e9pur\u00e9<\/strong>. Il conviendra parfaitement dans un univers de vestiaires de <a href=\"https:\/\/1001pateres.com\/trouver-votre-patere\/\">collectivit\u00e9<\/a>, ou pour tout autre usage dans la maison._x000D_n_x000D_n&nbsp;_x000D_n<\/p>\n<h2>O\u00f9 et comment installer ce porte manteau vestiaire double m\u00e9tal dor\u00e9?<\/h2>\n<p>_x000D_nPar ailleurs, pr\u00e9f\u00e9rez une <strong>installation sur mur fonc\u00e9<\/strong> pour le valoriser et le rendre <strong>contemporain chic<\/strong>. A contrario, pour lui donner une dimension plus <strong>classique et traditionnel<\/strong>, optez pour un <strong>fond blanc.<\/strong>_x000D_n_x000D_nAinsi, c\u00f4t\u00e9 installation, le colis est compos\u00e9 d&rsquo;une\u00a0double pat\u00e8re\u00a0et d&rsquo;un syst\u00e8me d&rsquo;accrochage avec des vis non fournies.\u00a0Il est assez facile \u00e0 poser sur un mur ou sur un bois mais n\u00e9cessite un tournevis._x000D_n_x000D_nEnfin, pensez-vous multiplier le nombre de porte manteau vestiaire les uns \u00e0 c\u00f4t\u00e9 des autres? Si oui, il est bon de tenir compte de ses <strong>dimensions<\/strong> unitaire. Les voici ci-apr\u00e8s\u00a0:_x000D_n<\/p>\n<ul>_x000D_n \t<\/p>\n<li>Hauteur du porte manteau vestiaire double m\u00e9tal dor\u00e9: 13 cm<\/li>\n<p>_x000D_n \t<\/p>\n<li>Largeur maxi: 7,5 cm<\/li>\n<p>_x000D_n \t<\/p>\n<li>Ecartement du mur des crochets bas: 3 cm<\/li>\n<p>_x000D_n \t<\/p>\n<li>Ecartement du mur du crochet haut: 5,5 cm<\/li>\n<p>_x000D_n<\/ul>\n<p>_x000D_nPour finir, 1001 Pat\u00e8res vous invite vraiment \u00e0 utiliser la page Contact d\u00e8s lors que vous avez une remarque ou une question. Quelque soit la recherche et le besoin, nous nous faisons un plaisir de vous r\u00e9pondre et vous conseiller personnellement.<\/p>\n","protected":false},"excerpt":{"rendered":"<p>Belle pat\u00e8re porte-manteau id\u00e9ale pour les <strong>vestiaires<\/strong> avec double accroche en <em><strong>m\u00e9tal dor\u00e9<\/strong><\/em> qui peut servir de porte-v\u00eatement, porte-\u00e9charpe, porte-chapeaux.\u00a0Il est au design \u00e9pur\u00e9 pour se fondre dans tout les univers de la maison ou de l&rsquo;entreprise. Id\u00e9al pour les collectivit\u00e9s.<\/p>\n","protected":false},"featured_media":1294,"comment_status":"closed","ping_status":"open","template":"","meta":[],"product_cat":[19,32,21,22,17],"product_tag":[27],"class_list":["post-223","product","type-product","status-publish","has-post-thumbnail","hentry","product_cat-collectivite","product_cat-entree-sejour","product_cat-entreprise","product_cat-pro","product_cat-salle-de-bain","product_tag-crochet-patere-patere-design-patere-murale-patere-porte-pateres-porte-serviette-porte-torchon-vestiaire","description-off"],"_links":{"self":[{"href":"https:\/\/roulettes.vaniseo.top\/index.php\/wp-json\/wp\/v2\/product\/223","targetHints":{"allow":["GET"]}}],"collection":[{"href":"https:\/\/roulettes.vaniseo.top\/index.php\/wp-json\/wp\/v2\/product"}],"about":[{"href":"https:\/\/roulettes.vaniseo.top\/index.php\/wp-json\/wp\/v2\/types\/product"}],"replies":[{"embeddable":true,"href":"https:\/\/roulettes.vaniseo.top\/index.php\/wp-json\/wp\/v2\/comments?post=223"}],"version-history":[{"count":0,"href":"https:\/\/roulettes.vaniseo.top\/index.php\/wp-json\/wp\/v2\/product\/223\/revisions"}],"wp:featuredmedia":[{"embeddable":true,"href":"https:\/\/roulettes.vaniseo.top\/index.php\/wp-json\/wp\/v2\/media\/1294"}],"wp:attachment":[{"href":"https:\/\/roulettes.vaniseo.top\/index.php\/wp-json\/wp\/v2\/media?parent=223"}],"wp:term":[{"taxonomy":"product_cat","embeddable":true,"href":"https:\/\/roulettes.vaniseo.top\/index.php\/wp-json\/wp\/v2\/product_cat?post=223"},{"taxonomy":"product_tag","embeddable":true,"href":"https:\/\/roulettes.vaniseo.top\/index.php\/wp-json\/wp\/v2\/product_tag?post=223"}],"curies":[{"name":"wp","href":"https:\/\/api.w.org\/{rel}","templated":true}]}}