{"id":224,"date":"2022-04-04T16:20:49","date_gmt":"2022-04-04T14:20:49","guid":{"rendered":"https:\/\/roulettes.vaniseo.top\/index.php\/produit\/porte-manteau-design-et-pratique-en-aluminium\/"},"modified":"2022-04-04T17:17:52","modified_gmt":"2022-04-04T15:17:52","slug":"porte-manteau-design-et-pratique-en-aluminium","status":"publish","type":"product","link":"https:\/\/roulettes.vaniseo.top\/index.php\/produit\/porte-manteau-design-et-pratique-en-aluminium\/","title":{"rendered":"Porte manteau design et pratique en aluminium"},"content":{"rendered":"<h3>Pat\u00e8re design pour entr\u00e9e en aluminium<\/h3>\n<p>_x000D_n<a href=\"https:\/\/1001pateres.com\/brand\/1001pateres\/\">1001 Pat\u00e8res<\/a> vous propose ici de d\u00e9couvrir l&rsquo;une de ses <strong>meilleures ventes<\/strong>! Il s&rsquo;agit d&rsquo;un <strong>porte manteau design et pratique en aluminium<\/strong>. Continuez votre lecture ci dessous pour d\u00e9couvrir toutes les <strong>informations techniques<\/strong> et nos meilleurs <strong>conseils d&rsquo;installation<\/strong>!_x000D_n_x000D_nTout d&rsquo;abord, vous aimerez ce porte manteau pour sa <strong>polyvalence<\/strong>. En effet, il peut <strong>s&rsquo;installer dans de nombreuses pi\u00e8ces<\/strong> de la maison avec des utilisations vari\u00e9es comme porte torchons, porte serviettes, porte gants, et bien s\u00fbr comme porte manteaux&#8230;_x000D_n_x000D_nA noter que cette pat\u00e8re design est <strong>murale<\/strong>. Au design <strong>\u00e9pur\u00e9e<\/strong>, elle est particuli\u00e8rement adapt\u00e9e \u00e0 l&rsquo;univers de la <a href=\"https:\/\/1001pateres.com\/quel-porte-peignoir-choisir-pour-sa-salle-de-bain\/\">salle de bain<\/a> du fait de son mat\u00e9riau: un <strong>aluminium inoxydable<\/strong>. Ainsi, toute l&rsquo;humidit\u00e9 de la <a href=\"https:\/\/1001pateres.com\/univers\/salle-de-bain\">salle de bain<\/a> n&rsquo;alt\u00e9rera pas votre porte manteau.._x000D_n_x000D_nPar ailleurs, cette pat\u00e8re design en aluminium est vraiment <strong>pratique et robuste<\/strong>. De couleur <em><strong>aluminium mat<\/strong><\/em>, elle conviendra parfaitement \u00e0 une <strong>d\u00e9coration d&rsquo;int\u00e9rieur moderne<\/strong>._x000D_n_x000D_n&nbsp;_x000D_n<\/p>\n<h3>Porte manteau design et pratique: nos conseils d&rsquo;installation murale<\/h3>\n<p>_x000D_nEnfin, c\u00f4t\u00e9 installation, ce porte manteau design comporte <strong>deux crochets\u00a0<\/strong>qui maximise son <strong>efficacit\u00e9<\/strong> et son <strong>utilit\u00e9<\/strong>. Il\u00a0inclut un syst\u00e8me de fixation\u00a0avec ses vis, ses chevilles et ses caches vis. M\u00eame s&rsquo;il est\u00a0facile \u00e0 poser, il n\u00e9cessite tout de m\u00eame votre perceuse pour positionner les chevilles. Veillez \u00e0 v\u00e9rifier les <strong>dimensions<\/strong> du pan de mur allou\u00e9 selon celles de notre produit list\u00e9es ci dessous:_x000D_n<\/p>\n<ul>_x000D_n \t<\/p>\n<li>La base du porte manteau design: 6,5 cm X 3,5 cm<\/li>\n<p>_x000D_n \t<\/p>\n<li>Hauteur de la pat\u00e8re murale: 8,7 cm<\/li>\n<p>_x000D_n \t<\/p>\n<li>Ecartement maxi de la pat\u00e8re basse 4,5 cm, de la pat\u00e8re haute 7 cm<\/li>\n<p>_x000D_n \t<\/p>\n<li>Vis de 2,5 cm<\/li>\n<p>_x000D_n<\/ul>\n<p>_x000D_nContactez nous sans attendre pour toute question compl\u00e9mentaire. Nous ne manquerons pas de revenir vers vous dans les plus brefs d\u00e9lais. Nous pourrons non seulement vous r\u00e9pondre mais aussi vous conseiller gratuitement selon vos besoins et votre budget, et ce, gratuitement bien s\u00fbr!<\/p>\n","protected":false},"excerpt":{"rendered":"<p>Belle <strong>pat\u00e8re design<\/strong> en <em><strong>aluminium<\/strong><\/em> avec deux parties d&rsquo;accrochage\u00a0qui peut servir de porte torchons, porte serviettes, porte gants, porte manteaux.\u00a0Elle est murale au design \u00e9pur\u00e9e et particuli\u00e8rement adapt\u00e9e \u00e0 la salle de bain. Cette pat\u00e8re est facile \u00e0 poser mais n\u00e9cessite l&rsquo;usage d&rsquo;une perceuse.<\/p>\n","protected":false},"featured_media":1297,"comment_status":"closed","ping_status":"open","template":"","meta":[],"product_cat":[19,21,22,17],"product_tag":[27],"class_list":["post-224","product","type-product","status-publish","has-post-thumbnail","hentry","product_cat-collectivite","product_cat-entreprise","product_cat-pro","product_cat-salle-de-bain","product_tag-crochet-patere-patere-design-patere-murale-patere-porte-pateres-porte-serviette-porte-torchon-vestiaire","description-off"],"_links":{"self":[{"href":"https:\/\/roulettes.vaniseo.top\/index.php\/wp-json\/wp\/v2\/product\/224","targetHints":{"allow":["GET"]}}],"collection":[{"href":"https:\/\/roulettes.vaniseo.top\/index.php\/wp-json\/wp\/v2\/product"}],"about":[{"href":"https:\/\/roulettes.vaniseo.top\/index.php\/wp-json\/wp\/v2\/types\/product"}],"replies":[{"embeddable":true,"href":"https:\/\/roulettes.vaniseo.top\/index.php\/wp-json\/wp\/v2\/comments?post=224"}],"version-history":[{"count":0,"href":"https:\/\/roulettes.vaniseo.top\/index.php\/wp-json\/wp\/v2\/product\/224\/revisions"}],"wp:featuredmedia":[{"embeddable":true,"href":"https:\/\/roulettes.vaniseo.top\/index.php\/wp-json\/wp\/v2\/media\/1297"}],"wp:attachment":[{"href":"https:\/\/roulettes.vaniseo.top\/index.php\/wp-json\/wp\/v2\/media?parent=224"}],"wp:term":[{"taxonomy":"product_cat","embeddable":true,"href":"https:\/\/roulettes.vaniseo.top\/index.php\/wp-json\/wp\/v2\/product_cat?post=224"},{"taxonomy":"product_tag","embeddable":true,"href":"https:\/\/roulettes.vaniseo.top\/index.php\/wp-json\/wp\/v2\/product_tag?post=224"}],"curies":[{"name":"wp","href":"https:\/\/api.w.org\/{rel}","templated":true}]}}