{"id":228,"date":"2022-04-04T16:20:49","date_gmt":"2022-04-04T14:20:49","guid":{"rendered":"https:\/\/roulettes.vaniseo.top\/index.php\/produit\/patere-en-bois-bateau-a-voile\/"},"modified":"2022-04-04T17:17:56","modified_gmt":"2022-04-04T15:17:56","slug":"patere-en-bois-bateau-a-voile","status":"publish","type":"product","link":"https:\/\/roulettes.vaniseo.top\/index.php\/produit\/patere-en-bois-bateau-a-voile\/","title":{"rendered":"Pat\u00e8re en bois bateau a voile"},"content":{"rendered":"<h4>Jolie pat\u00e8re en bois bateau \u00e0 voile.<\/h4>\n<p>_x000D_nCe mod\u00e8le de pat\u00e8re en <em><strong>bois<\/strong><\/em> <strong>bateau \u00e0 voile<\/strong> est \u00e0 poser partout dans la maison. Ainsi vous ne verrez plus \u00a0trainer vos affaires, dans la chambre, dans l&rsquo;entr\u00e9e mais aussi dans la salle de bain._x000D_n_x000D_nCelle-ci comporte un crochet avec une petite <em>boule<\/em> \u00e0 l&rsquo;extr\u00e9mit\u00e9 pour ne pas abimer les affaires et un syst\u00e8me d&rsquo;accrochage simple en m\u00e9tal blanc._x000D_n_x000D_nAussi, le d\u00e9cor marin de voilier est original et de belle qualit\u00e9. De finitions grossi\u00e8res elle peut cependant avoir de petits d\u00e9fauts qui font tout son charme._x000D_n_x000D_nElle tient au mur avec un crochet ou une vis de votre choix._x000D_n<\/p>\n<h4>Dimensions :<\/h4>\n<p>_x000D_n<\/p>\n<ul>_x000D_n \t<\/p>\n<li>Le bateau \u00e0 voile est de dimension 8 cm X 9,5 cm<\/li>\n<p>_x000D_n \t<\/p>\n<li>Hauteur totale = 17,5 cm<\/li>\n<p>_x000D_n \t<\/p>\n<li>Ecartement du mur 4,5 cm<\/li>\n<p>_x000D_n<\/ul>\n","protected":false},"excerpt":{"rendered":"<p>Jolie pat\u00e8re en bois bateau \u00e0 voile. Elle est \u00e0 poser partout dans la maison pour ne plus voir trainer ses affaires, dans la chambre, dans l&rsquo;entr\u00e9e mais aussi dans la salle de bain.<\/p>\n","protected":false},"featured_media":1309,"comment_status":"closed","ping_status":"open","template":"","meta":[],"product_cat":[20,17],"product_tag":[27],"class_list":["post-228","product","type-product","status-publish","has-post-thumbnail","hentry","product_cat-cuisine","product_cat-salle-de-bain","product_tag-crochet-patere-patere-design-patere-murale-patere-porte-pateres-porte-serviette-porte-torchon-vestiaire","description-off"],"_links":{"self":[{"href":"https:\/\/roulettes.vaniseo.top\/index.php\/wp-json\/wp\/v2\/product\/228","targetHints":{"allow":["GET"]}}],"collection":[{"href":"https:\/\/roulettes.vaniseo.top\/index.php\/wp-json\/wp\/v2\/product"}],"about":[{"href":"https:\/\/roulettes.vaniseo.top\/index.php\/wp-json\/wp\/v2\/types\/product"}],"replies":[{"embeddable":true,"href":"https:\/\/roulettes.vaniseo.top\/index.php\/wp-json\/wp\/v2\/comments?post=228"}],"version-history":[{"count":0,"href":"https:\/\/roulettes.vaniseo.top\/index.php\/wp-json\/wp\/v2\/product\/228\/revisions"}],"wp:featuredmedia":[{"embeddable":true,"href":"https:\/\/roulettes.vaniseo.top\/index.php\/wp-json\/wp\/v2\/media\/1309"}],"wp:attachment":[{"href":"https:\/\/roulettes.vaniseo.top\/index.php\/wp-json\/wp\/v2\/media?parent=228"}],"wp:term":[{"taxonomy":"product_cat","embeddable":true,"href":"https:\/\/roulettes.vaniseo.top\/index.php\/wp-json\/wp\/v2\/product_cat?post=228"},{"taxonomy":"product_tag","embeddable":true,"href":"https:\/\/roulettes.vaniseo.top\/index.php\/wp-json\/wp\/v2\/product_tag?post=228"}],"curies":[{"name":"wp","href":"https:\/\/api.w.org\/{rel}","templated":true}]}}