{"id":231,"date":"2022-04-04T16:20:49","date_gmt":"2022-04-04T14:20:49","guid":{"rendered":"https:\/\/roulettes.vaniseo.top\/index.php\/produit\/patere-en-bois-peint-en-forme-de-poisson\/"},"modified":"2022-04-04T17:17:58","modified_gmt":"2022-04-04T15:17:58","slug":"patere-en-bois-peint-en-forme-de-poisson","status":"publish","type":"product","link":"https:\/\/roulettes.vaniseo.top\/index.php\/produit\/patere-en-bois-peint-en-forme-de-poisson\/","title":{"rendered":"Pat\u00e8re en bois peint en forme de poisson"},"content":{"rendered":"<h4>Jolie pat\u00e8re en bois poisson.<\/h4>\n<p>_x000D_nPat\u00e8re en bois en forme de\u00a0<strong>poisson<\/strong>._x000D_n_x000D_nCe mod\u00e8le est \u00e0 poser partout dans la maison pour ne plus voir trainer ses affaires ; aussi bien dans la chambre\u00a0que\u00a0dans l&rsquo;entr\u00e9e mais aussi dans la salle de bain._x000D_n_x000D_nElle comporte un crochet avec une petite boule \u00e0 l&rsquo;extr\u00e9mit\u00e9 pour ne pas abimer les affaires et un syst\u00e8me d&rsquo;accrochage simple en m\u00e9tal blanc._x000D_n_x000D_nLe <em><strong>d\u00e9cor marin<\/strong><\/em> est original et elle est de belle qualit\u00e9; malgr\u00e9 des finitions imparfaites elle peut avoir de petits d\u00e9fauts qui font tout son charme._x000D_n_x000D_nElle tient au mur avec un crochet ou une vis de votre choix._x000D_n<\/p>\n<h4>Dimensions :<\/h4>\n<p>_x000D_n<\/p>\n<ul>_x000D_n \t<\/p>\n<li>Le poisson est\u00a0de dimension 10 cm X 8 cm<\/li>\n<p>_x000D_n \t<\/p>\n<li>Hauteur totale = 17,5 cm<\/li>\n<p>_x000D_n \t<\/p>\n<li>Ecartement du mur 4,5 cm<\/li>\n<p>_x000D_n<\/ul>\n","protected":false},"excerpt":{"rendered":"<p>Jolie <strong>pat\u00e8re en bois<\/strong> <em><strong>poisson<\/strong><\/em>. Elle est \u00e0 poser partout dans la maison pour ne plus voir trainer ses affaires, dans la chambre, dans l&rsquo;entr\u00e9e mais aussi dans la salle de bain.<\/p>\n","protected":false},"featured_media":1318,"comment_status":"closed","ping_status":"open","template":"","meta":[],"product_cat":[20,17],"product_tag":[27],"class_list":["post-231","product","type-product","status-publish","has-post-thumbnail","hentry","product_cat-cuisine","product_cat-salle-de-bain","product_tag-crochet-patere-patere-design-patere-murale-patere-porte-pateres-porte-serviette-porte-torchon-vestiaire","description-off"],"_links":{"self":[{"href":"https:\/\/roulettes.vaniseo.top\/index.php\/wp-json\/wp\/v2\/product\/231","targetHints":{"allow":["GET"]}}],"collection":[{"href":"https:\/\/roulettes.vaniseo.top\/index.php\/wp-json\/wp\/v2\/product"}],"about":[{"href":"https:\/\/roulettes.vaniseo.top\/index.php\/wp-json\/wp\/v2\/types\/product"}],"replies":[{"embeddable":true,"href":"https:\/\/roulettes.vaniseo.top\/index.php\/wp-json\/wp\/v2\/comments?post=231"}],"version-history":[{"count":0,"href":"https:\/\/roulettes.vaniseo.top\/index.php\/wp-json\/wp\/v2\/product\/231\/revisions"}],"wp:featuredmedia":[{"embeddable":true,"href":"https:\/\/roulettes.vaniseo.top\/index.php\/wp-json\/wp\/v2\/media\/1318"}],"wp:attachment":[{"href":"https:\/\/roulettes.vaniseo.top\/index.php\/wp-json\/wp\/v2\/media?parent=231"}],"wp:term":[{"taxonomy":"product_cat","embeddable":true,"href":"https:\/\/roulettes.vaniseo.top\/index.php\/wp-json\/wp\/v2\/product_cat?post=231"},{"taxonomy":"product_tag","embeddable":true,"href":"https:\/\/roulettes.vaniseo.top\/index.php\/wp-json\/wp\/v2\/product_tag?post=231"}],"curies":[{"name":"wp","href":"https:\/\/api.w.org\/{rel}","templated":true}]}}