{"id":232,"date":"2022-04-04T16:20:49","date_gmt":"2022-04-04T14:20:49","guid":{"rendered":"https:\/\/roulettes.vaniseo.top\/index.php\/produit\/porte-manteau-original-5-pateres-metal-espresso-umbra\/"},"modified":"2022-04-04T17:17:59","modified_gmt":"2022-04-04T15:17:59","slug":"porte-manteau-original-5-pateres-metal-espresso-umbra","status":"publish","type":"product","link":"https:\/\/roulettes.vaniseo.top\/index.php\/produit\/porte-manteau-original-5-pateres-metal-espresso-umbra\/","title":{"rendered":"Porte manteau original 5 pat\u00e8res m\u00e9tal espresso UMBRA"},"content":{"rendered":"<h3>Porte manteau mural UMBRA espresso avec 5 pat\u00e8res m\u00e9tal<\/h3>\n<p>_x000D_n<strong>1001 Pat\u00e8res<\/strong> vous propose ici un <strong>porte manteau original 5 pat\u00e8res m\u00e9tal espresso<\/strong> de la marque <a href=\"https:\/\/eu.umbra.com\"><strong>Umbra<\/strong><\/a>. D\u00e9couvrez ci dessous l&rsquo;ensemble des <strong>caract\u00e9ristiques techniques<\/strong> et nos meilleurs conseils pour son <strong>installation<\/strong>._x000D_n_x000D_nTout d&rsquo;abord, la marque <a href=\"https:\/\/1001pateres.com\/brand\/umbra\/\">Umbra<\/a> est <strong>la plus vendue sur notre site<\/strong>. Cette boutique en ligne <strong>1001 Pat\u00e8res est la n\u00b01 en France<\/strong> pour la vente en ligne de pat\u00e8res. Vous pouvez donc <strong>ais\u00e9ment suivre cette marque reconnue<\/strong> par nos nombreux clients! Canadienne, elle propose de nombreux styles diff\u00e9rents, en utilisant un <strong>design<\/strong> et des <strong>mat\u00e9riaux de qualit\u00e9<\/strong>. Vous succomberez au <strong>tr\u00e8s bon rapport qualit\u00e9 prix<\/strong> de chacune des r\u00e9f\u00e9rences._x000D_n_x000D_nPar exemple ici, ce porte manteau original \u00e0 <strong><a href=\"https:\/\/1001pateres.com\/produit\/casier-mural-3-pateres-umbra-laque-blanc-petit-modele-cubby\/\">pat\u00e8res d\u00e9ployantes<\/a><\/strong> int\u00e8gre une collection compl\u00e8te dans ce m\u00eame esprit innovant. La pat\u00e8re d\u00e9ployante est v\u00e9ritablement <strong>leur signature<\/strong>. L&rsquo;avantage est de profiter d&rsquo;un <strong>objet d\u00e9coratif<\/strong> quand les pat\u00e8res sont ferm\u00e9es. Et, quand elles sont ouvertes, l&rsquo;objet devient un <strong>porte manteau efficace et stylis\u00e9<\/strong> pour le rangement de votre maison._x000D_n_x000D_nCette version est disponible \u00e9galement dans les coloris:_x000D_n<\/p>\n<ul>_x000D_n \t<\/p>\n<li><a href=\"https:\/\/1001pateres.com\/produit\/porte-manteaux-5-pateres-metal-umbra-laque-blanc\/\">Laqu\u00e9 blanc et m\u00e9tal<\/a><\/li>\n<p>_x000D_n \t<\/p>\n<li><a href=\"https:\/\/1001pateres.com\/produit\/porte-manteaux-5-pateres-metal-umbra\/\">Tout m\u00e9tal<\/a><\/li>\n<p>_x000D_n \t<\/p>\n<li><a href=\"https:\/\/1001pateres.com\/produit\/porte-manteaux-5-pateres-metal-umbra-en-bois\/\">Bois et m\u00e9tal<\/a><\/li>\n<p>_x000D_n<\/ul>\n<p>_x000D_n<\/p>\n<h3>Porte manteau mural espresso avec 5 accroches d\u00e9ployantes en m\u00e9tal<\/h3>\n<p>_x000D_nTechniquement ensuite, ce porte manteau mural Umbra est en <strong>bois<\/strong> de couleur <strong>espresso<\/strong> avec 5 <strong>pat\u00e8res<\/strong> d\u00e9ployantes en <strong>acier bross\u00e9<\/strong>. Il est \u00e0 poser et fixer partout dans la maison pour aider \u00e0 plus de <strong>clart\u00e9<\/strong> et <strong>d&rsquo;ordre<\/strong>._x000D_n_x000D_nDe plus, il est <strong>original<\/strong> et de <strong>belle qualit\u00e9<\/strong>. Gr\u00e2ce \u00e0 ces coloris fonc\u00e9s, il <strong>s&rsquo;adaptera facilement \u00e0 tout univers<\/strong>, notamment sur un mur blanc pour jouer le contraste. L&rsquo;acier bross\u00e9 matche tr\u00e8s bien dans une cuisine ou une salle de bain, o\u00f9 l&rsquo;on retrouve \u00e9galement facilement du m\u00e9tal gris&#8230;_x000D_n_x000D_nSon\u00a0syst\u00e8me d&rsquo;<strong>accrochage<\/strong> est <strong>simple<\/strong>. Encastr\u00e9 dans le bois, il est non visible une fois pos\u00e9 sur le mur. Enfin, il vient se<span style=\"line-height: 1.5\">\u00a0fixer au mur avec 2 vis et chevilles fournies, et votre perceuse.\u00a0<\/span>_x000D_n_x000D_nEnfin, voici ses <strong>dimensions<\/strong> sp\u00e9cifiques vous permettant de valider l&rsquo;endroit o\u00f9 le disposer:_x000D_n<\/p>\n<ul>_x000D_n \t<\/p>\n<li>Le portemanteau original Umbra 5 pat\u00e8res: 50\u00a0cm X 6 cm<\/li>\n<p>_x000D_n \t<\/p>\n<li>Epaisseur du mur: 3\u00a0cm<\/li>\n<p>_x000D_n<\/ul>\n","protected":false},"excerpt":{"rendered":"<p>Porte-manteaux comportant 5 pat\u00e8res d\u00e9ployantes en m\u00e9tal de la marque <em><strong>UMBRA<\/strong><\/em> mod\u00e8le <strong>espresso<\/strong>.\u00a0Ce porte-manteaux avec 5 pat\u00e8res est \u00e0 poser partout dans la maison pour ne plus voir trainer ses affaires.\u00a0Il comporte 5 pat\u00e8res en acier bross\u00e9 d\u00e9ployantes et est un tr\u00e8s bel objet de d\u00e9coration.<\/p>\n","protected":false},"featured_media":1321,"comment_status":"closed","ping_status":"open","template":"","meta":[],"product_cat":[29,19,32,21,22,17],"product_tag":[25],"class_list":["post-232","product","type-product","status-publish","has-post-thumbnail","hentry","product_cat-chambre-adulte","product_cat-collectivite","product_cat-entree-sejour","product_cat-entreprise","product_cat-pro","product_cat-salle-de-bain","product_tag-crochet-patere-patere-design-patere-murale-patere-porte-pateres-porte-manteau-porte-serviette-porte-torchon-vestiaire","description-off"],"_links":{"self":[{"href":"https:\/\/roulettes.vaniseo.top\/index.php\/wp-json\/wp\/v2\/product\/232","targetHints":{"allow":["GET"]}}],"collection":[{"href":"https:\/\/roulettes.vaniseo.top\/index.php\/wp-json\/wp\/v2\/product"}],"about":[{"href":"https:\/\/roulettes.vaniseo.top\/index.php\/wp-json\/wp\/v2\/types\/product"}],"replies":[{"embeddable":true,"href":"https:\/\/roulettes.vaniseo.top\/index.php\/wp-json\/wp\/v2\/comments?post=232"}],"version-history":[{"count":0,"href":"https:\/\/roulettes.vaniseo.top\/index.php\/wp-json\/wp\/v2\/product\/232\/revisions"}],"wp:featuredmedia":[{"embeddable":true,"href":"https:\/\/roulettes.vaniseo.top\/index.php\/wp-json\/wp\/v2\/media\/1321"}],"wp:attachment":[{"href":"https:\/\/roulettes.vaniseo.top\/index.php\/wp-json\/wp\/v2\/media?parent=232"}],"wp:term":[{"taxonomy":"product_cat","embeddable":true,"href":"https:\/\/roulettes.vaniseo.top\/index.php\/wp-json\/wp\/v2\/product_cat?post=232"},{"taxonomy":"product_tag","embeddable":true,"href":"https:\/\/roulettes.vaniseo.top\/index.php\/wp-json\/wp\/v2\/product_tag?post=232"}],"curies":[{"name":"wp","href":"https:\/\/api.w.org\/{rel}","templated":true}]}}