{"id":233,"date":"2022-04-04T16:20:49","date_gmt":"2022-04-04T14:20:49","guid":{"rendered":"https:\/\/roulettes.vaniseo.top\/index.php\/produit\/porte-manteau-design-8-pateres-mauve-helix-umbra\/"},"modified":"2022-04-04T17:18:00","modified_gmt":"2022-04-04T15:18:00","slug":"porte-manteau-design-8-pateres-mauve-helix-umbra","status":"publish","type":"product","link":"https:\/\/roulettes.vaniseo.top\/index.php\/produit\/porte-manteau-design-8-pateres-mauve-helix-umbra\/","title":{"rendered":"Porte manteau design 8 pat\u00e8res mauve HELIX UMBRA"},"content":{"rendered":"<h3>Porte manteau mural design UMBRA<\/h3>\n<p>_x000D_n<strong>1001 Pat\u00e8res<\/strong> vous pr\u00e9sente ici un <strong>porte manteau design 8 pat\u00e8res mauve<\/strong>. D\u00e9couvrez donc ci dessous l&rsquo;ensemble des <strong>conseils d&rsquo;installation<\/strong> et <strong>caract\u00e9ristiques techniques<\/strong> de ce mod\u00e8le <strong>HELIX<\/strong> de la marque <a href=\"https:\/\/eu.umbra.com\" target=\"_blank\" rel=\"noopener noreferrer\">Umbra<\/a>._x000D_n_x000D_nTout d&rsquo;abord, <a href=\"https:\/\/1001pateres.com\/brand\/umbra\/page\/3\/\">UMBRA<\/a> est une marque canadienne proposant de nombreux mod\u00e8les de <strong>porte manteau et pat\u00e8re design et au bon rapport qualit\u00e9 prix<\/strong>. C&rsquo;est d&rsquo;ailleurs la marque la plus vendue sur notre site!_x000D_n_x000D_nAinsi, Umbra propose par exemple un mod\u00e8le de <a href=\"https:\/\/1001pateres.com\/produit\/porte-manteaux-3-pateres-metal-umbra-noir\/\">porte manteau \u00e0 pat\u00e8re d\u00e9ployante<\/a>. Le principe est donc que lorsque les pat\u00e8res sont ferm\u00e9es, l&rsquo;objet est <strong>d\u00e9coratif<\/strong> pour votre int\u00e9rieur. De la m\u00eame fa\u00e7on, lorsqu&rsquo;elles sont ouvertes, il permet le <strong>rangement<\/strong> et la <strong>clart\u00e9<\/strong> de votre int\u00e9rieur en permettant de suspendre v\u00eatements et accessoires._x000D_n_x000D_n&nbsp;_x000D_n<\/p>\n<h3>Porte manteau design 8 pat\u00e8res mauve HELIX Umbra<\/h3>\n<p>_x000D_nIci, en revanche, le porte manteau mural design est <strong>fixe<\/strong>. Ind\u00e9niablement <strong>graphique<\/strong> et <strong>stylis\u00e9<\/strong>, il permet <strong>\u00e0 lui seul de d\u00e9corer une pi\u00e8ce<\/strong>! Dans une entr\u00e9e, une salle de bain, ou un bureau, il apportera <strong>modernit\u00e9<\/strong> et <strong>\u00e9l\u00e9gance<\/strong>._x000D_n_x000D_nTechniquement, ces 8 pat\u00e8res sont de couleur\u00a0mauve, dispos\u00e9es en demi-h\u00e9lice. Umbra propose \u00e9galement un mod\u00e8le <a href=\"https:\/\/1001pateres.com\/produit\/porte-manteaux-8-pateres-umbra-helix-noir\/\">HELIX noir<\/a>. Cette collection est en m\u00e9tal teint\u00e9 dans la masse._x000D_n_x000D_nAinsi, avec de tels coloris, nous vous recommandons de l&rsquo;installer sur un mur clair afin de jouer sur les contrastes pour le mettre en valeur._x000D_n_x000D_nAussi, celui-ci comporte un <strong>syst\u00e8me d&rsquo;accrochage simple<\/strong> au dos\u00a0et <strong>non visible<\/strong> une fois pos\u00e9 sur le mur.\u00a0<span style=\"line-height: 1.5\">Il tient au mur avec 2 vis et chevilles qui sont fournies. Pensez juste \u00e0 vous munir d&rsquo;une perceuse.<\/span>_x000D_n_x000D_nEnfin, voici les <strong>dimensions<\/strong> pr\u00e9cises de ce magnifique objet mauve HELIX Umbra:_x000D_n<\/p>\n<ul>_x000D_n \t<\/p>\n<li>Porte manteau design HELIX mauve: 60,8\u00a0cm X 12 cm maxi<\/li>\n<p>_x000D_n \t<\/p>\n<li>D\u00e9calage\u00a0du mur: 7,5 cm maxi<\/li>\n<p>_x000D_n<\/ul>\n<p>_x000D_nN&rsquo;h\u00e9sitez pas \u00e0 nous \u00e9crire en cas de questions compl\u00e9mentaires via le formulaire de contact disponible sur ce site. Nous nous ferons un plaisir de vous r\u00e9pondre et de vous conseiller au mieux selon vos besoins.<\/p>\n","protected":false},"excerpt":{"rendered":"<p>Porte-manteaux comportant 8 pat\u00e8res mod\u00e8le\u00a0<strong>HELIX<\/strong> mauve de la marque <em><strong>UMBRA<\/strong><\/em>.\u00a0Ce porte-manteaux avec 8 pat\u00e8res est \u00e0 poser partout dans la maison pour ne plus voir trainer ses affaires. Il comporte 8 pat\u00e8res en m\u00e9tal teint\u00e9 dans la masse de couleur lavande et dispos\u00e9es en demi-h\u00e9lice.<\/p>\n","protected":false},"featured_media":1324,"comment_status":"closed","ping_status":"open","template":"","meta":[],"product_cat":[29,19,32,21,22],"product_tag":[25],"class_list":["post-233","product","type-product","status-publish","has-post-thumbnail","hentry","product_cat-chambre-adulte","product_cat-collectivite","product_cat-entree-sejour","product_cat-entreprise","product_cat-pro","product_tag-crochet-patere-patere-design-patere-murale-patere-porte-pateres-porte-manteau-porte-serviette-porte-torchon-vestiaire","description-off"],"_links":{"self":[{"href":"https:\/\/roulettes.vaniseo.top\/index.php\/wp-json\/wp\/v2\/product\/233","targetHints":{"allow":["GET"]}}],"collection":[{"href":"https:\/\/roulettes.vaniseo.top\/index.php\/wp-json\/wp\/v2\/product"}],"about":[{"href":"https:\/\/roulettes.vaniseo.top\/index.php\/wp-json\/wp\/v2\/types\/product"}],"replies":[{"embeddable":true,"href":"https:\/\/roulettes.vaniseo.top\/index.php\/wp-json\/wp\/v2\/comments?post=233"}],"version-history":[{"count":0,"href":"https:\/\/roulettes.vaniseo.top\/index.php\/wp-json\/wp\/v2\/product\/233\/revisions"}],"wp:featuredmedia":[{"embeddable":true,"href":"https:\/\/roulettes.vaniseo.top\/index.php\/wp-json\/wp\/v2\/media\/1324"}],"wp:attachment":[{"href":"https:\/\/roulettes.vaniseo.top\/index.php\/wp-json\/wp\/v2\/media?parent=233"}],"wp:term":[{"taxonomy":"product_cat","embeddable":true,"href":"https:\/\/roulettes.vaniseo.top\/index.php\/wp-json\/wp\/v2\/product_cat?post=233"},{"taxonomy":"product_tag","embeddable":true,"href":"https:\/\/roulettes.vaniseo.top\/index.php\/wp-json\/wp\/v2\/product_tag?post=233"}],"curies":[{"name":"wp","href":"https:\/\/api.w.org\/{rel}","templated":true}]}}