{"id":234,"date":"2022-04-04T16:20:49","date_gmt":"2022-04-04T14:20:49","guid":{"rendered":"https:\/\/roulettes.vaniseo.top\/index.php\/produit\/patere-capventure-zoo-tete-delan-argentee\/"},"modified":"2022-04-04T17:18:02","modified_gmt":"2022-04-04T15:18:02","slug":"patere-capventure-zoo-tete-delan-argentee","status":"publish","type":"product","link":"https:\/\/roulettes.vaniseo.top\/index.php\/produit\/patere-capventure-zoo-tete-delan-argentee\/","title":{"rendered":"Pat\u00e8re CapVenture ZOO t\u00eate d\u2019\u00e9lan argent\u00e9e"},"content":{"rendered":"<h3>Pat\u00e8re \u00e9lan argent\u00e9 en r\u00e9sine, collection ZOO par CapVenture<\/h3>\n<p>_x000D_nEnvie d&rsquo;un peu de nature et de Grand Nord? Oui, mais avec style! Pour cela,<strong> 1001 Pat\u00e8res<\/strong>\u00a0pr\u00e9sente ici toutes les caract\u00e9ristiques de la <strong>pat\u00e8re CapVenture ZOO<\/strong> prenant la forme d&rsquo;une\u00a0<strong>t\u00eate d&rsquo;\u00e9lan\u00a0argent\u00e9e<\/strong>._x000D_n_x000D_nLe Saviez-Vous? 1001 Pat\u00e8res est le<strong> n\u00b01 en France de la pat\u00e8re et du porte manteau<\/strong>. Il parcourt le monde \u00e0 la recherche des meilleures affaires en mati\u00e8re d&rsquo;objet permettant le rangement. Une \u00ab\u00a0affaire \u00bb, est un produit <strong>au meilleur rapport qualit\u00e9 prix<\/strong>, permettant \u00e0 la fois de <strong>d\u00e9corer<\/strong> et bien s\u00fbr de <strong>ranger<\/strong>._x000D_n_x000D_nAinsi, <a href=\"https:\/\/1001pateres.com\/brand\/capventure\/\">CapVenture<\/a> est originaire des Pays-Bas. Cette marque cr\u00e9\u00e9e des <strong>pat\u00e8res murales en forme de t\u00eate d\u2019animaux<\/strong>\u00a0<strong>sauvages<\/strong>, du <strong>zoo<\/strong>, ou encore de la <strong>ferme<\/strong>._x000D_n_x000D_n&nbsp;_x000D_n<\/p>\n<h3>Pat\u00e8re CapVenture ZOO : la t\u00eate d\u2019\u00e9lan argent\u00e9e<\/h3>\n<p>_x000D_nD&rsquo;ailleurs, ici, la t\u00eate d\u2019\u00e9lan argent\u00e9e est issue de la collection <strong>ZOO<\/strong>. Dans celle-ci, d\u2019autres t\u00eates uniques et\/ou d\u00e9clin\u00e9es en plusieurs coloris sont disponibles. Ainsi, parmi les <strong>t\u00eates uniques<\/strong>, on retrouve celles de <strong>L\u00e9opard,\u00a0<\/strong><strong>Ours brun,\u00a0<\/strong><strong>Faon,\u00a0<\/strong><strong>Loup, et\u00a0<\/strong><strong>Renard.<\/strong>_x000D_n_x000D_nEnfin pour les <strong>t\u00eates disponibles en plusieurs couleurs<\/strong>, vous est propos\u00e9 donc cette fameuse <strong>t\u00eate\u00a0<\/strong><b>d\u2019\u00e9lan argent\u00e9e<\/b>\u00a0mais aussi disponible en <strong>blanc laqu\u00e9<\/strong>, <a href=\"https:\/\/1001pateres.com\/produit\/patere-design-zoo-tete-elan-bleu-petrole\/\"><strong>bleu p\u00e9trole<\/strong><\/a>, <strong>beige, noir<\/strong> et <strong>vert d\u2019eau<\/strong>. C\u2019est aussi le cas pour les <strong>t\u00eates d\u2019\u00e9l\u00e9phant, de girafe, de cerf et de lapin<\/strong>._x000D_n_x000D_nA noter que toutes les pat\u00e8res sont en <strong>r\u00e9sine<\/strong>\u00a0<strong>r\u00e9sistant \u00e0 un poids maximal de 5 kg<\/strong>. Gr\u00e2ce \u00e0 cette robustesse, elles peuvent \u00eatre install\u00e9es dans n&rsquo;importe quelle pi\u00e8ce d&rsquo;une maison ou d&rsquo;un bureau professionnel._x000D_n_x000D_n&nbsp;_x000D_n<\/p>\n<h3>Installer la pat\u00e8re \u00e9lan argent\u00e9e en r\u00e9sine<\/h3>\n<p>_x000D_nPour finir, c\u00f4t\u00e9 <strong>installation<\/strong>, la pat\u00e8re CapVenture ZOO comporte un syst\u00e8me d\u2019accrochage avec une vis et une cheville, incluse.Ultra simple, sa pose n\u00e9cessite seulement votre perceuse._x000D_n_x000D_n<strong>Dimensions<\/strong> :_x000D_n<\/p>\n<ul>_x000D_n \t<\/p>\n<li>La t\u00eate d&rsquo;\u00e9lan\u00a0: 8,3 cm X 6 cm<\/li>\n<p>_x000D_n \t<\/p>\n<li>Ecartement du mur 5 cm<\/li>\n<p>_x000D_n<\/ul>\n","protected":false},"excerpt":{"rendered":"<p>Belle pat\u00e8re design de la s\u00e9rie ZOO en forme de t\u00eate d&rsquo;<strong>\u00e9lan argent\u00e9e brillant<\/strong>.\u00a0Cette t\u00eate d&rsquo;animal du zoo de la marque <em><strong>CAPVENTURE<\/strong><\/em> est en r\u00e9sine.\u00a0Ce porte-manteau est \u00e0 poser dans la chambre ou dans l&rsquo;entr\u00e9e pour ne plus voir trainer ses affaires.<\/p>\n","protected":false},"featured_media":1326,"comment_status":"closed","ping_status":"open","template":"","meta":[],"product_cat":[16,32],"product_tag":[27],"class_list":["post-234","product","type-product","status-publish","has-post-thumbnail","hentry","product_cat-chambre-enfant","product_cat-entree-sejour","product_tag-crochet-patere-patere-design-patere-murale-patere-porte-pateres-porte-serviette-porte-torchon-vestiaire","description-off"],"_links":{"self":[{"href":"https:\/\/roulettes.vaniseo.top\/index.php\/wp-json\/wp\/v2\/product\/234","targetHints":{"allow":["GET"]}}],"collection":[{"href":"https:\/\/roulettes.vaniseo.top\/index.php\/wp-json\/wp\/v2\/product"}],"about":[{"href":"https:\/\/roulettes.vaniseo.top\/index.php\/wp-json\/wp\/v2\/types\/product"}],"replies":[{"embeddable":true,"href":"https:\/\/roulettes.vaniseo.top\/index.php\/wp-json\/wp\/v2\/comments?post=234"}],"version-history":[{"count":0,"href":"https:\/\/roulettes.vaniseo.top\/index.php\/wp-json\/wp\/v2\/product\/234\/revisions"}],"wp:featuredmedia":[{"embeddable":true,"href":"https:\/\/roulettes.vaniseo.top\/index.php\/wp-json\/wp\/v2\/media\/1326"}],"wp:attachment":[{"href":"https:\/\/roulettes.vaniseo.top\/index.php\/wp-json\/wp\/v2\/media?parent=234"}],"wp:term":[{"taxonomy":"product_cat","embeddable":true,"href":"https:\/\/roulettes.vaniseo.top\/index.php\/wp-json\/wp\/v2\/product_cat?post=234"},{"taxonomy":"product_tag","embeddable":true,"href":"https:\/\/roulettes.vaniseo.top\/index.php\/wp-json\/wp\/v2\/product_tag?post=234"}],"curies":[{"name":"wp","href":"https:\/\/api.w.org\/{rel}","templated":true}]}}