{"id":235,"date":"2022-04-04T16:20:49","date_gmt":"2022-04-04T14:20:49","guid":{"rendered":"https:\/\/roulettes.vaniseo.top\/index.php\/produit\/patere-zoo-tete-de-lapin-blanche-laquee-capventure\/"},"modified":"2022-04-04T17:18:03","modified_gmt":"2022-04-04T15:18:03","slug":"patere-zoo-tete-de-lapin-blanche-laquee-capventure","status":"publish","type":"product","link":"https:\/\/roulettes.vaniseo.top\/index.php\/produit\/patere-zoo-tete-de-lapin-blanche-laquee-capventure\/","title":{"rendered":"Pat\u00e8re ZOO t\u00eate de lapin blanche laqu\u00e9e CapVenture"},"content":{"rendered":"<div class=\"woocommerce-tabs wc-tabs-wrapper\">_x000D_n<\/p>\n<div id=\"tab-description\" class=\"woocommerce-Tabs-panel woocommerce-Tabs-panel--description panel entry-content wc-tab\" role=\"tabpanel\" aria-labelledby=\"tab-title-description\">_x000D_n<\/p>\n<h3>Pat\u00e8re ZOO lapin blanc en r\u00e9sine de chez CapVenture<\/h3>\n<p>_x000D_n<strong>1001 Pat\u00e8res<\/strong> vous fait d\u00e9couvrir cette \u00e9l\u00e9gante\u00a0<strong>pat\u00e8re Zoo en forme de t\u00eate de lapin\u00a0blanche\u00a0laqu\u00e9e<\/strong>, de la marque\u00a0<strong>CapVenture<\/strong>._x000D_n_x000D_nEn effet, sur le site 1001 Pat\u00e8res, trouvez un grand choix de r\u00e9f\u00e9rences de pat\u00e8res et porte manteaux aux designs vari\u00e9s. Profitez donc des petits prix pour ranger et d\u00e9corer votre maison et votre bureau avec le\u00a0<strong>n\u00b01 en France de la vente de pat\u00e8res<\/strong>._x000D_n_x000D_nIci, trouvez les produits de la marque <a href=\"https:\/\/1001pateres.com\/brand\/capventure\/\"><strong>CapVenture<\/strong><\/a>, venue des Pays Bas. Celle-ci propose un large choix de <strong>t\u00eate d\u2019animaux en r\u00e9sine<\/strong>._x000D_n_x000D_n&nbsp;_x000D_n<\/p>\n<h3>Pat\u00e8re ZOO : t\u00eate de lapin blanche laqu\u00e9e<\/h3>\n<p>_x000D_nAinsi, ces t\u00eates animales sont tri\u00e9es sous forme de collections: <strong>Ferme<\/strong>, <strong>Animaux Sauvages<\/strong> et ici <strong>Zoo<\/strong>._x000D_n_x000D_nCi contre, il s&rsquo;agit d\u2019une <strong>t\u00eate de lapin blanche laqu\u00e9e<\/strong>, mais il est aussi possible de la retrouver <strong>en coloris <a href=\"https:\/\/1001pateres.com\/produit\/patere-design-zoo-tete-de-lapin-noir-laque\/\">noire laqu\u00e9e<\/a><\/strong>._x000D_n_x000D_nPour d\u2019autres t\u00eates d\u2019animaux de la m\u00eame collection, visitez les pages des t\u00eates de <strong>L\u00e9opard,\u00a0Ours brun,\u00a0Faon,\u00a0Loup, et\u00a0Renard.<\/strong> Celles-ci sont disponibles en une seule\u00a0<strong>couleur<\/strong>. Mais, d\u2019autres animaux sont propos\u00e9s en plusieurs couleurs comme les t\u00eates d&rsquo;<strong>\u00e9l\u00e9phant, de girafe, de cerf et de lapin.<\/strong>_x000D_n_x000D_n&nbsp;_x000D_n<\/p>\n<h3>Quels avantages \u00e0 retenir de la t\u00e2te de lapin blanche laqu\u00e9e?<\/h3>\n<p>_x000D_nPour finir, le premier avantage est de pouvoir <strong>d\u00e9multiplier les t\u00eates<\/strong> sur un m\u00eame pan de mur pour cr\u00e9er un v\u00e9ritable univers ZOO (ou Ferme ou Animaux Sauvages)._x000D_n_x000D_nD&rsquo;ailleurs, certains de nos pr\u00e9c\u00e9dents clients les choisissent en les personnalisant \u00e0 chaque membre de leur famille! Avec un brin de caricature, la d\u00e9coration devient en plus ludique!_x000D_n_x000D_nQuoiqu\u2019il en soit pour les installer, vous pouvez les fixer \u00e0 m\u00eame le mur gr\u00e2ce \u00e0 la vis+cheville fournie. Cependant notre site propose \u00e9galement un\u00a0<a href=\"https:\/\/1001pateres.com\/produit\/trophee-pour-pateres-zoo-capventure\/\"><strong>Troph\u00e9e CapVenture<\/strong><\/a>\u00a0pr\u00e9vu pour <strong>accueillir maximum 3 t\u00eates<\/strong>. Pensez juste \u00e0 vous munir d\u2019une perceuse._x000D_n_x000D_nEnfin, elle est vraiment <strong>passe-partout<\/strong> puisqu&rsquo;elle est <strong>en r\u00e9sine ultra r\u00e9sistante<\/strong>. Sa robustesse supporte des <strong>charges allant jusqu\u2019\u00e0 5 kg<\/strong>. Voici ses dimensions:_x000D_n<\/p>\n<ul>_x000D_n \t<\/p>\n<li>T\u00eate de lapin : 6 cm X 6 cm<\/li>\n<p>_x000D_n \t<\/p>\n<li>Ecartement du mur : 5 cm<\/li>\n<p>_x000D_n<\/ul>\n<p>_x000D_n<\/p>\n<div id=\"themify_builder_content-5115\" class=\"themify_builder_content themify_builder_content-5115 themify_builder tf_clear\" data-postid=\"5115\"><\/div>\n<p>_x000D_n<\/p><\/div>\n<p>_x000D_n<\/p><\/div>\n<p>_x000D_n<\/p>\n<section class=\"up-sells upsells products\"><\/section>\n","protected":false},"excerpt":{"rendered":"<p>Pat\u00e8re design de la s\u00e9rie ZOO en forme de t\u00eate de <strong>lapin blanc<\/strong>\u00a0laqu\u00e9.\u00a0Cette t\u00eate d&rsquo;animal du zoo de la marque <em><strong>CAPVENTURE<\/strong><\/em> est en r\u00e9sine.\u00a0Ce porte-manteau est \u00e0 poser dans la chambre ou dans l&rsquo;entr\u00e9e pour ne plus voir trainer ses affaires.<\/p>\n","protected":false},"featured_media":1330,"comment_status":"closed","ping_status":"open","template":"","meta":[],"product_cat":[16,32],"product_tag":[27],"class_list":["post-235","product","type-product","status-publish","has-post-thumbnail","hentry","product_cat-chambre-enfant","product_cat-entree-sejour","product_tag-crochet-patere-patere-design-patere-murale-patere-porte-pateres-porte-serviette-porte-torchon-vestiaire","description-off"],"_links":{"self":[{"href":"https:\/\/roulettes.vaniseo.top\/index.php\/wp-json\/wp\/v2\/product\/235","targetHints":{"allow":["GET"]}}],"collection":[{"href":"https:\/\/roulettes.vaniseo.top\/index.php\/wp-json\/wp\/v2\/product"}],"about":[{"href":"https:\/\/roulettes.vaniseo.top\/index.php\/wp-json\/wp\/v2\/types\/product"}],"replies":[{"embeddable":true,"href":"https:\/\/roulettes.vaniseo.top\/index.php\/wp-json\/wp\/v2\/comments?post=235"}],"version-history":[{"count":0,"href":"https:\/\/roulettes.vaniseo.top\/index.php\/wp-json\/wp\/v2\/product\/235\/revisions"}],"wp:featuredmedia":[{"embeddable":true,"href":"https:\/\/roulettes.vaniseo.top\/index.php\/wp-json\/wp\/v2\/media\/1330"}],"wp:attachment":[{"href":"https:\/\/roulettes.vaniseo.top\/index.php\/wp-json\/wp\/v2\/media?parent=235"}],"wp:term":[{"taxonomy":"product_cat","embeddable":true,"href":"https:\/\/roulettes.vaniseo.top\/index.php\/wp-json\/wp\/v2\/product_cat?post=235"},{"taxonomy":"product_tag","embeddable":true,"href":"https:\/\/roulettes.vaniseo.top\/index.php\/wp-json\/wp\/v2\/product_tag?post=235"}],"curies":[{"name":"wp","href":"https:\/\/api.w.org\/{rel}","templated":true}]}}