{"id":236,"date":"2022-04-04T16:20:57","date_gmt":"2022-04-04T14:20:57","guid":{"rendered":"https:\/\/roulettes.vaniseo.top\/index.php\/produit\/patere-zoo-tete-de-lapin-noire-laquee-capventure\/"},"modified":"2022-04-04T17:18:05","modified_gmt":"2022-04-04T15:18:05","slug":"patere-zoo-tete-de-lapin-noire-laquee-capventure","status":"publish","type":"product","link":"https:\/\/roulettes.vaniseo.top\/index.php\/produit\/patere-zoo-tete-de-lapin-noire-laquee-capventure\/","title":{"rendered":"Pat\u00e8re ZOO t\u00eate de lapin noire laqu\u00e9e CapVenture"},"content":{"rendered":"<h3>Pat\u00e8re ZOO lapin noir en r\u00e9sine de chez CapVenture<\/h3>\n<p>_x000D_n<strong>1001 Pat\u00e8res<\/strong> vous propose cette jolie <strong>pat\u00e8re Zoo en forme de t\u00eate de lapin noire laqu\u00e9e<\/strong>, sign\u00e9 <strong>CapVenture<\/strong>._x000D_n_x000D_nChez 1001 Pat\u00e8res, trouvez en effet de nombreuses r\u00e9f\u00e9rences de pat\u00e8res et porte manteaux aux styles vari\u00e9s. Gr\u00e2ce \u00e0 ce large choix, 1001 Pat\u00e8res est aujourd&rsquo;hui le <strong>n\u00b01 en France de la vente de pat\u00e8res<\/strong>._x000D_n_x000D_nIci, vous d\u00e9couvrez la marque <strong>CapVenture<\/strong>, venue des Pays Bas. Celle-ci propose un large choix de <strong>t\u00eate d&rsquo;animaux en r\u00e9sine<\/strong>. Chacune permet \u00e0 la fois de <strong>d\u00e9corer avec modernit\u00e9<\/strong>, et de <strong>ranger<\/strong>. C&rsquo;est tout l&rsquo;engagement de 1001 Pat\u00e8res pour chacune de ses r\u00e9f\u00e9rences._x000D_n_x000D_n&nbsp;_x000D_n<\/p>\n<h3>Pat\u00e8re ZOO : t\u00eate de lapin noire laqu\u00e9e<\/h3>\n<p>_x000D_nL&rsquo;ensemble de ces t\u00eates animales sont r\u00e9unies sous forme de collections: <strong>Ferme<\/strong>, <strong>Animaux Sauvages<\/strong> et ici <strong>Zoo<\/strong>._x000D_n_x000D_nCi contre, elle prend donc la forme d&rsquo;une t\u00eate de lapin de couleur noire laqu\u00e9e, mais elle est <strong>aussi disponible en coloris <a href=\"https:\/\/1001pateres.com\/produit\/patere-design-zoo-tete-de-lapin-blanc-laque\/\">blanc laqu\u00e9<\/a><\/strong>._x000D_n_x000D_nPour d\u2019autres t\u00eates d\u2019animaux de la m\u00eame collection, visitez les pages des t\u00eates de <strong>L\u00e9opard,\u00a0Ours brun,\u00a0Faon,\u00a0Loup, et\u00a0Renard.<\/strong> Celles-ci sont disponibles en <strong>couleur unique<\/strong>. Pour d\u2019autres animaux en coloris vari\u00e9s, jetez un oeil aux\u00a0<strong>t\u00eates d\u2019\u00e9l\u00e9phant, de girafe, de cerf et de lapin.<\/strong>_x000D_n_x000D_n&nbsp;_x000D_n<\/p>\n<h3>Quels avantages \u00e0 retenir?<\/h3>\n<p>_x000D_nL&rsquo;avantage de cette collection est donc de pouvoir <strong>d\u00e9multiplier les t\u00eates<\/strong> sur un m\u00eame pan de mur pour cr\u00e9er un v\u00e9ritable univers. Certains de nos clients les choisissent en les personnalisant (ou en les caricaturant) \u00e0 chaque membre de leur famille!_x000D_n_x000D_nQuoiqu&rsquo;il en soit pour les installer, il sera possible de les installer \u00e0 m\u00eame le mur gr\u00e2ce \u00e0 la vis+cheville fournie, ou sur un <a href=\"https:\/\/1001pateres.com\/produit\/trophee-pour-pateres-zoo-capventure\/\">Troph\u00e9e CapVenture<\/a>. \u00a0Pensez juste \u00e0 vous munir d&rsquo;une perceuse._x000D_n_x000D_nEnfin, il sera facile de l&rsquo;int\u00e9grer \u00e0 n&rsquo;importe quel espace tant son utilit\u00e9 s&rsquo;adapte \u00e0 chaque besoin. En effet, cette pat\u00e8re\u00a0est <strong>en r\u00e9sine ultra r\u00e9sistante<\/strong>. Elle permet de supporter des <strong>charges allant jusqu&rsquo;\u00e0 5 kg<\/strong>._x000D_n_x000D_n<strong>Dimensions<\/strong> :_x000D_n<\/p>\n<ul>_x000D_n \t<\/p>\n<li>T\u00eate de lapin : 6 cm X 6 cm<\/li>\n<p>_x000D_n \t<\/p>\n<li>Ecartement du mur : 5 cm<\/li>\n<p>_x000D_n<\/ul>\n","protected":false},"excerpt":{"rendered":"<p>Belle pat\u00e8re design de la s\u00e9rie du ZOO en forme de <strong>t\u00eate de lapin noir<\/strong>\u00a0laqu\u00e9.\u00a0Cette t\u00eate d&rsquo;animal du zoo de la marque <em><strong>CAPVENTURE<\/strong><\/em> est en r\u00e9sine.\u00a0Ce porte-manteau est \u00e0 poser dans la chambre ou dans l&rsquo;entr\u00e9e pour ne plus voir trainer ses affaires.<\/p>\n","protected":false},"featured_media":1334,"comment_status":"closed","ping_status":"open","template":"","meta":[],"product_cat":[16,32],"product_tag":[27],"class_list":["post-236","product","type-product","status-publish","has-post-thumbnail","hentry","product_cat-chambre-enfant","product_cat-entree-sejour","product_tag-crochet-patere-patere-design-patere-murale-patere-porte-pateres-porte-serviette-porte-torchon-vestiaire","description-off"],"_links":{"self":[{"href":"https:\/\/roulettes.vaniseo.top\/index.php\/wp-json\/wp\/v2\/product\/236","targetHints":{"allow":["GET"]}}],"collection":[{"href":"https:\/\/roulettes.vaniseo.top\/index.php\/wp-json\/wp\/v2\/product"}],"about":[{"href":"https:\/\/roulettes.vaniseo.top\/index.php\/wp-json\/wp\/v2\/types\/product"}],"replies":[{"embeddable":true,"href":"https:\/\/roulettes.vaniseo.top\/index.php\/wp-json\/wp\/v2\/comments?post=236"}],"version-history":[{"count":0,"href":"https:\/\/roulettes.vaniseo.top\/index.php\/wp-json\/wp\/v2\/product\/236\/revisions"}],"wp:featuredmedia":[{"embeddable":true,"href":"https:\/\/roulettes.vaniseo.top\/index.php\/wp-json\/wp\/v2\/media\/1334"}],"wp:attachment":[{"href":"https:\/\/roulettes.vaniseo.top\/index.php\/wp-json\/wp\/v2\/media?parent=236"}],"wp:term":[{"taxonomy":"product_cat","embeddable":true,"href":"https:\/\/roulettes.vaniseo.top\/index.php\/wp-json\/wp\/v2\/product_cat?post=236"},{"taxonomy":"product_tag","embeddable":true,"href":"https:\/\/roulettes.vaniseo.top\/index.php\/wp-json\/wp\/v2\/product_tag?post=236"}],"curies":[{"name":"wp","href":"https:\/\/api.w.org\/{rel}","templated":true}]}}