{"id":238,"date":"2022-04-04T16:20:57","date_gmt":"2022-04-04T14:20:57","guid":{"rendered":"https:\/\/roulettes.vaniseo.top\/index.php\/produit\/patere-simple-design-acier-inoxydable-petit-modele\/"},"modified":"2022-04-04T17:18:07","modified_gmt":"2022-04-04T15:18:07","slug":"patere-simple-design-acier-inoxydable-petit-modele","status":"publish","type":"product","link":"https:\/\/roulettes.vaniseo.top\/index.php\/produit\/patere-simple-design-acier-inoxydable-petit-modele\/","title":{"rendered":"pat\u00e8re simple design acier inoxydable petit mod\u00e8le"},"content":{"rendered":"<h4>\u00a0pat\u00e8re simple design acier inoxydable petit mod\u00e8le<\/h4>\n<p>_x000D_nJolie <strong>pat\u00e8re simple<\/strong> design acier inoxydable <em><strong>petit mod\u00e8le<\/strong><\/em> qui peut servir de porte torchon, porte serviette, porte gant._x000D_n_x000D_nCe mod\u00e8le est design et \u00e9pur\u00e9 avec une forme douce et pratique._x000D_n_x000D_nCette pat\u00e8re comporte un crochet et un syst\u00e8me d&rsquo;accrochage avec ses vis et ses chevilles, vis comportant des cache- vis._x000D_n_x000D_nElle s&rsquo;adaptera particuli\u00e8rement dans les pi\u00e8ces humides telle que la salle de bain et apportera une touche de gaiet\u00e9 \u00e0 votre univers._x000D_n_x000D_nElle est facile \u00e0 poser mais n\u00e9cessite une per\u00e7euse pour positionner les chevilles._x000D_n<\/p>\n<h4>Dimensions :<\/h4>\n<p>_x000D_n<\/p>\n<ul>_x000D_n \t<\/p>\n<li>La pat\u00e8re 5,3 cm X 2 cm<\/li>\n<p>_x000D_n \t<\/p>\n<li>\u00e9cartement maxi 3 cm<\/li>\n<p>_x000D_n \t<\/p>\n<li>Vis de 2\u00a0cm<\/li>\n<p>_x000D_n<\/ul>\n","protected":false},"excerpt":{"rendered":"<p>Jolie <strong>pat\u00e8re simple<\/strong> design acier inoxydable <em><strong>petit mod\u00e8le<\/strong><\/em> qui peut servir de porte torchon, porte serviette, porte gant.\u00a0Elle est design et \u00e9pur\u00e9e avec une forme douce et pratique.<\/p>\n","protected":false},"featured_media":1342,"comment_status":"closed","ping_status":"open","template":"","meta":[],"product_cat":[19,20,21,22,17,23],"product_tag":[27],"class_list":["post-238","product","type-product","status-publish","has-post-thumbnail","hentry","product_cat-collectivite","product_cat-cuisine","product_cat-entreprise","product_cat-pro","product_cat-salle-de-bain","product_cat-toilette-wc","product_tag-crochet-patere-patere-design-patere-murale-patere-porte-pateres-porte-serviette-porte-torchon-vestiaire","description-off"],"_links":{"self":[{"href":"https:\/\/roulettes.vaniseo.top\/index.php\/wp-json\/wp\/v2\/product\/238","targetHints":{"allow":["GET"]}}],"collection":[{"href":"https:\/\/roulettes.vaniseo.top\/index.php\/wp-json\/wp\/v2\/product"}],"about":[{"href":"https:\/\/roulettes.vaniseo.top\/index.php\/wp-json\/wp\/v2\/types\/product"}],"replies":[{"embeddable":true,"href":"https:\/\/roulettes.vaniseo.top\/index.php\/wp-json\/wp\/v2\/comments?post=238"}],"version-history":[{"count":0,"href":"https:\/\/roulettes.vaniseo.top\/index.php\/wp-json\/wp\/v2\/product\/238\/revisions"}],"wp:featuredmedia":[{"embeddable":true,"href":"https:\/\/roulettes.vaniseo.top\/index.php\/wp-json\/wp\/v2\/media\/1342"}],"wp:attachment":[{"href":"https:\/\/roulettes.vaniseo.top\/index.php\/wp-json\/wp\/v2\/media?parent=238"}],"wp:term":[{"taxonomy":"product_cat","embeddable":true,"href":"https:\/\/roulettes.vaniseo.top\/index.php\/wp-json\/wp\/v2\/product_cat?post=238"},{"taxonomy":"product_tag","embeddable":true,"href":"https:\/\/roulettes.vaniseo.top\/index.php\/wp-json\/wp\/v2\/product_tag?post=238"}],"curies":[{"name":"wp","href":"https:\/\/api.w.org\/{rel}","templated":true}]}}