{"id":239,"date":"2022-04-04T16:20:57","date_gmt":"2022-04-04T14:20:57","guid":{"rendered":"https:\/\/roulettes.vaniseo.top\/index.php\/produit\/patere-design-tige-salle-de-bain-en-acier-inoxydable\/"},"modified":"2022-04-04T17:18:08","modified_gmt":"2022-04-04T15:18:08","slug":"patere-design-tige-salle-de-bain-en-acier-inoxydable","status":"publish","type":"product","link":"https:\/\/roulettes.vaniseo.top\/index.php\/produit\/patere-design-tige-salle-de-bain-en-acier-inoxydable\/","title":{"rendered":"Pat\u00e8re design tige salle de bain en acier inoxydable"},"content":{"rendered":"<h4>Pat\u00e8re design tige salle de bain en acier inoxydable<\/h4>\n<p>_x000D_nPat\u00e8re design <strong>tige salle de bain<\/strong> en <em><strong>acier inoxydable<\/strong><\/em> pour un usage de porte torchons, porte serviettes, porte gants._x000D_n_x000D_nSa forme est originale\u00a0et \u00e9pur\u00e9e avec un toucher doux et pratique._x000D_n_x000D_nElle comporte une base avec une tige viss\u00e9e de l&rsquo;int\u00e9rieur\u00a0et un syst\u00e8me d&rsquo;accrochage avec sa vis et sa cheville, vis non visible une fois mont\u00e9e._x000D_n_x000D_nCelle-ci s&rsquo;adaptera dans toutes les pi\u00e8ces humides et plus particuli\u00e8rement la salle de bain . De plus elle apportera une touche de gait\u00e9 \u00e0 votre univers._x000D_n_x000D_nCe mod\u00e8le est facile \u00e0 poser mais n\u00e9cessite une per\u00e7euse pour positionner la cheville._x000D_n<\/p>\n<h4>Dimensions :<\/h4>\n<p>_x000D_n<\/p>\n<ul>_x000D_n \t<\/p>\n<li>La tige\u00a04 cm X 1,5 cm de t\u00eate<\/li>\n<p>_x000D_n \t<\/p>\n<li>La base diam\u00e8tre 2,4 cm<\/li>\n<p>_x000D_n \t<\/p>\n<li>Vis de 2,5 cm<\/li>\n<p>_x000D_n<\/ul>\n","protected":false},"excerpt":{"rendered":"<p>Porte-serviette pour <em><strong>salle de bain<\/strong><\/em> en aluminium. Jolie pat\u00e8re design salle de bain <strong>tige acier inoxydable<\/strong> pour un usage de porte torchon, porte serviette, porte gant.\u00a0Elle est originale et \u00e9pur\u00e9e avec une forme douce et pratique.<\/p>\n","protected":false},"featured_media":1346,"comment_status":"closed","ping_status":"open","template":"","meta":[],"product_cat":[19,21,22,17,23],"product_tag":[26],"class_list":["post-239","product","type-product","status-publish","has-post-thumbnail","hentry","product_cat-collectivite","product_cat-entreprise","product_cat-pro","product_cat-salle-de-bain","product_cat-toilette-wc","product_tag-crochet-patere-patere-design-patere-murale-patere-porte-pateres-porte-serviette-porte-torchon","description-off"],"_links":{"self":[{"href":"https:\/\/roulettes.vaniseo.top\/index.php\/wp-json\/wp\/v2\/product\/239","targetHints":{"allow":["GET"]}}],"collection":[{"href":"https:\/\/roulettes.vaniseo.top\/index.php\/wp-json\/wp\/v2\/product"}],"about":[{"href":"https:\/\/roulettes.vaniseo.top\/index.php\/wp-json\/wp\/v2\/types\/product"}],"replies":[{"embeddable":true,"href":"https:\/\/roulettes.vaniseo.top\/index.php\/wp-json\/wp\/v2\/comments?post=239"}],"version-history":[{"count":0,"href":"https:\/\/roulettes.vaniseo.top\/index.php\/wp-json\/wp\/v2\/product\/239\/revisions"}],"wp:featuredmedia":[{"embeddable":true,"href":"https:\/\/roulettes.vaniseo.top\/index.php\/wp-json\/wp\/v2\/media\/1346"}],"wp:attachment":[{"href":"https:\/\/roulettes.vaniseo.top\/index.php\/wp-json\/wp\/v2\/media?parent=239"}],"wp:term":[{"taxonomy":"product_cat","embeddable":true,"href":"https:\/\/roulettes.vaniseo.top\/index.php\/wp-json\/wp\/v2\/product_cat?post=239"},{"taxonomy":"product_tag","embeddable":true,"href":"https:\/\/roulettes.vaniseo.top\/index.php\/wp-json\/wp\/v2\/product_tag?post=239"}],"curies":[{"name":"wp","href":"https:\/\/api.w.org\/{rel}","templated":true}]}}