{"id":24,"date":"2022-04-04T16:20:00","date_gmt":"2022-04-04T14:20:00","guid":{"rendered":"https:\/\/roulettes.vaniseo.top\/index.php\/produit\/porte-torchon-autocollant-acier-inoxydable\/"},"modified":"2022-04-04T17:08:38","modified_gmt":"2022-04-04T15:08:38","slug":"porte-torchon-autocollant-acier-inoxydable","status":"publish","type":"product","link":"https:\/\/roulettes.vaniseo.top\/index.php\/produit\/porte-torchon-autocollant-acier-inoxydable\/","title":{"rendered":"porte torchon autocollant acier inoxydable"},"content":{"rendered":"<h4>Petite pat\u00e8re simple autocollante<\/h4>\n<p>_x000D_n<strong>Porte torchon<\/strong> autocollant acier inoxydable, il se placera id\u00e9alement \u00e0 l&rsquo;int\u00e9rieur des placards ou bien sur le carrelage dans les univers de la cuisine comme de la salle de bain._x000D_n_x000D_nPat\u00e8re pratique et simple id\u00e9ale pour accrocher torchons, maniques, serviettes ou gants._x000D_n_x000D_nAussi, vous pourrez la coller partout o\u00f9 vous en aurez besoin._x000D_n_x000D_nCelle-ci comporte un\u00a0<em><strong>crochet simple<\/strong><\/em> en <em>acier inoxydable<\/em> ainsi qu&rsquo; un syst\u00e8me d&rsquo;accrochage avec un patin autocollant._x000D_n_x000D_nElle s&rsquo;adaptera et apportera une touche de modernit\u00e9\u00a0\u00e0 votre univers._x000D_n_x000D_nCette pat\u00e8re est facile \u00e0 poser._x000D_n<\/p>\n<h4>Dimensions :<\/h4>\n<p>_x000D_n<\/p>\n<ul>_x000D_n \t<\/p>\n<li>La pat\u00e8re 3,5 cm X 1,5 cm<\/li>\n<p>_x000D_n \t<\/p>\n<li>\u00e9cartement maxi 1,5 cm<\/li>\n<p>_x000D_n<\/ul>\n","protected":false},"excerpt":{"rendered":"<p>Jolie petite pat\u00e8re simple autocollante id\u00e9ale pour accrocher torchons, maniques, serviettes ou gants.\u00a0<strong>Porte torchon<\/strong> autocollant, il se placera \u00e0 l&rsquo;int\u00e9rieur des placards ou sur le carrelage dans les univers de la cuisine comme de la <em><strong>salle de bain<\/strong><\/em>.\u00a0Elle est \u00e0 coller partout o\u00f9 vous en avez besoin.<\/p>\n","protected":false},"featured_media":735,"comment_status":"closed","ping_status":"open","template":"","meta":[],"product_cat":[20,17,23],"product_tag":[24],"class_list":["post-24","product","type-product","status-publish","has-post-thumbnail","hentry","product_cat-cuisine","product_cat-salle-de-bain","product_cat-toilette-wc","product_tag-crochet-patere-patere-design-patere-murale-patere-porte-porte-serviette-porte-torchon","description-off"],"_links":{"self":[{"href":"https:\/\/roulettes.vaniseo.top\/index.php\/wp-json\/wp\/v2\/product\/24","targetHints":{"allow":["GET"]}}],"collection":[{"href":"https:\/\/roulettes.vaniseo.top\/index.php\/wp-json\/wp\/v2\/product"}],"about":[{"href":"https:\/\/roulettes.vaniseo.top\/index.php\/wp-json\/wp\/v2\/types\/product"}],"replies":[{"embeddable":true,"href":"https:\/\/roulettes.vaniseo.top\/index.php\/wp-json\/wp\/v2\/comments?post=24"}],"version-history":[{"count":0,"href":"https:\/\/roulettes.vaniseo.top\/index.php\/wp-json\/wp\/v2\/product\/24\/revisions"}],"wp:featuredmedia":[{"embeddable":true,"href":"https:\/\/roulettes.vaniseo.top\/index.php\/wp-json\/wp\/v2\/media\/735"}],"wp:attachment":[{"href":"https:\/\/roulettes.vaniseo.top\/index.php\/wp-json\/wp\/v2\/media?parent=24"}],"wp:term":[{"taxonomy":"product_cat","embeddable":true,"href":"https:\/\/roulettes.vaniseo.top\/index.php\/wp-json\/wp\/v2\/product_cat?post=24"},{"taxonomy":"product_tag","embeddable":true,"href":"https:\/\/roulettes.vaniseo.top\/index.php\/wp-json\/wp\/v2\/product_tag?post=24"}],"curies":[{"name":"wp","href":"https:\/\/api.w.org\/{rel}","templated":true}]}}