{"id":240,"date":"2022-04-04T16:20:57","date_gmt":"2022-04-04T14:20:57","guid":{"rendered":"https:\/\/roulettes.vaniseo.top\/index.php\/produit\/patere-crochet-perpendiculaire-acier-inoxydable\/"},"modified":"2022-04-04T17:18:09","modified_gmt":"2022-04-04T15:18:09","slug":"patere-crochet-perpendiculaire-acier-inoxydable","status":"publish","type":"product","link":"https:\/\/roulettes.vaniseo.top\/index.php\/produit\/patere-crochet-perpendiculaire-acier-inoxydable\/","title":{"rendered":"Pat\u00e8re crochet perpendiculaire acier inoxydable"},"content":{"rendered":"<h4>Pat\u00e8re crochet perpendiculaire acier inoxydable<\/h4>\n<p>_x000D_nPat\u00e8re <strong>crochet perpendiculaire<\/strong>\u00a0<em><strong>acier inoxydable<\/strong><\/em> pouvant servir de porte torchon, porte serviette, porte gant._x000D_n_x000D_nCe mod\u00e8le est originale\u00a0et \u00e9pur\u00e9e avec une forme douce et pratique._x000D_n_x000D_nCette pat\u00e8re comporte un\u00a0crochet perpendiculaire au mur ou au plafond et un syst\u00e8me d&rsquo;accrochage avec deux emplacements pour les vis._x000D_n_x000D_nElle s&rsquo;adaptera \u00e0 toute les pi\u00e8ces humides et particuli\u00e8rement \u00e0 la salle de bain et apportera une touche de gait\u00e9 \u00e0 votre univers._x000D_n_x000D_nElle est facile \u00e0 poser mais n\u00e9cessite des vis et \u00e9ventuellement des chevilles._x000D_n<\/p>\n<h4>Dimensions :<\/h4>\n<p>_x000D_n<\/p>\n<ul>_x000D_n \t<\/p>\n<li>La base\u00a03,5 cm X 1,5 cm<\/li>\n<p>_x000D_n \t<\/p>\n<li>\u00e9cartement maxi 3,1 cm<\/li>\n<p>_x000D_n<\/ul>\n","protected":false},"excerpt":{"rendered":"<p>Pat\u00e8re <strong>crochet perpendiculaire<\/strong>\u00a0<em><strong>acier inoxydable<\/strong><\/em> pouvant servir de porte torchon, porte serviette, porte gant.\u00a0Elle est originale et \u00e9pur\u00e9e avec une forme douce et pratique.<\/p>\n","protected":false},"featured_media":1349,"comment_status":"closed","ping_status":"open","template":"","meta":[],"product_cat":[19,21,22,17,23],"product_tag":[27],"class_list":["post-240","product","type-product","status-publish","has-post-thumbnail","hentry","product_cat-collectivite","product_cat-entreprise","product_cat-pro","product_cat-salle-de-bain","product_cat-toilette-wc","product_tag-crochet-patere-patere-design-patere-murale-patere-porte-pateres-porte-serviette-porte-torchon-vestiaire","description-off"],"_links":{"self":[{"href":"https:\/\/roulettes.vaniseo.top\/index.php\/wp-json\/wp\/v2\/product\/240","targetHints":{"allow":["GET"]}}],"collection":[{"href":"https:\/\/roulettes.vaniseo.top\/index.php\/wp-json\/wp\/v2\/product"}],"about":[{"href":"https:\/\/roulettes.vaniseo.top\/index.php\/wp-json\/wp\/v2\/types\/product"}],"replies":[{"embeddable":true,"href":"https:\/\/roulettes.vaniseo.top\/index.php\/wp-json\/wp\/v2\/comments?post=240"}],"version-history":[{"count":0,"href":"https:\/\/roulettes.vaniseo.top\/index.php\/wp-json\/wp\/v2\/product\/240\/revisions"}],"wp:featuredmedia":[{"embeddable":true,"href":"https:\/\/roulettes.vaniseo.top\/index.php\/wp-json\/wp\/v2\/media\/1349"}],"wp:attachment":[{"href":"https:\/\/roulettes.vaniseo.top\/index.php\/wp-json\/wp\/v2\/media?parent=240"}],"wp:term":[{"taxonomy":"product_cat","embeddable":true,"href":"https:\/\/roulettes.vaniseo.top\/index.php\/wp-json\/wp\/v2\/product_cat?post=240"},{"taxonomy":"product_tag","embeddable":true,"href":"https:\/\/roulettes.vaniseo.top\/index.php\/wp-json\/wp\/v2\/product_tag?post=240"}],"curies":[{"name":"wp","href":"https:\/\/api.w.org\/{rel}","templated":true}]}}