{"id":241,"date":"2022-04-04T16:20:57","date_gmt":"2022-04-04T14:20:57","guid":{"rendered":"https:\/\/roulettes.vaniseo.top\/index.php\/produit\/patere-bois-peint-en-forme-de-petit-herisson-vert\/"},"modified":"2022-04-04T17:18:09","modified_gmt":"2022-04-04T15:18:09","slug":"patere-bois-peint-en-forme-de-petit-herisson-vert","status":"publish","type":"product","link":"https:\/\/roulettes.vaniseo.top\/index.php\/produit\/patere-bois-peint-en-forme-de-petit-herisson-vert\/","title":{"rendered":"Pat\u00e8re bois peint en forme de petit h\u00e9risson vert"},"content":{"rendered":"<h4>Pat\u00e8re bois peint petit h\u00e9risson vert.<\/h4>\n<p>_x000D_nPat\u00e8re <em><strong>bois peint<\/strong><\/em> <strong>petit h\u00e9risson vert<\/strong> \u00e0 large sourire._x000D_n_x000D_nCe mod\u00e8le comporte un crochet et un syst\u00e8me d&rsquo;accrochage au dos en m\u00e9tal._x000D_n_x000D_nSon crochet est compos\u00e9 d&rsquo; un embout form\u00e9 d&rsquo;une petite boule en bois de couleur assortie \u00e0 la pat\u00e8re pour plus de s\u00e9curit\u00e9 et \u00e9vite aussi d&rsquo;endommager les v\u00eatements ._x000D_n_x000D_nLe design est simple et na\u00eff, c&rsquo;est un mod\u00e8le id\u00e9al pour une chambre d\u2019enfant afin de suspendre v\u00eatements, ou autres accessoires._x000D_n_x000D_nElle tient au mur avec le crochet de votre choix._x000D_n<\/p>\n<h4><strong>Dimensions<\/strong>:<\/h4>\n<p>_x000D_n<\/p>\n<ul>_x000D_n \t<\/p>\n<li>h\u00e9risson 7 cm X 5 cm<\/li>\n<p>_x000D_n \t<\/p>\n<li>Avec le crochet Hauteur = 10 cm<\/li>\n<p>_x000D_n \t<\/p>\n<li>Ecartement du mur 4 cm<\/li>\n<p>_x000D_n<\/ul>\n","protected":false},"excerpt":{"rendered":"<p>Pat\u00e8re en <em><strong>bois peint<\/strong><\/em> en forme de <strong>petit h\u00e9risson vert<\/strong>. Ce porte-manteau une fois correctement fix\u00e9 \u00e0 l&rsquo;aide d&rsquo;une perceuse peut supporter un poids de 5 kg environ.Le design est simple et na\u00eff id\u00e9al pour une chambre d\u2019enfant.<\/p>\n","protected":false},"featured_media":1352,"comment_status":"closed","ping_status":"open","template":"","meta":[],"product_cat":[16],"product_tag":[27],"class_list":["post-241","product","type-product","status-publish","has-post-thumbnail","hentry","product_cat-chambre-enfant","product_tag-crochet-patere-patere-design-patere-murale-patere-porte-pateres-porte-serviette-porte-torchon-vestiaire","description-off"],"_links":{"self":[{"href":"https:\/\/roulettes.vaniseo.top\/index.php\/wp-json\/wp\/v2\/product\/241","targetHints":{"allow":["GET"]}}],"collection":[{"href":"https:\/\/roulettes.vaniseo.top\/index.php\/wp-json\/wp\/v2\/product"}],"about":[{"href":"https:\/\/roulettes.vaniseo.top\/index.php\/wp-json\/wp\/v2\/types\/product"}],"replies":[{"embeddable":true,"href":"https:\/\/roulettes.vaniseo.top\/index.php\/wp-json\/wp\/v2\/comments?post=241"}],"version-history":[{"count":0,"href":"https:\/\/roulettes.vaniseo.top\/index.php\/wp-json\/wp\/v2\/product\/241\/revisions"}],"wp:featuredmedia":[{"embeddable":true,"href":"https:\/\/roulettes.vaniseo.top\/index.php\/wp-json\/wp\/v2\/media\/1352"}],"wp:attachment":[{"href":"https:\/\/roulettes.vaniseo.top\/index.php\/wp-json\/wp\/v2\/media?parent=241"}],"wp:term":[{"taxonomy":"product_cat","embeddable":true,"href":"https:\/\/roulettes.vaniseo.top\/index.php\/wp-json\/wp\/v2\/product_cat?post=241"},{"taxonomy":"product_tag","embeddable":true,"href":"https:\/\/roulettes.vaniseo.top\/index.php\/wp-json\/wp\/v2\/product_tag?post=241"}],"curies":[{"name":"wp","href":"https:\/\/api.w.org\/{rel}","templated":true}]}}