{"id":242,"date":"2022-04-04T16:20:57","date_gmt":"2022-04-04T14:20:57","guid":{"rendered":"https:\/\/roulettes.vaniseo.top\/index.php\/produit\/porte-manteau-porte-chapeau-rustique-vieilli\/"},"modified":"2022-04-04T17:18:10","modified_gmt":"2022-04-04T15:18:10","slug":"porte-manteau-porte-chapeau-rustique-vieilli","status":"publish","type":"product","link":"https:\/\/roulettes.vaniseo.top\/index.php\/produit\/porte-manteau-porte-chapeau-rustique-vieilli\/","title":{"rendered":"Porte-manteau porte-chapeau rustique vieilli"},"content":{"rendered":"<h4>Porte-manteau porte-chapeau rustique vieilli<\/h4>\n<p>_x000D_nPorte-manteau porte-chapeau <em><strong>rustique vieilli<\/strong><\/em> en alliage de zinc\u00a0qui peut servir de porte-\u00e9charpe ou porte-v\u00eatement._x000D_n_x000D_nCe mod\u00e8le est de <strong>couleur bronze<\/strong>\u00a0avec une forme douce et pratique._x000D_n_x000D_nIl comporte deux accroches simples et un syst\u00e8me d&rsquo;accrochage avec deux emplacements pour des vis fournies._x000D_n_x000D_nSon design s&rsquo;adaptera facilement \u00e0 toute d\u00e9coration int\u00e9rieure et \u00a0il saura se faire discret mais indispensable._x000D_n_x000D_nIl est facile \u00e0 poser mais n\u00e9cessite un tournevis._x000D_n<\/p>\n<h4>Dimensions :<\/h4>\n<p>_x000D_n<\/p>\n<ul>_x000D_n \t<\/p>\n<li>La base de la pat\u00e8re est de dimensions 2,5 cm X 4,2 cm<\/li>\n<p>_x000D_n \t<\/p>\n<li>Ecartement du mur du crochet bas 4,2 cm, \u00e9cartement du mur du crochet haut 5,8 cm<\/li>\n<p>_x000D_n \t<\/p>\n<li>Longueur des vis fournies 1 cm.<\/li>\n<p>_x000D_n<\/ul>\n","protected":false},"excerpt":{"rendered":"<p><em><strong>Porte-manteau double<\/strong><\/em> porte-chapeau rustique en alliage de zinc qui peut servir de porte-\u00e9charpe ou porte-v\u00eatement.\u00a0Il est de <strong>couleur bronze<\/strong> avec une forme douce et pratique. Facile \u00e0 poser, cette pat\u00e8re saura se rendre indispensable pour ranger les v\u00eatements qui trainent dans la maison.<\/p>\n","protected":false},"featured_media":1355,"comment_status":"closed","ping_status":"open","template":"","meta":[],"product_cat":[19,32,21,22],"product_tag":[37],"class_list":["post-242","product","type-product","status-publish","has-post-thumbnail","hentry","product_cat-collectivite","product_cat-entree-sejour","product_cat-entreprise","product_cat-pro","product_tag-crochet-patere-patere-design-patere-murale-patere-porte-pateres-porte-chapeau-porte-serviette-porte-torchon-vestiaire","description-off"],"_links":{"self":[{"href":"https:\/\/roulettes.vaniseo.top\/index.php\/wp-json\/wp\/v2\/product\/242","targetHints":{"allow":["GET"]}}],"collection":[{"href":"https:\/\/roulettes.vaniseo.top\/index.php\/wp-json\/wp\/v2\/product"}],"about":[{"href":"https:\/\/roulettes.vaniseo.top\/index.php\/wp-json\/wp\/v2\/types\/product"}],"replies":[{"embeddable":true,"href":"https:\/\/roulettes.vaniseo.top\/index.php\/wp-json\/wp\/v2\/comments?post=242"}],"version-history":[{"count":0,"href":"https:\/\/roulettes.vaniseo.top\/index.php\/wp-json\/wp\/v2\/product\/242\/revisions"}],"wp:featuredmedia":[{"embeddable":true,"href":"https:\/\/roulettes.vaniseo.top\/index.php\/wp-json\/wp\/v2\/media\/1355"}],"wp:attachment":[{"href":"https:\/\/roulettes.vaniseo.top\/index.php\/wp-json\/wp\/v2\/media?parent=242"}],"wp:term":[{"taxonomy":"product_cat","embeddable":true,"href":"https:\/\/roulettes.vaniseo.top\/index.php\/wp-json\/wp\/v2\/product_cat?post=242"},{"taxonomy":"product_tag","embeddable":true,"href":"https:\/\/roulettes.vaniseo.top\/index.php\/wp-json\/wp\/v2\/product_tag?post=242"}],"curies":[{"name":"wp","href":"https:\/\/api.w.org\/{rel}","templated":true}]}}