{"id":243,"date":"2022-04-04T16:20:57","date_gmt":"2022-04-04T14:20:57","guid":{"rendered":"https:\/\/roulettes.vaniseo.top\/index.php\/produit\/patere-crochet-pour-seche-serviettes-couleur-aluminium-lot-de-2\/"},"modified":"2022-04-04T17:18:11","modified_gmt":"2022-04-04T15:18:11","slug":"patere-crochet-pour-seche-serviettes-couleur-aluminium-lot-de-2","status":"publish","type":"product","link":"https:\/\/roulettes.vaniseo.top\/index.php\/produit\/patere-crochet-pour-seche-serviettes-couleur-aluminium-lot-de-2\/","title":{"rendered":"Pat\u00e8re crochet pour s\u00e8che-serviettes couleur aluminium (lot de 2)"},"content":{"rendered":"<h4>Pat\u00e8res \u00e0 poser\u00a0pour s\u00e8che-serviettes aluminium.<\/h4>\n<p>_x000D_nPat\u00e8re crochet pour <em><strong>s\u00e8che-serviettes<\/strong><\/em> couleur aluminium._x000D_n_x000D_nTout d&rsquo;abord, ce mod\u00e8le de pat\u00e8re crochet pour s\u00e8che-serviettes aluminium de la marque <strong>WENKO<\/strong>\u00a0se vend par lot de 2._x000D_n_x000D_nAussi, cette pat\u00e8re en forme de crochet pour s\u00e8che-serviettes est originale ;_x000D_n_x000D_nElle est d&rsquo;une utilit\u00e9 pratique avec une forme douce qui n&rsquo;abimera pas les serviettes ou peignoirs._x000D_n_x000D_nSa composition est en plastique, sa couleur peut \u00eatre la m\u00eame que le s\u00e8che-serviettes\u00a0et elle s&rsquo;adapte parfaitement aux tubes des radiateurs s\u00e8che-serviettes des salles de bain._x000D_n_x000D_nElle apportera un gain de place et un confort \u00e0 votre univers. Les serviettes ou peignoirs seront toujours secs et correctement rang\u00e9s._x000D_n_x000D_nEnfin, elle est juste \u00e0 poser sur les tubes des radiateurs et elle est vendue par paire._x000D_n<\/p>\n<h4>Dimension:<\/h4>\n<p>_x000D_n<\/p>\n<ul>_x000D_n \t<\/p>\n<li>2,5 cm X 7 cm X 10,5 cm.<\/li>\n<p>_x000D_n<\/ul>\n","protected":false},"excerpt":{"rendered":"<p>Pat\u00e8re \u00e0 poser\u00a0pour <em><strong>s\u00e8che-serviettes<\/strong><\/em> de couleur aluminium et de marque <strong>WENKO par lot de 2<\/strong>.\u00a0Elle est originale avec une forme douce et pratique qui n&rsquo;abimera pas les serviettes.\u00a0Elle est en plastique de couleur aluminium et s&rsquo;adapte parfaitement aux tubes des radiateurs s\u00e8che-serviettes des salle de bain.<\/p>\n","protected":false},"featured_media":1359,"comment_status":"closed","ping_status":"open","template":"","meta":[],"product_cat":[17],"product_tag":[27],"class_list":["post-243","product","type-product","status-publish","has-post-thumbnail","hentry","product_cat-salle-de-bain","product_tag-crochet-patere-patere-design-patere-murale-patere-porte-pateres-porte-serviette-porte-torchon-vestiaire","description-off"],"_links":{"self":[{"href":"https:\/\/roulettes.vaniseo.top\/index.php\/wp-json\/wp\/v2\/product\/243","targetHints":{"allow":["GET"]}}],"collection":[{"href":"https:\/\/roulettes.vaniseo.top\/index.php\/wp-json\/wp\/v2\/product"}],"about":[{"href":"https:\/\/roulettes.vaniseo.top\/index.php\/wp-json\/wp\/v2\/types\/product"}],"replies":[{"embeddable":true,"href":"https:\/\/roulettes.vaniseo.top\/index.php\/wp-json\/wp\/v2\/comments?post=243"}],"version-history":[{"count":0,"href":"https:\/\/roulettes.vaniseo.top\/index.php\/wp-json\/wp\/v2\/product\/243\/revisions"}],"wp:featuredmedia":[{"embeddable":true,"href":"https:\/\/roulettes.vaniseo.top\/index.php\/wp-json\/wp\/v2\/media\/1359"}],"wp:attachment":[{"href":"https:\/\/roulettes.vaniseo.top\/index.php\/wp-json\/wp\/v2\/media?parent=243"}],"wp:term":[{"taxonomy":"product_cat","embeddable":true,"href":"https:\/\/roulettes.vaniseo.top\/index.php\/wp-json\/wp\/v2\/product_cat?post=243"},{"taxonomy":"product_tag","embeddable":true,"href":"https:\/\/roulettes.vaniseo.top\/index.php\/wp-json\/wp\/v2\/product_tag?post=243"}],"curies":[{"name":"wp","href":"https:\/\/api.w.org\/{rel}","templated":true}]}}